{"id":14957,"date":"2024-04-12T14:44:45","date_gmt":"2024-04-12T12:44:45","guid":{"rendered":"https:\/\/proterm.md\/?post_type=product&#038;p=14957"},"modified":"2025-05-30T14:01:54","modified_gmt":"2025-05-30T12:01:54","slug":"robinet-bila-fiv-3-4","status":"publish","type":"product","link":"https:\/\/proterm.md\/ro\/product\/robinet-bila-fiv-3-4\/","title":{"rendered":"Robinet bila FIV 3\/4&#8243; MM"},"content":{"rendered":"<p>Articolele sanitare FIV sunt un adev\u0103rat obiect sanitar italian fabricat pentru pia\u021ba european\u0103. Robinetii de \u00eenchidere FIV sunt \u00een afara concuren\u021bei cu alte m\u0103rci de produc\u0103tor: corpul \u0219i bil\u0103 din alam\u0103, grosimea peretelui \u0219i greutatea garanteaz\u0103 cea mai lung\u0103 durat\u0103 de via\u021b\u0103 a tuturor produc\u0103torilor.<\/p>","protected":false},"excerpt":{"rendered":"<p>Inchidere &#8211; bil\u0103<br \/>\nDiametrul &#8211; \u00d8 3\/4&#8243; MM<br \/>\nPresiune maxima de lucru &#8211; 10 bar<br \/>\nTemperatura maxima de lucru &#8211; 160 \u00b0C<br \/>\nMediu de lucru &#8211; ap\u0103<br \/>\nTip racordare &#8211; filetat<br \/>\nTip conexiune &#8211; exterior-exterior<br \/>\nMaterial\u00a0 &#8211; alama<br \/>\nPlacare &#8211; nichel-crom<br \/>\nProducator &#8211; F.I.V.<br \/>\nTara de origine &#8211; Italia<\/p>\n","protected":false},"featured_media":14958,"template":"","meta":{"_joinchat":[]},"product_brand":[],"product_cat":[540],"product_tag":[411],"class_list":{"0":"post-14957","1":"product","2":"type-product","3":"status-publish","4":"has-post-thumbnail","6":"product_cat-robinet_apa","7":"product_tag-fiv","8":"pa_brand-fiv-emmeti","9":"pa_filet-3-4","10":"pa_thread-type-outside","12":"first","13":"instock","14":"shipping-taxable","15":"product-type-simple"},"_links":{"self":[{"href":"https:\/\/proterm.md\/ro\/wp-json\/wp\/v2\/product\/14957","targetHints":{"allow":["GET"]}}],"collection":[{"href":"https:\/\/proterm.md\/ro\/wp-json\/wp\/v2\/product"}],"about":[{"href":"https:\/\/proterm.md\/ro\/wp-json\/wp\/v2\/types\/product"}],"wp:featuredmedia":[{"embeddable":true,"href":"https:\/\/proterm.md\/ro\/wp-json\/wp\/v2\/media\/14958"}],"wp:attachment":[{"href":"https:\/\/proterm.md\/ro\/wp-json\/wp\/v2\/media?parent=14957"}],"wp:term":[{"taxonomy":"product_brand","embeddable":true,"href":"https:\/\/proterm.md\/ro\/wp-json\/wp\/v2\/product_brand?post=14957"},{"taxonomy":"product_cat","embeddable":true,"href":"https:\/\/proterm.md\/ro\/wp-json\/wp\/v2\/product_cat?post=14957"},{"taxonomy":"product_tag","embeddable":true,"href":"https:\/\/proterm.md\/ro\/wp-json\/wp\/v2\/product_tag?post=14957"}],"curies":[{"name":"wp","href":"https:\/\/api.w.org\/{rel}","templated":true}]}}