{"id":14967,"date":"2026-02-17T14:29:20","date_gmt":"2026-02-17T12:29:20","guid":{"rendered":"https:\/\/proterm.md\/?post_type=product&#038;p=14967"},"modified":"2026-02-17T14:29:20","modified_gmt":"2026-02-17T12:29:20","slug":"%d0%ba%d1%80%d0%b0%d0%bd-%d0%bc%d0%b0%d0%b5%d0%b2%d1%81%d0%ba%d0%be%d0%b3%d0%be","status":"publish","type":"product","link":"https:\/\/proterm.md\/ro\/product\/%d0%ba%d1%80%d0%b0%d0%bd-%d0%bc%d0%b0%d0%b5%d0%b2%d1%81%d0%ba%d0%be%d0%b3%d0%be\/","title":{"rendered":"Robinetul Mayevsky"},"content":{"rendered":"<p>Robinetul Mayevsky este un dispozitiv pentru eliberarea aerului din radiatoarele de \u00eenc\u0103lzire central\u0103 a apei. Se deschide cu o cheie special\u0103 sau o \u0219urubelni\u021b\u0103. Un alt nume pentru macaraua Mayevsky este o supap\u0103 de aerisire.<\/p>\n<p>\u00cen timpul procesului de completare a lichidului de r\u0103cire, o anumit\u0103 cantitate de aer dizolvat \u00een ap\u0103 p\u0103trunde \u00een sistemul de \u00eenc\u0103lzire. Uneori, aceast\u0103 cantitate poate fi mai mare de 30 g\/t, iar aerul poate fi eliberat sub form\u0103 de bule. Aerul acumulat poate crea buzunare de aer, \u00eempiedic\u00e2nd circula\u021bia lichidului de r\u0103cire. Prezen\u021ba anumitor metale (de exemplu, aluminiu) \u00een sistemul de \u00eenc\u0103lzire favorizeaz\u0103 eliberarea hidrogenului din ap\u0103.<\/p>\n<p>Robinetul Mayevsky este proiectat \u00een a\u0219a fel \u00eenc\u00e2t este dificil s\u0103 \u00eel deschide\u021bi f\u0103r\u0103 unelte speciale \u0219i este incomod s\u0103 lua\u021bi ap\u0103 din el.<\/p>","protected":false},"excerpt":{"rendered":"<p>Diametru \u00d8 1\/2M<br \/>\nMaterial &#8211; o\u021bel \u0219i plastic<br \/>\nTemperatura pana la 120 \u00b0C<\/p>\n","protected":false},"featured_media":14968,"template":"","meta":{"_joinchat":[]},"product_brand":[],"product_cat":[104,176,103,72],"product_tag":[],"class_list":{"0":"post-14967","1":"product","2":"type-product","3":"status-publish","4":"has-post-thumbnail","6":"product_cat-radiatoare-aluminiu","7":"product_cat-radiatoare_bimetal","8":"product_cat-radiatoare_otel","9":"product_cat-robineti_radiatoare","10":"pa_diametru-1-2","11":"pa_thread-type-outside","13":"first","14":"instock","15":"shipping-taxable","16":"product-type-simple"},"_links":{"self":[{"href":"https:\/\/proterm.md\/ro\/wp-json\/wp\/v2\/product\/14967","targetHints":{"allow":["GET"]}}],"collection":[{"href":"https:\/\/proterm.md\/ro\/wp-json\/wp\/v2\/product"}],"about":[{"href":"https:\/\/proterm.md\/ro\/wp-json\/wp\/v2\/types\/product"}],"wp:featuredmedia":[{"embeddable":true,"href":"https:\/\/proterm.md\/ro\/wp-json\/wp\/v2\/media\/14968"}],"wp:attachment":[{"href":"https:\/\/proterm.md\/ro\/wp-json\/wp\/v2\/media?parent=14967"}],"wp:term":[{"taxonomy":"product_brand","embeddable":true,"href":"https:\/\/proterm.md\/ro\/wp-json\/wp\/v2\/product_brand?post=14967"},{"taxonomy":"product_cat","embeddable":true,"href":"https:\/\/proterm.md\/ro\/wp-json\/wp\/v2\/product_cat?post=14967"},{"taxonomy":"product_tag","embeddable":true,"href":"https:\/\/proterm.md\/ro\/wp-json\/wp\/v2\/product_tag?post=14967"}],"curies":[{"name":"wp","href":"https:\/\/api.w.org\/{rel}","templated":true}]}}