{"id":14985,"date":"2024-04-23T14:50:26","date_gmt":"2024-04-23T12:50:26","guid":{"rendered":"https:\/\/proterm.md\/?post_type=product&#038;p=14985"},"modified":"2025-05-30T12:07:56","modified_gmt":"2025-05-30T10:07:56","slug":"grup-amestec-tivoli","status":"publish","type":"product","link":"https:\/\/proterm.md\/ro\/product\/grup-amestec-tivoli\/","title":{"rendered":"Grup amestec Tivoli"},"content":{"rendered":"<p>Grup amestec Tivoli este proiectat pentru sistemele de \u00eenc\u0103lzire prin pardoseal\u0103 \u0219i pentru conectarea la galeriile de distribu\u021bie. Grupul de pompare este responsabil de men\u021binerea unei temperaturi stabile a apei \u0219i de circula\u021bia continu\u0103 a acesteia. Temperatura este reglat\u0103 prin simpla rotire a butonului de control.<\/p>\n<p>Kit-ul de amestec Tivoli\u00a0 sunt proiectate pentru a crea un circuit de circula\u021bie deschis \u00een sistemul de \u00eenc\u0103lzire al cl\u0103dirilor cu temperaturi sc\u0103zute ale lichidului de r\u0103cire. Instalat \u00een grupul colector al circuitului de joas\u0103 temperatur\u0103. Se conecteaz\u0103 la circuitul de temperatur\u0103 ridicat\u0103 al sistemului de \u00eenc\u0103lzire.<\/p>\n<p>&nbsp;<\/p>","protected":false},"excerpt":{"rendered":"<p>Grup amestec Tivoli UC1606\/1606A, pentru incalzire in pardoseala cu agent termic.<br \/>\n<strong>Grup de amestec cu conectari la apeduct 1&#8243;MM &#8211; cod produs UC1606<br \/>\nGrup de amestec cu conectari la apeduct 1&#8243;FF &#8211; cod produs UC1606A<\/strong><br \/>\nPurt\u0103tor de c\u0103ldur\u0103 \u2013 ap\u0103 sau amestecuri ap\u0103-glicol<br \/>\nPresiune static\u0103 maxim\u0103 de lucru \u2013 10 bar<br \/>\nTemperatura maxim\u0103 a circuitului primar \u2013 90 \u00b0C<br \/>\nIntervalul termometrului \u2013 0\u2013120 \u00b0C<br \/>\nSenzor capilar submersibil (temperatura este m\u0103surat\u0103 cu ajutorul unui senzor de la distan\u021b\u0103, care este instalat \u00een partea superioar\u0103 a carcasei)<br \/>\nDomeniul de reglare al capului termic cu senzor de imersie de la distan\u021b\u0103: 20\u201360\u00b0C<br \/>\nMaterial (carcasa superioar\u0103 \u0219i inferioar\u0103) \u2013 alam\u0103 CW617N<br \/>\nDiametrul de conectare al conexiunii la colector \u2013 1\u2033<br \/>\nDiametrul de conectare al pompei de circula\u021bie<br \/>\n1 1\/2\u2033<br \/>\nFilet de conectare al capului termic cu un senzor de imersie extern \u2013 M30x1,5 mm<br \/>\nCarcasa inferioar\u0103 con\u021bine un bypass cu un interval de setare de la 0 la 5. Este situat pe partea din apropierea capului termic.<\/p>\n<p>Importator &#8211; ProTerm Grup, Chisinau, str. Nadejda Russo, 2\/4, MD2024<\/p>\n","protected":false},"featured_media":15155,"template":"","meta":{"_joinchat":[]},"product_brand":[],"product_cat":[687],"product_tag":[2353],"class_list":{"0":"post-14985","1":"product","2":"type-product","3":"status-publish","4":"has-post-thumbnail","6":"product_cat-grup-amestec","7":"product_tag-tivoli","8":"pa_brand-tivoli","9":"pa_diametru-510","10":"pa_diametru-1x1-2","11":"pa_heating-type-for-underfloor-heating","13":"first","14":"instock","15":"shipping-taxable","16":"product-type-simple"},"_links":{"self":[{"href":"https:\/\/proterm.md\/ro\/wp-json\/wp\/v2\/product\/14985","targetHints":{"allow":["GET"]}}],"collection":[{"href":"https:\/\/proterm.md\/ro\/wp-json\/wp\/v2\/product"}],"about":[{"href":"https:\/\/proterm.md\/ro\/wp-json\/wp\/v2\/types\/product"}],"wp:featuredmedia":[{"embeddable":true,"href":"https:\/\/proterm.md\/ro\/wp-json\/wp\/v2\/media\/15155"}],"wp:attachment":[{"href":"https:\/\/proterm.md\/ro\/wp-json\/wp\/v2\/media?parent=14985"}],"wp:term":[{"taxonomy":"product_brand","embeddable":true,"href":"https:\/\/proterm.md\/ro\/wp-json\/wp\/v2\/product_brand?post=14985"},{"taxonomy":"product_cat","embeddable":true,"href":"https:\/\/proterm.md\/ro\/wp-json\/wp\/v2\/product_cat?post=14985"},{"taxonomy":"product_tag","embeddable":true,"href":"https:\/\/proterm.md\/ro\/wp-json\/wp\/v2\/product_tag?post=14985"}],"curies":[{"name":"wp","href":"https:\/\/api.w.org\/{rel}","templated":true}]}}