{"id":15016,"date":"2024-04-24T12:12:52","date_gmt":"2024-04-24T10:12:52","guid":{"rendered":"https:\/\/proterm.md\/?post_type=product&#038;p=15016"},"modified":"2025-05-30T12:07:56","modified_gmt":"2025-05-30T10:07:56","slug":"colector-complect-echipat","status":"publish","type":"product","link":"https:\/\/proterm.md\/ro\/product\/colector-complect-echipat\/","title":{"rendered":"Colector complect echipat"},"content":{"rendered":"<p>Grupul colector asamblat este un dispozitiv complex utilizat \u00een sistemele de \u00eenc\u0103lzire \u0219i alimentare cu ap\u0103. Acesta \u00eendepline\u0219te urm\u0103toarele func\u021bii:<\/p>\n<p>Distribu\u021bia \u0219i reglarea fluxului de mediu:<br \/>\nGrupul colector are mai multe ie\u0219iri la care se conecteaz\u0103 consumatorii individuali (radiatoare, podea \u00eenc\u0103lzit\u0103, aparate sanitare).<br \/>\nSupapele de reglare de pe colector permit echilibrarea fluxului \u00een fiecare linie.<br \/>\nControlul temperaturii:<br \/>\nColectorul poate fi echipat cu capace termostatice, care regleaz\u0103 temperatura \u00een fiecare zon\u0103 de \u00eenc\u0103lzire.<br \/>\nMontarea si intretinerea:<br \/>\nColectoarele sunt instalate \u00eentr-un singur punct, ceea ce faciliteaz\u0103 conectarea \u0219i \u00eentre\u021binerea sistemului.<br \/>\nDe asemenea, ele permit evitarea re\u021belelor de conducte complexe.<br \/>\nControlul \u0219i m\u0103surarea parametrilor:<br \/>\nPe colector pot fi montate manometre \u0219i termometre pentru a controla presiunea \u0219i temperatura \u00een sistem.<br \/>\nAvantajele utiliz\u0103rii grupului colector:<\/p>\n<p>Distribu\u021bie eficient\u0103 a c\u0103ldurii \u0219i apei.<br \/>\nU\u0219urin\u021ba montajului \u0219i \u00eentre\u021binerii.<br \/>\nPosibilitatea de ajustare individual\u0103 a fiec\u0103rei zone de \u00eenc\u0103lzire.<\/p>","protected":false},"excerpt":{"rendered":"<p>Tip produs \u2013 Colector complet echipat cu dozator, robinet scurgere si dop<br \/>\nDomeniu de aplicare \u2013 \u00cenc\u0103lzire \u00een pardoseal\u0103, \u00eenc\u0103lzire<br \/>\nMaterial \u2013 alam\u0103 cromata<br \/>\nDiametru de iesire 3\/4\u2033 eurocon<br \/>\nDezaerator (120\u00b0C \/ 10bar)<br \/>\nDebitmetre (0-5 Litri\/min)<br \/>\nRobinet scurgere<br \/>\nDop (\u00d8 1\u2033M)<br \/>\nFilet : \u00d8 1\u2033F<br \/>\nSupoarte (2 buc)<br \/>\nCod produs 20005<\/p>\n","protected":false},"featured_media":15017,"template":"","meta":{"_joinchat":[]},"product_brand":[],"product_cat":[112],"product_tag":[2317],"class_list":{"0":"post-15016","1":"product","2":"type-product","3":"status-publish","4":"has-post-thumbnail","6":"product_cat-colectoare-distribuitoare","7":"product_tag-ape-racorderie","8":"pa_number-of-exits-489","9":"pa_number-of-exits-488","10":"pa_number-of-exits-498","11":"pa_number-of-exits-487","13":"first","14":"instock","15":"shipping-taxable","16":"product-type-variable","17":"has-default-attributes"},"_links":{"self":[{"href":"https:\/\/proterm.md\/ro\/wp-json\/wp\/v2\/product\/15016","targetHints":{"allow":["GET"]}}],"collection":[{"href":"https:\/\/proterm.md\/ro\/wp-json\/wp\/v2\/product"}],"about":[{"href":"https:\/\/proterm.md\/ro\/wp-json\/wp\/v2\/types\/product"}],"wp:featuredmedia":[{"embeddable":true,"href":"https:\/\/proterm.md\/ro\/wp-json\/wp\/v2\/media\/15017"}],"wp:attachment":[{"href":"https:\/\/proterm.md\/ro\/wp-json\/wp\/v2\/media?parent=15016"}],"wp:term":[{"taxonomy":"product_brand","embeddable":true,"href":"https:\/\/proterm.md\/ro\/wp-json\/wp\/v2\/product_brand?post=15016"},{"taxonomy":"product_cat","embeddable":true,"href":"https:\/\/proterm.md\/ro\/wp-json\/wp\/v2\/product_cat?post=15016"},{"taxonomy":"product_tag","embeddable":true,"href":"https:\/\/proterm.md\/ro\/wp-json\/wp\/v2\/product_tag?post=15016"}],"curies":[{"name":"wp","href":"https:\/\/api.w.org\/{rel}","templated":true}]}}