{"id":15023,"date":"2024-04-24T15:33:48","date_gmt":"2024-04-24T13:33:48","guid":{"rendered":"https:\/\/proterm.md\/?post_type=product&#038;p=15023"},"modified":"2025-05-30T12:07:56","modified_gmt":"2025-05-30T10:07:56","slug":"colector-dozator-cu-debitmetru","status":"publish","type":"product","link":"https:\/\/proterm.md\/ro\/product\/colector-dozator-cu-debitmetru\/","title":{"rendered":"Colector cu debitmetru \u0219i dozator FIV"},"content":{"rendered":"<p>Distribuitorul de \u00eenc\u0103lzire prin pardoseal\u0103 FIV este proiectat pentru distribu\u021bia, echilibrarea \u0219i reglarea debitului \u0219i a temperaturii apei \u00een sistemele de \u00eenc\u0103lzire prin pardoseal\u0103. Debitmetrele pot fi, de asemenea, utilizate pentru a regla debitul \u00een fiecare circuit individual al sistemului. FIV este format din: un colector de alimentare din alam\u0103 cu debitmetre (interval de la 0,5 la 5 l\/min), un colector de retur din alam\u0103 cu supape termostatice de echilibrare, care, dac\u0103 se dore\u0219te, poate fi \u00eenlocuit cu un servomotor suplimentar \u0219i dou\u0103 robinete cu aer. gurile de aerisire. Colectorii sunt monta\u021bi pe console cu inser\u021bii anti-vibra\u021bii care absorb zgomot.<\/p>","protected":false},"excerpt":{"rendered":"<p>Conexiuni  1&#8243;F<br \/>\nConexiuni de ramifica\u021bie 24&#215;19 sau 3\/4 inch Eurocone<br \/>\nDistan\u021ba dintre centre 50 mm<br \/>\nTERMENI DE UTILIZARE<br \/>\nTemperatura maxima de functionare: +110\u00b0C (+90\u00b0C cu senzori).<br \/>\nPresiune maxim\u0103 de lucru: 10 bar (6 bar cu manometre).<br \/>\nCuloare &#8211; crom<br \/>\nDomeniul de aplicare: Pardoseli calde, \u00eenc\u0103lzire.<br \/>\nTara de origine: Italia.<br \/>\nProducator \u2013 F.I.V.<\/p>\n","protected":false},"featured_media":15036,"template":"","meta":{"_joinchat":[]},"product_brand":[],"product_cat":[112],"product_tag":[411],"class_list":{"0":"post-15023","1":"product","2":"type-product","3":"status-publish","4":"has-post-thumbnail","6":"product_cat-colectoare-distribuitoare","7":"product_tag-fiv","8":"pa_brand-fiv-emmeti","9":"pa_number-of-exits-481","10":"pa_number-of-exits-486","11":"pa_number-of-exits-488","12":"pa_number-of-exits-487","14":"first","15":"instock","16":"shipping-taxable","17":"product-type-variable","18":"has-default-attributes"},"_links":{"self":[{"href":"https:\/\/proterm.md\/ro\/wp-json\/wp\/v2\/product\/15023","targetHints":{"allow":["GET"]}}],"collection":[{"href":"https:\/\/proterm.md\/ro\/wp-json\/wp\/v2\/product"}],"about":[{"href":"https:\/\/proterm.md\/ro\/wp-json\/wp\/v2\/types\/product"}],"wp:featuredmedia":[{"embeddable":true,"href":"https:\/\/proterm.md\/ro\/wp-json\/wp\/v2\/media\/15036"}],"wp:attachment":[{"href":"https:\/\/proterm.md\/ro\/wp-json\/wp\/v2\/media?parent=15023"}],"wp:term":[{"taxonomy":"product_brand","embeddable":true,"href":"https:\/\/proterm.md\/ro\/wp-json\/wp\/v2\/product_brand?post=15023"},{"taxonomy":"product_cat","embeddable":true,"href":"https:\/\/proterm.md\/ro\/wp-json\/wp\/v2\/product_cat?post=15023"},{"taxonomy":"product_tag","embeddable":true,"href":"https:\/\/proterm.md\/ro\/wp-json\/wp\/v2\/product_tag?post=15023"}],"curies":[{"name":"wp","href":"https:\/\/api.w.org\/{rel}","templated":true}]}}