{"id":15053,"date":"2024-04-26T12:45:11","date_gmt":"2024-04-26T10:45:11","guid":{"rendered":"https:\/\/proterm.md\/?post_type=product&#038;p=15053"},"modified":"2026-04-06T13:58:40","modified_gmt":"2026-04-06T11:58:40","slug":"grup-de-pompare-cu-servomotor","status":"publish","type":"product","link":"https:\/\/proterm.md\/ro\/product\/grup-de-pompare-cu-servomotor\/","title":{"rendered":"Grup de pompare cu servomotor  UC 1623"},"content":{"rendered":"<div class=\"wpb-content-wrapper\"><p>[vc_row][vc_column][vc_column_text text_larger=&#8221;no&#8221;]Grupul de pompe este\u00a0 conceput pentru a regla debitul de lichid de r\u0103cire \u00eentr-un circuit de \u00eenc\u0103lzire separat. Men\u021bine temperatura lichidului la un anumit nivel.<\/p>\n<p>Scopul grupului de pompare:<\/p>\n<p>Men\u021binerea temperaturii necesare \u00eentr-un circuit separat.<br \/>\nEliminarea fluctua\u021biilor de temperatur\u0103 \u0219i barice \u00een ramurile de \u00eenc\u0103lzire.<br \/>\nProtec\u021bia cazanelor de \u00eenc\u0103lzire \u00eempotriva condensului \u0219i a temperaturilor sc\u0103zute pe retur.<br \/>\nConsum eficient de energie \u0219i economii de \u00eenc\u0103lzire.<\/p>\n<p>Grupurile de pompare v\u0103 permit s\u0103 optimiza\u021bi func\u021bionarea echipamentelor \u00een circuite cu parametri diferi\u021bi ai lichidului de r\u0103cire \u0219i s\u0103 efectua\u021bi conducte competente a dou\u0103 surse de c\u0103ldur\u0103.[\/vc_column_text][\/vc_column][\/vc_row]<\/p>\n<\/div>","protected":false},"excerpt":{"rendered":"<p><strong>Grup de pompare cu servomotor, f\u0103r\u0103 pomp\u0103, cu\u00a0 izolatie UC1623<\/strong><\/p>\n<p>Temperatura maxima de functionare: 90 \u00b0C<br \/>\nPresiune maxim\u0103 de lucru: 10 bar<br \/>\nRacorduri filetate: ISO 228-1<br \/>\nFluide de lucru compatibile: ap\u0103, solu\u021bii de glicol (max. 30%)<br \/>\nScala termometrului: 0\u2013120 \u00b0C<br \/>\nRacorduri filetate \u00d825<br \/>\nPompa nu este inclusa<br \/>\nMediu potrivit &#8211; ap\u0103, gaz<br \/>\nCertificate &#8211; ISO9001<br \/>\nMaterial &#8211; alam\u0103<br \/>\nAc\u021bionare electric\u0103: Dispozitiv pentru controlul automat al supapelor de amestec. Interac\u021bioneaz\u0103 cu regulatorul sau termostatul sistemului de \u00eenc\u0103lzire \u0219i regleaz\u0103 automat func\u021bionarea unit\u0103\u021bii de amestecare.<\/p>\n","protected":false},"featured_media":15054,"template":"","meta":{"_joinchat":[]},"product_brand":[],"product_cat":[2319],"product_tag":[],"class_list":{"0":"post-15053","1":"product","2":"type-product","3":"status-publish","4":"has-post-thumbnail","6":"product_cat-cazangerii","8":"first","9":"instock","10":"sale","11":"shipping-taxable","12":"product-type-simple"},"_links":{"self":[{"href":"https:\/\/proterm.md\/ro\/wp-json\/wp\/v2\/product\/15053","targetHints":{"allow":["GET"]}}],"collection":[{"href":"https:\/\/proterm.md\/ro\/wp-json\/wp\/v2\/product"}],"about":[{"href":"https:\/\/proterm.md\/ro\/wp-json\/wp\/v2\/types\/product"}],"wp:featuredmedia":[{"embeddable":true,"href":"https:\/\/proterm.md\/ro\/wp-json\/wp\/v2\/media\/15054"}],"wp:attachment":[{"href":"https:\/\/proterm.md\/ro\/wp-json\/wp\/v2\/media?parent=15053"}],"wp:term":[{"taxonomy":"product_brand","embeddable":true,"href":"https:\/\/proterm.md\/ro\/wp-json\/wp\/v2\/product_brand?post=15053"},{"taxonomy":"product_cat","embeddable":true,"href":"https:\/\/proterm.md\/ro\/wp-json\/wp\/v2\/product_cat?post=15053"},{"taxonomy":"product_tag","embeddable":true,"href":"https:\/\/proterm.md\/ro\/wp-json\/wp\/v2\/product_tag?post=15053"}],"curies":[{"name":"wp","href":"https:\/\/api.w.org\/{rel}","templated":true}]}}