{"id":15061,"date":"2024-04-26T14:02:41","date_gmt":"2024-04-26T12:02:41","guid":{"rendered":"https:\/\/proterm.md\/?post_type=product&#038;p=15061"},"modified":"2026-04-06T14:06:00","modified_gmt":"2026-04-06T12:06:00","slug":"grup-de-pompare-tivoli","status":"publish","type":"product","link":"https:\/\/proterm.md\/ro\/product\/grup-de-pompare-tivoli\/","title":{"rendered":"Grup de pompare UC1622"},"content":{"rendered":"<div class=\"wpb-content-wrapper\"><p>[vc_row][vc_column][vc_column_text text_larger=&#8221;no&#8221;]Grupul de pompare Tivoli f\u0103r\u0103 pomp\u0103 este ideal\u0103 pentru sistemele de \u00eenc\u0103lzire reziden\u021biale. Dup\u0103 necesit\u0103\u021bile sistemului de \u00eenc\u0103lzire se poate alege pomp\u0103 de recirculare de la diferite produc\u0103tori.<\/p>\n<p>Grupurile de pompare v\u0103 permit s\u0103 optimiza\u021bi func\u021bionarea echipamentelor \u00een circuite cu parametri diferi\u021bi ai lichidului de r\u0103cire \u0219i s\u0103 efectua\u021bi conducte competente a dou\u0103 surse de c\u0103ldur\u0103.[\/vc_column_text][\/vc_column][\/vc_row]<\/p>\n<\/div>","protected":false},"excerpt":{"rendered":"<p><strong>Grup de pompare cu vana de amestec, f\u0103r\u0103 pomp\u0103, cu\u00a0 izolatie UC1622<\/strong><\/p>\n<p>Temperatura maxima de functionare: 90 \u00b0C<br \/>\nPresiune maxim\u0103 de lucru: 10 bar<br \/>\nRacorduri filetate: ISO 228-1<br \/>\nFluide de lucru compatibile: ap\u0103, solu\u021bii de glicol (max. 30%)<br \/>\nScala termometrului: 0\u2013120 \u00b0C<br \/>\nRacorduri filetate \u00d825<br \/>\nPompa nu este inclusa<br \/>\nMediu potrivit &#8211; ap\u0103, gaz<br \/>\nCertificate &#8211; ISO9001<br \/>\nMaterial &#8211; alam\u0103<\/p>\n<p><strong>Robinetul de \u00eenchidere<\/strong>: Include Robinet cu bil\u0103 \u0219i supape de re\u021binere care permit conectarea modulului f\u0103r\u0103 a demonta \u00eentregul sistem.<\/p>\n","protected":false},"featured_media":15062,"template":"","meta":{"_joinchat":[]},"product_brand":[],"product_cat":[2319],"product_tag":[2353],"class_list":{"0":"post-15061","1":"product","2":"type-product","3":"status-publish","4":"has-post-thumbnail","6":"product_cat-cazangerii","7":"product_tag-tivoli","8":"pa_brand-tivoli","10":"first","11":"instock","12":"shipping-taxable","13":"product-type-simple"},"_links":{"self":[{"href":"https:\/\/proterm.md\/ro\/wp-json\/wp\/v2\/product\/15061","targetHints":{"allow":["GET"]}}],"collection":[{"href":"https:\/\/proterm.md\/ro\/wp-json\/wp\/v2\/product"}],"about":[{"href":"https:\/\/proterm.md\/ro\/wp-json\/wp\/v2\/types\/product"}],"wp:featuredmedia":[{"embeddable":true,"href":"https:\/\/proterm.md\/ro\/wp-json\/wp\/v2\/media\/15062"}],"wp:attachment":[{"href":"https:\/\/proterm.md\/ro\/wp-json\/wp\/v2\/media?parent=15061"}],"wp:term":[{"taxonomy":"product_brand","embeddable":true,"href":"https:\/\/proterm.md\/ro\/wp-json\/wp\/v2\/product_brand?post=15061"},{"taxonomy":"product_cat","embeddable":true,"href":"https:\/\/proterm.md\/ro\/wp-json\/wp\/v2\/product_cat?post=15061"},{"taxonomy":"product_tag","embeddable":true,"href":"https:\/\/proterm.md\/ro\/wp-json\/wp\/v2\/product_tag?post=15061"}],"curies":[{"name":"wp","href":"https:\/\/api.w.org\/{rel}","templated":true}]}}