{"id":15064,"date":"2024-04-26T15:44:29","date_gmt":"2024-04-26T13:44:29","guid":{"rendered":"https:\/\/proterm.md\/?post_type=product&#038;p=15064"},"modified":"2025-08-28T11:03:04","modified_gmt":"2025-08-28T09:03:04","slug":"rtl-podea-calda","status":"publish","type":"product","link":"https:\/\/proterm.md\/ro\/product\/rtl-podea-calda\/","title":{"rendered":"RTL podea calda"},"content":{"rendered":"<p>Regulatorul manual Danfoss RTL, care este echipat cu unibox, reac\u021bioneaz\u0103 la cre\u0219terea temperaturii \u0219i \u00eenchide robinetul, circula\u021bia lichidului de r\u0103cire se opre\u0219te, iar sistemul de pardoseal\u0103 \u00eenc\u0103lzit\u0103 se r\u0103ce\u0219te treptat. \u00cen acela\u0219i timp, unibox func\u021bioneaz\u0103 \u00een a\u0219a fel \u00eenc\u00e2t \u0219apa de podea s\u0103 nu se supra\u00eenc\u0103lzeasc\u0103.<\/p>\n<p><img decoding=\"async\" class=\" wp-image-15484 aligncenter\" src=\"https:\/\/proterm.md\/wp-content\/uploads\/2024\/04\/RTL-300x198.webp\" alt=\"\" width=\"377\" height=\"249\" srcset=\"https:\/\/proterm.md\/wp-content\/uploads\/2024\/04\/RTL-300x198.webp 300w, https:\/\/proterm.md\/wp-content\/uploads\/2024\/04\/RTL-500x330.webp 500w, https:\/\/proterm.md\/wp-content\/uploads\/2024\/04\/RTL.webp 550w\" sizes=\"(max-width: 377px) 100vw, 377px\" \/><\/p>","protected":false},"excerpt":{"rendered":"<p>Destina\u021bie<br \/>\n\u00cenc\u0103lzire \u0219i ACM<br \/>\nDimensiune &#8211; 3\/4&#8221; * 16<br \/>\nPresiune maxim\u0103 de lucru &#8211; 10 bar<br \/>\nTemperatur\u0103 maxim\u0103 de lucru &#8211; 100 \u00b0C<br \/>\nTip &#8211; Amestec (UC7012)<\/p>\n<p><img decoding=\"async\" class=\"alignnone wp-image-7559\" src=\"https:\/\/proterm.md\/wp-content\/uploads\/2021\/12\/icopdf-min-250x250.png\" alt=\"\" width=\"32\" height=\"32\" srcset=\"https:\/\/proterm.md\/wp-content\/uploads\/2021\/12\/icopdf-min-250x250.png 250w, https:\/\/proterm.md\/wp-content\/uploads\/2021\/12\/icopdf-min-150x150.png 150w, https:\/\/proterm.md\/wp-content\/uploads\/2021\/12\/icopdf-min-450x450.png 450w, https:\/\/proterm.md\/wp-content\/uploads\/2021\/12\/icopdf-min-300x300.png 300w, https:\/\/proterm.md\/wp-content\/uploads\/2021\/12\/icopdf-min-500x500.png 500w, https:\/\/proterm.md\/wp-content\/uploads\/2021\/12\/icopdf-min-100x100.png 100w, https:\/\/proterm.md\/wp-content\/uploads\/2021\/12\/icopdf-min.png 512w\" sizes=\"(max-width: 32px) 100vw, 32px\" \/><a href=\"https:\/\/proterm.md\/wp-content\/uploads\/2024\/04\/RTL-Instruction.pdf\" target=\"_blank\" rel=\"noopener\">RTL Instructiuni<\/a><\/p>\n","protected":false},"featured_media":15068,"template":"","meta":{"_joinchat":[]},"product_brand":[],"product_cat":[112,2221],"product_tag":[574],"class_list":{"0":"post-15064","1":"product","2":"type-product","3":"status-publish","4":"has-post-thumbnail","6":"product_cat-colectoare-distribuitoare","7":"product_cat-thermostat","8":"product_tag-danfoss","9":"pa_brand-danfoss","10":"pa_filet-3-4","11":"pa_heating-type-heating","12":"pa_heating-type-for-underfloor-heating","14":"first","15":"instock","16":"sale","17":"shipping-taxable","18":"product-type-simple"},"_links":{"self":[{"href":"https:\/\/proterm.md\/ro\/wp-json\/wp\/v2\/product\/15064","targetHints":{"allow":["GET"]}}],"collection":[{"href":"https:\/\/proterm.md\/ro\/wp-json\/wp\/v2\/product"}],"about":[{"href":"https:\/\/proterm.md\/ro\/wp-json\/wp\/v2\/types\/product"}],"wp:featuredmedia":[{"embeddable":true,"href":"https:\/\/proterm.md\/ro\/wp-json\/wp\/v2\/media\/15068"}],"wp:attachment":[{"href":"https:\/\/proterm.md\/ro\/wp-json\/wp\/v2\/media?parent=15064"}],"wp:term":[{"taxonomy":"product_brand","embeddable":true,"href":"https:\/\/proterm.md\/ro\/wp-json\/wp\/v2\/product_brand?post=15064"},{"taxonomy":"product_cat","embeddable":true,"href":"https:\/\/proterm.md\/ro\/wp-json\/wp\/v2\/product_cat?post=15064"},{"taxonomy":"product_tag","embeddable":true,"href":"https:\/\/proterm.md\/ro\/wp-json\/wp\/v2\/product_tag?post=15064"}],"curies":[{"name":"wp","href":"https:\/\/api.w.org\/{rel}","templated":true}]}}