{"id":15117,"date":"2024-04-29T10:57:33","date_gmt":"2024-04-29T08:57:33","guid":{"rendered":"https:\/\/proterm.md\/?post_type=product&#038;p=15117"},"modified":"2025-05-30T12:07:55","modified_gmt":"2025-05-30T10:07:55","slug":"colector-complect-tivoli-1601","status":"publish","type":"product","link":"https:\/\/proterm.md\/ro\/product\/colector-complect-tivoli-1601\/","title":{"rendered":"Colector in complect cu dozatoare Tivoli 1601"},"content":{"rendered":"<p>Blocul de colectoare este folosit pentru a distribui fluxurile de-a lungul contururilor de \u00eenc\u0103lzire prin pardoseal\u0103, \u00eenc\u0103lzire prin radiatoare \u0219i alte sisteme de control al climei, cu o temperatur\u0103 maxim\u0103 de func\u021bionare de 90 C \u0219i presiune de func\u021bionare de p\u00e2n\u0103 la 10 bari.<\/p>","protected":false},"excerpt":{"rendered":"<p>Tip produs \u2013 Colector cu distribuitor pentru \u00eenc\u0103lzire prin pardoseal\u0103 Tivoli 1601<br \/>\nDomeniu de aplicare: podea cald\u0103, \u00eenc\u0103lzire.<br \/>\nMaterial \u2013 o\u021bel inoxidabil.<br \/>\nDiametru de iesire 3\/4\u2033 Eurocon<br \/>\nDezaerator (120\u00b0C \/ \u2264 10 bar)<br \/>\nDebitmetre (0-5 l\/min)<br \/>\nFilet: \u00d8 1\u2033F<br \/>\nSuporturi (2 buc)<\/p>\n","protected":false},"featured_media":15101,"template":"","meta":{"_joinchat":[]},"product_brand":[],"product_cat":[112],"product_tag":[2353],"class_list":{"0":"post-15117","1":"product","2":"type-product","3":"status-publish","4":"has-post-thumbnail","6":"product_cat-colectoare-distribuitoare","7":"product_tag-tivoli","8":"pa_brand-tivoli","9":"pa_diametru-si-numar-circuite-o-1-la-10-cai","10":"pa_diametru-si-numar-circuite-o-1-la-11-cai","11":"pa_diametru-si-numar-circuite-o-1-la-12-cai","12":"pa_diametru-si-numar-circuite-o-1-la-2-cai","13":"pa_diametru-si-numar-circuite-o-1-la-3-cai","14":"pa_diametru-si-numar-circuite-o-1-la-4-cai","15":"pa_diametru-si-numar-circuite-o-1-la-5-cai","16":"pa_diametru-si-numar-circuite-o-1-la-6-cai","17":"pa_diametru-si-numar-circuite-o-1-la-7-cai","18":"pa_diametru-si-numar-circuite-o-1-la-8-cai","19":"pa_diametru-si-numar-circuite-o-1-la-9-cai","21":"first","22":"instock","23":"shipping-taxable","24":"product-type-variable","25":"has-default-attributes"},"_links":{"self":[{"href":"https:\/\/proterm.md\/ro\/wp-json\/wp\/v2\/product\/15117","targetHints":{"allow":["GET"]}}],"collection":[{"href":"https:\/\/proterm.md\/ro\/wp-json\/wp\/v2\/product"}],"about":[{"href":"https:\/\/proterm.md\/ro\/wp-json\/wp\/v2\/types\/product"}],"wp:featuredmedia":[{"embeddable":true,"href":"https:\/\/proterm.md\/ro\/wp-json\/wp\/v2\/media\/15101"}],"wp:attachment":[{"href":"https:\/\/proterm.md\/ro\/wp-json\/wp\/v2\/media?parent=15117"}],"wp:term":[{"taxonomy":"product_brand","embeddable":true,"href":"https:\/\/proterm.md\/ro\/wp-json\/wp\/v2\/product_brand?post=15117"},{"taxonomy":"product_cat","embeddable":true,"href":"https:\/\/proterm.md\/ro\/wp-json\/wp\/v2\/product_cat?post=15117"},{"taxonomy":"product_tag","embeddable":true,"href":"https:\/\/proterm.md\/ro\/wp-json\/wp\/v2\/product_tag?post=15117"}],"curies":[{"name":"wp","href":"https:\/\/api.w.org\/{rel}","templated":true}]}}