{"id":15187,"date":"2024-05-10T10:56:57","date_gmt":"2024-05-10T08:56:57","guid":{"rendered":"https:\/\/proterm.md\/?post_type=product&#038;p=15187"},"modified":"2025-05-30T12:07:55","modified_gmt":"2025-05-30T10:07:55","slug":"colector-cu-filet-interior","status":"publish","type":"product","link":"https:\/\/proterm.md\/ro\/product\/colector-cu-filet-interior\/","title":{"rendered":"Colector cu filet interior"},"content":{"rendered":"<p>Distribuitoarele de alimentare cu ap\u0103, \u00een primul r\u00e2nd, sunt necesare pentru a rezolva problema sc\u0103derii presiunii apei \u00een cazul deschiderii mai multor robinete simultan. Facute dupa standardul UNI EN 12165 stantare fierbinte.<\/p>","protected":false},"excerpt":{"rendered":"<p>Distan\u021ba centru-centru dintre porturi &#8211; 35 mm<br \/>\nFilet cap &#8211; 1\/2M<br \/>\nPorturi laterale: filet interior &#8211; \u00d83\/4 si 1 &#8222;F<br \/>\nMach. temperatura de lucru &#8211; 110 \u00b0 \u0421<br \/>\nPresiune maxim\u0103 de lucru &#8211; 16 bar<br \/>\nTip colector &#8211; distributie<br \/>\nTip material &#8211; alama<br \/>\nDomeniu de aplicare &#8211; \u00eenc\u0103lzire, \u00eenc\u0103lzire prin pardoseal\u0103, alimentare cu ap\u0103, sta\u021bii de pompare<br \/>\nCod produs: \u00d83\/4  XF323<br \/>\n             \u00d81   XF324<\/p>\n","protected":false},"featured_media":15202,"template":"","meta":{"_joinchat":[]},"product_brand":[],"product_cat":[112],"product_tag":[],"class_list":{"0":"post-15187","1":"product","2":"type-product","3":"status-publish","4":"has-post-thumbnail","6":"product_cat-colectoare-distribuitoare","7":"pa_diametru-si-numar-circuite-o-1-la-10-cai","8":"pa_diametru-si-numar-circuite-o-1-la-3-cai","9":"pa_diametru-si-numar-circuite-o-1-la-4-cai","10":"pa_diametru-si-numar-circuite-o-1-la-5-cai","11":"pa_diametru-si-numar-circuite-o-1-la-6-cai","12":"pa_diametru-si-numar-circuite-o-1-la-7-cai","13":"pa_diametru-si-numar-circuite-o-1-la-8-cai","14":"pa_diametru-si-numar-circuite-o-1-la-9-cai","15":"pa_diametru-si-numar-circuite-o-3-4-la-10-cai","16":"pa_diametru-si-numar-circuite-o-3-4-la-3-cai","17":"pa_diametru-si-numar-circuite-o-3-4-la-4-cai","18":"pa_diametru-si-numar-circuite-o-3-4-la-5-cai","19":"pa_diametru-si-numar-circuite-o-3-4-la-6-cai","20":"pa_diametru-si-numar-circuite-o-3-4-la-8-cai","22":"first","23":"instock","24":"shipping-taxable","25":"product-type-variable"},"_links":{"self":[{"href":"https:\/\/proterm.md\/ro\/wp-json\/wp\/v2\/product\/15187","targetHints":{"allow":["GET"]}}],"collection":[{"href":"https:\/\/proterm.md\/ro\/wp-json\/wp\/v2\/product"}],"about":[{"href":"https:\/\/proterm.md\/ro\/wp-json\/wp\/v2\/types\/product"}],"wp:featuredmedia":[{"embeddable":true,"href":"https:\/\/proterm.md\/ro\/wp-json\/wp\/v2\/media\/15202"}],"wp:attachment":[{"href":"https:\/\/proterm.md\/ro\/wp-json\/wp\/v2\/media?parent=15187"}],"wp:term":[{"taxonomy":"product_brand","embeddable":true,"href":"https:\/\/proterm.md\/ro\/wp-json\/wp\/v2\/product_brand?post=15187"},{"taxonomy":"product_cat","embeddable":true,"href":"https:\/\/proterm.md\/ro\/wp-json\/wp\/v2\/product_cat?post=15187"},{"taxonomy":"product_tag","embeddable":true,"href":"https:\/\/proterm.md\/ro\/wp-json\/wp\/v2\/product_tag?post=15187"}],"curies":[{"name":"wp","href":"https:\/\/api.w.org\/{rel}","templated":true}]}}