{"id":15225,"date":"2024-05-14T15:05:59","date_gmt":"2024-05-14T13:05:59","guid":{"rendered":"https:\/\/proterm.md\/?post_type=product&#038;p=15225"},"modified":"2025-12-05T11:02:19","modified_gmt":"2025-12-05T09:02:19","slug":"italia-metaloplast-multistrat-pe-xb-al-pe-xb","status":"publish","type":"product","link":"https:\/\/proterm.md\/ro\/product\/italia-metaloplast-multistrat-pe-xb-al-pe-xb\/","title":{"rendered":"Teava metaloplast multistrat \u00d826 izolata PE-xB\/Al\/PE-xB"},"content":{"rendered":"<div class=\"wpb-content-wrapper\"><p>[vc_row][vc_column][vc_column_text css_animation=&#8221;bounceIn&#8221; text_larger=&#8221;no&#8221;]Tevile din plastic armat se num\u0103r\u0103 printre liderii utilizati pentru instalarea sistemelor de incalzire.<br \/>\n\u2013 aluminiul previne patrunderea oxigenului in lichidul de racire din exterior;<br \/>\n\u2013 o astfel de conducta va avea o dilatare liniara termica semnificativ mai mica;<br \/>\n\u2013 la indoire, conducta metal-plastic isi aminteste bine forma, ceea ce simplifica cablarea sistemului de incalzire.<br \/>\n\u2013 In comparatie cu plasticul solid, conducta metaloplast are o rezistenta termica mai mica, ceea ce ofera un usor bonus \u00een pardoselile calde si suprafetele de incalzire.[\/vc_column_text][\/vc_column][\/vc_row]<\/p>\n<\/div>","protected":false},"excerpt":{"rendered":"<p>Teava cu izolatie MULTISTRATURI APE (PE-xB\/Al\/PE-xB) conform claselor 1-2-4 si 5 si standardului UNI EN ISO 21003 si DIN 4726<em><strong> pentru incalzire si aer conditionat (conectari pompa de caldura).<\/strong><\/em><\/p>\n<p>Grosime izolatie &#8211; 13 mm<br \/>\nMaterial \u00eenveli\u0219 PE-LD polietilen\u0103 expandat\u0103 cu pori \u00eenchise<br \/>\nMaterial folie de finisare anti-zg\u00e2rieturi<br \/>\nDomeniu de aplicare &#8211; Sisteme sanitare \u00een sectoarele civil, industrial \u0219i altele.<br \/>\nFluid de exploatare &#8211; Ap\u0103 pentru consum, ap\u0103 tehnic\u0103 \u0219i ap\u0103 glicol (*).<br \/>\nTemperatura de utilizare continua\u00a0 95 C\u00b0<br \/>\nTemperatura maxima de varf\u00a0 110 C\u00b0<br \/>\nTemperatura minima de functionare (*) -30 C\u00b0<br \/>\nPresiune maxim\u0103 de lucru la 95 \u00b0C \/ 10 bar<br \/>\nPresiune maxim\u0103 de lucru la 20\u00b0C \/ 30bari<br \/>\nGarantie la exploatare la 95 \u00b0C si 10 bar &#8211; 50 ani<br \/>\nRezistenta la difuzia vaporilor de apa \u00b5 5000<br \/>\nClasa de reac\u021bie la foc 1-1<\/p>\n<p><img loading=\"lazy\" decoding=\"async\" class=\"alignnone wp-image-7559\" src=\"https:\/\/proterm.md\/wp-content\/uploads\/2021\/12\/icopdf-min-250x250.png\" alt=\"\" width=\"32\" height=\"32\" srcset=\"https:\/\/proterm.md\/wp-content\/uploads\/2021\/12\/icopdf-min-250x250.png 250w, https:\/\/proterm.md\/wp-content\/uploads\/2021\/12\/icopdf-min-150x150.png 150w, https:\/\/proterm.md\/wp-content\/uploads\/2021\/12\/icopdf-min-450x450.png 450w, https:\/\/proterm.md\/wp-content\/uploads\/2021\/12\/icopdf-min-300x300.png 300w, https:\/\/proterm.md\/wp-content\/uploads\/2021\/12\/icopdf-min-500x500.png 500w, https:\/\/proterm.md\/wp-content\/uploads\/2021\/12\/icopdf-min-100x100.png 100w, https:\/\/proterm.md\/wp-content\/uploads\/2021\/12\/icopdf-min.png 512w\" sizes=\"auto, (max-width: 32px) 100vw, 32px\" \/><a href=\"https:\/\/proterm.md\/wp-content\/uploads\/2024\/05\/Scheda-tecnica-TUBO-MULTISTRATO-RIVESTITO.pdf\" target=\"_blank\" rel=\"noopener\">Pasaport tehnic<\/a><\/p>\n<p>&nbsp;<\/p>\n","protected":false},"featured_media":15227,"template":"","meta":{"_joinchat":[]},"product_brand":[],"product_cat":[37,68,342,2424],"product_tag":[2317],"class_list":{"0":"post-15225","1":"product","2":"type-product","3":"status-publish","4":"has-post-thumbnail","6":"product_cat-sisteme_apeduct_canalizare","7":"product_cat-teava-metaloplast","8":"product_cat-tevi_fitinguri_metaloplast","9":"product_cat-teavapardoseaincalzira","10":"product_tag-ape-racorderie","11":"pa_brand-ape-raccorderie","13":"first","14":"instock","15":"shipping-taxable","16":"product-type-simple"},"_links":{"self":[{"href":"https:\/\/proterm.md\/ro\/wp-json\/wp\/v2\/product\/15225","targetHints":{"allow":["GET"]}}],"collection":[{"href":"https:\/\/proterm.md\/ro\/wp-json\/wp\/v2\/product"}],"about":[{"href":"https:\/\/proterm.md\/ro\/wp-json\/wp\/v2\/types\/product"}],"wp:featuredmedia":[{"embeddable":true,"href":"https:\/\/proterm.md\/ro\/wp-json\/wp\/v2\/media\/15227"}],"wp:attachment":[{"href":"https:\/\/proterm.md\/ro\/wp-json\/wp\/v2\/media?parent=15225"}],"wp:term":[{"taxonomy":"product_brand","embeddable":true,"href":"https:\/\/proterm.md\/ro\/wp-json\/wp\/v2\/product_brand?post=15225"},{"taxonomy":"product_cat","embeddable":true,"href":"https:\/\/proterm.md\/ro\/wp-json\/wp\/v2\/product_cat?post=15225"},{"taxonomy":"product_tag","embeddable":true,"href":"https:\/\/proterm.md\/ro\/wp-json\/wp\/v2\/product_tag?post=15225"}],"curies":[{"name":"wp","href":"https:\/\/api.w.org\/{rel}","templated":true}]}}