{"id":15228,"date":"2024-05-14T15:41:55","date_gmt":"2024-05-14T13:41:55","guid":{"rendered":"https:\/\/proterm.md\/?post_type=product&#038;p=15228"},"modified":"2025-10-27T14:38:31","modified_gmt":"2025-10-27T12:38:31","slug":"colector-cu-separator-hidraulic-cu-2-grupuri","status":"publish","type":"product","link":"https:\/\/proterm.md\/ro\/product\/colector-cu-separator-hidraulic-cu-2-grupuri\/","title":{"rendered":"Colector cu separator hidraulic cu 2 grupuri"},"content":{"rendered":"<p>\u00cen acest caz, debitul prin circuitele respective depinde numai de caracteristicile de curgere ale pompelor, ceea ce evit\u0103 influen\u021ba reciproc\u0103 datorit\u0103 conexiunii lor \u00een serie. \u00cen acest sens, la ie\u0219irea sec\u021biunii de separare hidraulic\u0103, exist\u0103 colectoare de alimentare \u0219i retur, la care pot fi conectate diferite circuite secundare de distribu\u021bie.<\/p>\n<p>C\u00e2nd circuitul principal de producere a c\u0103ldurii cu pomp\u0103 proprie \u0219i circuitul secundar de consum cu una sau mai multe pompe de distribu\u021bie sunt amplasate \u00een acela\u0219i sistem, pot ap\u0103rea astfel de condi\u021bii de func\u021bionare a sistemului \u00een care pompele \u00eencep s\u0103 interfereze cu func\u021bionarea reciproc\u0103, \u00een timp ce creeaz\u0103 modific\u0103ri anormale debitul \u0219i presiunea \u00een circuite.<\/p>","protected":false},"excerpt":{"rendered":"<p>Colector cu separator hidraulic Bomber 50 &#8211; 200 (2 grupuri &#8211; vertical\u0103)<\/p>\n<p>Producator ValenHeat<br \/>\nSeria\u00a0 BOMBER<br \/>\nModelul 200<br \/>\nPatria brandului\u00a0 Moldova<br \/>\nConexiune\u00a0 1&#8243; 1\/4<br \/>\nNum\u0103rul de ie\u0219iri 2<br \/>\nIzolatie Da<\/p>\n","protected":false},"featured_media":15229,"template":"","meta":{"_joinchat":[]},"product_brand":[],"product_cat":[2319],"product_tag":[474],"class_list":{"0":"post-15228","1":"product","2":"type-product","3":"status-publish","4":"has-post-thumbnail","6":"product_cat-cazangerii","7":"product_tag-valenheat","8":"pa_availability-for-pre-order-pre-order","9":"pa_brand-valenheat","10":"pa_filet-1-x-1-2","11":"pa_heating-type-for-water-supply","12":"pa_heating-type-for-pumping-groups","13":"pa_heating-type-heating","14":"pa_heating-type-for-underfloor-heating","15":"pa_number-of-exits-479","17":"first","18":"instock","19":"shipping-taxable","20":"product-type-simple"},"_links":{"self":[{"href":"https:\/\/proterm.md\/ro\/wp-json\/wp\/v2\/product\/15228","targetHints":{"allow":["GET"]}}],"collection":[{"href":"https:\/\/proterm.md\/ro\/wp-json\/wp\/v2\/product"}],"about":[{"href":"https:\/\/proterm.md\/ro\/wp-json\/wp\/v2\/types\/product"}],"wp:featuredmedia":[{"embeddable":true,"href":"https:\/\/proterm.md\/ro\/wp-json\/wp\/v2\/media\/15229"}],"wp:attachment":[{"href":"https:\/\/proterm.md\/ro\/wp-json\/wp\/v2\/media?parent=15228"}],"wp:term":[{"taxonomy":"product_brand","embeddable":true,"href":"https:\/\/proterm.md\/ro\/wp-json\/wp\/v2\/product_brand?post=15228"},{"taxonomy":"product_cat","embeddable":true,"href":"https:\/\/proterm.md\/ro\/wp-json\/wp\/v2\/product_cat?post=15228"},{"taxonomy":"product_tag","embeddable":true,"href":"https:\/\/proterm.md\/ro\/wp-json\/wp\/v2\/product_tag?post=15228"}],"curies":[{"name":"wp","href":"https:\/\/api.w.org\/{rel}","templated":true}]}}