{"id":15444,"date":"2025-10-02T10:50:37","date_gmt":"2025-10-02T08:50:37","guid":{"rendered":"https:\/\/proterm.md\/?post_type=product&#038;p=15444"},"modified":"2025-10-02T10:50:37","modified_gmt":"2025-10-02T08:50:37","slug":"vas-de-acumulare-drazice-nad-50","status":"publish","type":"product","link":"https:\/\/proterm.md\/ro\/product\/vas-de-acumulare-drazice-nad-50\/","title":{"rendered":"Vas de acumulare Drazice NAD 50"},"content":{"rendered":"<div class=\"wpb-content-wrapper\"><p>[vc_row][vc_column][vc_column_text css_animation=&#8221;bounceIn&#8221; text_larger=&#8221;no&#8221;]Producator: Drazice<br \/>\nColec\u021bie: NAD<br \/>\n\u021aara de origine: Republica Ceh\u0103<br \/>\nVolum, l: 50<br \/>\nLoca\u021bie: montat pe perete<br \/>\nNum\u0103r schimb\u0103toare de c\u0103ldur\u0103: f\u0103r\u0103 schimb\u0103tor de c\u0103ldur\u0103<br \/>\nDisponibilitate element de \u00eenc\u0103lzire: nr<br \/>\nPresiune maxima: 3 bar<br \/>\nMax. temperatura de incalzire apa in rezervor: 90\u00b0C<br \/>\nGreutate: 25 kg<br \/>\nDiametru: 524 mm<br \/>\nInaltime: 561 mm<br \/>\nGrosimea izola\u021biei: 100 mm<br \/>\nMaterial: otel<br \/>\nStrat exterior: email<br \/>\nculoare alba<br \/>\nRezervorul tampon Drazice NAD v1 poate fi echipat cu elemente de \u00eenc\u0103lzire TJ 6\/4&#8243;.<br \/>\nRezervoarele de stocare NAD v1 sunt fabricate cu capacitatea de a g\u0103zdui una p\u00e2n\u0103 la trei flan\u0219e.<br \/>\nAcumulatorul termic Drazice NAD v1 cu un volum de 50, 100 si 250 litri se livreaza complet cu izolatie permanenta si carcasa din tabla vopsita.<br \/>\nClasa de eficienta energetica B<br \/>\nPotrivit pentru pompe de c\u0103ldur\u0103 \u0219i sisteme de \u00eenc\u0103lzire \u0219i r\u0103cire.<br \/>\nCapacitatea util\u0103 a recipientului &#8211; 50 litri<br \/>\nGrosimea izola\u021biei (poliuretan) &#8211; 42 mm<br \/>\nNum\u0103r maxim de elemente de \u00eenc\u0103lzire instalate TJ 6\/4&#8243; (op\u021bional) 1 bucat\u0103 x 3,3 kW<br \/>\nPierderi statice 31 W\/zi[\/vc_column_text][\/vc_column][\/vc_row]<\/p>\n<\/div>","protected":false},"excerpt":{"rendered":"<p>Greutate (kg): 21<br \/>\nTip izola\u021bie: Spum\u0103 poliuretanic\u0103;<br \/>\nPutere (kW): 3,3;<br \/>\nDiametru filet: 6\/4&#8243;;<br \/>\nVolumul (l): 50;<br \/>\nGrosimea izola\u021biei (mm): 42;<br \/>\nMax. Presiune: 3; Max.<br \/>\nTemperatura: 90;<br \/>\nMaterial: Otel;<br \/>\nDiametru exterior: 524;<br \/>\nDimensiuni: 561x524x524;<br \/>\nProducator: Republica Ceha<\/p>\n<p><img decoding=\"async\" class=\"alignnone wp-image-7559\" src=\"https:\/\/proterm.md\/wp-content\/uploads\/2021\/12\/icopdf-min-300x300.png\" alt=\"\" width=\"25\" height=\"25\" srcset=\"https:\/\/proterm.md\/wp-content\/uploads\/2021\/12\/icopdf-min-300x300.png 300w, https:\/\/proterm.md\/wp-content\/uploads\/2021\/12\/icopdf-min-150x150.png 150w, https:\/\/proterm.md\/wp-content\/uploads\/2021\/12\/icopdf-min-250x250.png 250w, https:\/\/proterm.md\/wp-content\/uploads\/2021\/12\/icopdf-min-450x450.png 450w, https:\/\/proterm.md\/wp-content\/uploads\/2021\/12\/icopdf-min-500x500.png 500w, https:\/\/proterm.md\/wp-content\/uploads\/2021\/12\/icopdf-min-100x100.png 100w, https:\/\/proterm.md\/wp-content\/uploads\/2021\/12\/icopdf-min.png 512w\" sizes=\"(max-width: 25px) 100vw, 25px\" \/><a href=\"https:\/\/proterm.md\/wp-content\/uploads\/2024\/06\/NAD_50-250.pdf\" target=\"_blank\" rel=\"noopener\">Date tehnice<\/a><\/p>\n<p>&nbsp;<\/p>\n","protected":false},"featured_media":15440,"template":"","meta":{"_joinchat":[]},"product_brand":[],"product_cat":[39,97],"product_tag":[219],"class_list":{"0":"post-15444","1":"product","2":"type-product","3":"status-publish","4":"has-post-thumbnail","6":"product_cat-boiler","7":"product_cat-boiler_drazice","8":"product_tag-drazice","9":"pa_brand-drazice","10":"pa_name-boiler-drazice","11":"pa_number-serpents-buffer","12":"pa_tip-boilers-vas_acumulare","13":"pa_volume-2320","15":"first","16":"instock","17":"shipping-taxable","18":"product-type-simple"},"_links":{"self":[{"href":"https:\/\/proterm.md\/ro\/wp-json\/wp\/v2\/product\/15444","targetHints":{"allow":["GET"]}}],"collection":[{"href":"https:\/\/proterm.md\/ro\/wp-json\/wp\/v2\/product"}],"about":[{"href":"https:\/\/proterm.md\/ro\/wp-json\/wp\/v2\/types\/product"}],"wp:featuredmedia":[{"embeddable":true,"href":"https:\/\/proterm.md\/ro\/wp-json\/wp\/v2\/media\/15440"}],"wp:attachment":[{"href":"https:\/\/proterm.md\/ro\/wp-json\/wp\/v2\/media?parent=15444"}],"wp:term":[{"taxonomy":"product_brand","embeddable":true,"href":"https:\/\/proterm.md\/ro\/wp-json\/wp\/v2\/product_brand?post=15444"},{"taxonomy":"product_cat","embeddable":true,"href":"https:\/\/proterm.md\/ro\/wp-json\/wp\/v2\/product_cat?post=15444"},{"taxonomy":"product_tag","embeddable":true,"href":"https:\/\/proterm.md\/ro\/wp-json\/wp\/v2\/product_tag?post=15444"}],"curies":[{"name":"wp","href":"https:\/\/api.w.org\/{rel}","templated":true}]}}