{"id":15450,"date":"2025-06-24T09:38:22","date_gmt":"2025-06-24T07:38:22","guid":{"rendered":"https:\/\/proterm.md\/?post_type=product&#038;p=15450"},"modified":"2025-06-24T09:38:22","modified_gmt":"2025-06-24T07:38:22","slug":"rezistenta-electrica-drazice-tpk-168-8-22kw","status":"publish","type":"product","link":"https:\/\/proterm.md\/ro\/product\/rezistenta-electrica-drazice-tpk-168-8-22kw\/","title":{"rendered":"Rezistenta electrica Drazice TPK 168-8\/2,2kW"},"content":{"rendered":"<p>Inclus \u00een livrarea \u00eenc\u0103lzitoarelor de ap\u0103 cu acumulare Drazice OKCE 100-300 S\/2,2 kW, OKCE 100-300 S\/3-6 kW ca element de \u00eenc\u0103lzire principal.<br \/>\nIncluse \u00een livrarea \u00eenc\u0103lzitoarelor de ap\u0103 cu acumulare Drazice OKCE 100-300 NTR\/2,2 kW, OKCE 100-300 NTR\/3-6 kW, OKCE 200-300 NTRR\/2,2 kW, OKCE 200-300 NTRR\/3-6 kW ca secund\u0103 element de \u00eenc\u0103lzire.<br \/>\nProiectat pentru instalarea ca element de \u00eenc\u0103lzire principal \u00een boilerele Drazice OKCE 300, 800, 1500, 2000 S\/1 MPa.<\/p>","protected":false},"excerpt":{"rendered":"<p>Caracteristici tehnice ale elementului de \u00eenc\u0103lzire TPK 168-8\/2,2kW<br \/>\nTip de montare \u2013 Flan\u0219\u0103<br \/>\nInterval de reglare a temperaturii (\u00b0C) \u2013 de la 0 la 77<br \/>\nLungimea elementului de \u00eenc\u0103lzire (mm) \u2013 400<br \/>\nDiametrul orificiului flan\u0219ei (\u00d8 mm) \u2013 168<br \/>\nPutere (kW) \u2013 2,2<br \/>\nTip element de \u00eenc\u0103lzire \u2013 \u00eenchis (uscat)<br \/>\nConexiune electric\u0103 (V\/Hz) \u2013 1 PE \u2013 N AC 230V \/50Hz \/ 16A<br \/>\nClasa de protectie \u2013 44<br \/>\nCompatibil cu &#8211;<br \/>\nOKC 160 NTR\/BP<br \/>\nOKC 200 NTR\/BP<\/p>\n","protected":false},"featured_media":10396,"template":"","meta":{"_joinchat":[]},"product_brand":[],"product_cat":[732],"product_tag":[219],"class_list":{"0":"post-15450","1":"product","2":"type-product","3":"status-publish","4":"has-post-thumbnail","6":"product_cat-boiler_piese_schimb","7":"product_tag-drazice","8":"pa_brand-drazice","10":"first","11":"instock","12":"shipping-taxable","13":"product-type-simple"},"_links":{"self":[{"href":"https:\/\/proterm.md\/ro\/wp-json\/wp\/v2\/product\/15450","targetHints":{"allow":["GET"]}}],"collection":[{"href":"https:\/\/proterm.md\/ro\/wp-json\/wp\/v2\/product"}],"about":[{"href":"https:\/\/proterm.md\/ro\/wp-json\/wp\/v2\/types\/product"}],"wp:featuredmedia":[{"embeddable":true,"href":"https:\/\/proterm.md\/ro\/wp-json\/wp\/v2\/media\/10396"}],"wp:attachment":[{"href":"https:\/\/proterm.md\/ro\/wp-json\/wp\/v2\/media?parent=15450"}],"wp:term":[{"taxonomy":"product_brand","embeddable":true,"href":"https:\/\/proterm.md\/ro\/wp-json\/wp\/v2\/product_brand?post=15450"},{"taxonomy":"product_cat","embeddable":true,"href":"https:\/\/proterm.md\/ro\/wp-json\/wp\/v2\/product_cat?post=15450"},{"taxonomy":"product_tag","embeddable":true,"href":"https:\/\/proterm.md\/ro\/wp-json\/wp\/v2\/product_tag?post=15450"}],"curies":[{"name":"wp","href":"https:\/\/api.w.org\/{rel}","templated":true}]}}