{"id":15980,"date":"2024-08-12T14:49:21","date_gmt":"2024-08-12T12:49:21","guid":{"rendered":"https:\/\/proterm.md\/?post_type=product&#038;p=15980"},"modified":"2025-08-28T10:03:59","modified_gmt":"2025-08-28T08:03:59","slug":"colector-robinet-cu-gerpex-hc-1051","status":"publish","type":"product","link":"https:\/\/proterm.md\/ro\/product\/colector-robinet-cu-gerpex-hc-1051\/","title":{"rendered":"Colector robinet cu gerpex HC-1051"},"content":{"rendered":"<p>Colectorul de alimentare cu ap\u0103 este proiectat pentru a furniza \u0219i distribui ap\u0103 de la conducta principal\u0103 la diferite puncte de colectare a apei. V\u0103 permite s\u0103 opri\u021bi alimentarea cu ap\u0103 \u00eentr-un singur punct f\u0103r\u0103 a opri \u00eentregul sistem. \u00cen alimentarea cu ap\u0103, colectorul asigur\u0103 o presiune uniform\u0103 pentru consumatori, elimin\u00e2nd influen\u021ba acestora unul asupra celuilalt. Colectorul reglabil folose\u0219te un robinet de ax\u0103, care v\u0103 permite nu numai s\u0103 opri\u021bi, ci \u0219i s\u0103 regla\u021bi alimentarea cu ap\u0103 la fiecare ramura.<\/p>","protected":false},"excerpt":{"rendered":"<p>Diametre &#8211; 3\/4_1\/2_16_ x cai<\/p>\n<p>\u00cenclinarea robinetului fa\u021b\u0103 de evacuare 135\u00b0<br \/>\nDimensiunea conexiunii corpului principal 3\/4&#8243; MF<br \/>\nTemperatura maxima de functionare 100\u00b0C.<br \/>\nTemperatura minima de functionare 5\u00b0C.<br \/>\nFilet cap \u2013 filet exterior 1\/2<br \/>\nEurocon inclus pentru teava de \u00d816, grosimea peretelui 2 mm<br \/>\n2, 3, 4 iesiri<br \/>\nDomeniul de aplicare: \u00eenc\u0103lzire, pardoseli \u00eenc\u0103lzite, alimentare cu ap\u0103, sta\u021bii de pompare.<\/p>\n","protected":false},"featured_media":15985,"template":"","meta":{"_joinchat":[]},"product_brand":[],"product_cat":[112],"product_tag":[2353],"class_list":{"0":"post-15980","1":"product","2":"type-product","3":"status-publish","4":"has-post-thumbnail","6":"product_cat-colectoare-distribuitoare","7":"product_tag-tivoli","8":"pa_brand-tivoli","9":"pa_diametru-si-numar-circuite-o-3-4-la-2-cai","10":"pa_diametru-si-numar-circuite-o-3-4-la-3-cai","11":"pa_diametru-si-numar-circuite-o-3-4-la-4-cai","12":"pa_diametru-si-numar-circuite-o-3-4-la-5-cai","13":"pa_diametru-si-numar-circuite-o-3-4-la-6-cai","14":"pa_heating-type-for-water-supply","15":"pa_heating-type-for-pumping-groups","16":"pa_heating-type-heating","17":"pa_heating-type-for-underfloor-heating","19":"first","20":"instock","21":"shipping-taxable","22":"product-type-variable","23":"has-default-attributes"},"_links":{"self":[{"href":"https:\/\/proterm.md\/ro\/wp-json\/wp\/v2\/product\/15980","targetHints":{"allow":["GET"]}}],"collection":[{"href":"https:\/\/proterm.md\/ro\/wp-json\/wp\/v2\/product"}],"about":[{"href":"https:\/\/proterm.md\/ro\/wp-json\/wp\/v2\/types\/product"}],"wp:featuredmedia":[{"embeddable":true,"href":"https:\/\/proterm.md\/ro\/wp-json\/wp\/v2\/media\/15985"}],"wp:attachment":[{"href":"https:\/\/proterm.md\/ro\/wp-json\/wp\/v2\/media?parent=15980"}],"wp:term":[{"taxonomy":"product_brand","embeddable":true,"href":"https:\/\/proterm.md\/ro\/wp-json\/wp\/v2\/product_brand?post=15980"},{"taxonomy":"product_cat","embeddable":true,"href":"https:\/\/proterm.md\/ro\/wp-json\/wp\/v2\/product_cat?post=15980"},{"taxonomy":"product_tag","embeddable":true,"href":"https:\/\/proterm.md\/ro\/wp-json\/wp\/v2\/product_tag?post=15980"}],"curies":[{"name":"wp","href":"https:\/\/api.w.org\/{rel}","templated":true}]}}