{"id":16040,"date":"2025-12-01T10:23:01","date_gmt":"2025-12-01T08:23:01","guid":{"rendered":"https:\/\/proterm.md\/?post_type=product&#038;p=16040"},"modified":"2026-01-01T10:07:44","modified_gmt":"2026-01-01T08:07:44","slug":"boiler-electric-comfee-50l","status":"publish","type":"product","link":"https:\/\/proterm.md\/ro\/product\/boiler-electric-comfee-50l\/","title":{"rendered":"Boiler electric Comfee 50L"},"content":{"rendered":"<div class=\"wpb-content-wrapper\"><p>[vc_row][vc_column][vc_column_text css_animation=&#8221;bounceIn&#8221; text_larger=&#8221;no&#8221;]Comfee este unul dintre m\u0103rcile de\u021binute de Midea Group.<\/p>\n<p>Produc\u021bia la fabrici de renume mondial, materiale \u0219i componente de \u00eenalt\u0103 calitate, precum \u0219i un pre\u021b accesibil vor permite Comfee s\u0103 concureze cu m\u0103rcile populare.<\/p>\n<p>Compania se concentreaz\u0103 pe crearea nu numai de dispozitive de \u00eenalt\u0103 calitate, ci \u0219i eficiente din punct de vedere energetic \u0219i acord\u0103 o aten\u021bie deosebit\u0103 \u00eengrijirii pentru mediu.<\/p>\n<p>Midea Group este \u00een prezent unul dintre cei mai mari produc\u0103tori din lume \u00een mai multe categorii de produse.<\/p>\n<p>Compania Midea \u0219i-a \u00eenceput odat\u0103 c\u0103l\u0103toria cu produc\u021bia de echipamente de climatizare. \u00cen 1985, Midea a p\u0103truns \u00een sectorul aerului condi\u021bionat. \u00cen acest sens, am acumulat aproape 40 de ani de experien\u021b\u0103 \u00een acest segment.[\/vc_column_text][\/vc_column][\/vc_row]<\/p>\n<\/div>","protected":false},"excerpt":{"rendered":"<p>Model: CLW50<br \/>\nVolum: 50 l<br \/>\nNumar de elemente de incalzire: 1<br \/>\nPutere: 1500 W<br \/>\nTip \u00eenc\u0103lzitor de ap\u0103: electric<br \/>\nMaterial rezervor \u0219i capac: o\u021bel cu acoperire emailat\u0103<br \/>\nConexiune conduct\u0103: jos<br \/>\nTip control: mecanic<br \/>\nTip instalatie: verticala<br \/>\nForma: cilindrica (rotunda)<br \/>\nTip element de \u00eenc\u0103lzire: deschis (umed)<br \/>\nRegulator de temperatur\u0103: ascuns (sub capac)<br \/>\nLatime: 38,5 cm<br \/>\nInaltime: 72,6 cm<br \/>\nAd\u00e2ncime: 38,5 cm<br \/>\nGreutate: 19,9 kg<br \/>\nEchipament: anod de magneziu<br \/>\nV\u0103 permite s\u0103 furniza\u021bi ap\u0103 cald\u0103 unei familii de p\u00e2n\u0103 la 2 persoane.<br \/>\nElement de \u00eenc\u0103lzire emailat umed pentru o durat\u0103 de via\u021b\u0103 extins\u0103<br \/>\nAcoperire rezervor cu email safir<br \/>\nCel mai bun nivel de izolare termic\u0103<br \/>\nProtec\u021bie \u00eempotriva \u0219ocurilor electrice<br \/>\n\u00cenc\u0103lzire rapid\u0103 \u0219i stocare pe termen lung a apei calde<\/p>\n","protected":false},"featured_media":16043,"template":"","meta":{"_joinchat":[]},"product_brand":[],"product_cat":[2327],"product_tag":[2328],"class_list":{"0":"post-16040","1":"product","2":"type-product","3":"status-publish","4":"has-post-thumbnail","6":"product_cat-midea","7":"product_tag-midea","8":"pa_brand-comfee","9":"pa_name-boiler-comfee","10":"pa_tip-boilers-electric","11":"pa_volume-2320","13":"first","14":"instock","15":"shipping-taxable","16":"product-type-simple"},"_links":{"self":[{"href":"https:\/\/proterm.md\/ro\/wp-json\/wp\/v2\/product\/16040","targetHints":{"allow":["GET"]}}],"collection":[{"href":"https:\/\/proterm.md\/ro\/wp-json\/wp\/v2\/product"}],"about":[{"href":"https:\/\/proterm.md\/ro\/wp-json\/wp\/v2\/types\/product"}],"wp:featuredmedia":[{"embeddable":true,"href":"https:\/\/proterm.md\/ro\/wp-json\/wp\/v2\/media\/16043"}],"wp:attachment":[{"href":"https:\/\/proterm.md\/ro\/wp-json\/wp\/v2\/media?parent=16040"}],"wp:term":[{"taxonomy":"product_brand","embeddable":true,"href":"https:\/\/proterm.md\/ro\/wp-json\/wp\/v2\/product_brand?post=16040"},{"taxonomy":"product_cat","embeddable":true,"href":"https:\/\/proterm.md\/ro\/wp-json\/wp\/v2\/product_cat?post=16040"},{"taxonomy":"product_tag","embeddable":true,"href":"https:\/\/proterm.md\/ro\/wp-json\/wp\/v2\/product_tag?post=16040"}],"curies":[{"name":"wp","href":"https:\/\/api.w.org\/{rel}","templated":true}]}}