{"id":16053,"date":"2025-01-20T13:31:57","date_gmt":"2025-01-20T11:31:57","guid":{"rendered":"https:\/\/proterm.md\/?post_type=product&#038;p=16053"},"modified":"2026-04-01T13:27:41","modified_gmt":"2026-04-01T11:27:41","slug":"mizudo_maestro_lux","status":"publish","type":"product","link":"https:\/\/proterm.md\/ro\/product\/mizudo_maestro_lux\/","title":{"rendered":"Mizudo Maestro Lux 20kW"},"content":{"rendered":"<div class=\"wpb-content-wrapper\"><p>[vc_row][vc_column][vc_single_image image=&#8221;16061&#8243; img_size=&#8221;full&#8221; alignment=&#8221;center&#8221; parallax_scroll=&#8221;no&#8221;][\/vc_column][\/vc_row][vc_row][vc_column][vc_column_text css_animation=&#8221;bounceIn&#8221; text_larger=&#8221;no&#8221;]<\/p>\n<h3 data-start=\"0\" data-end=\"83\">Cazane pe gaz murale <strong data-start=\"28\" data-end=\"50\">MIZUDO MAESTRO LUX<\/strong><\/h3>\n<p data-start=\"85\" data-end=\"420\">Cazanele pe gaz murale <strong data-start=\"108\" data-end=\"118\">Mizudo<\/strong> sunt dispozitive compacte \u0219i eficiente, proiectate pentru instalare \u00een apartamente \u0219i case de dimensiuni mici. Ele asigur\u0103 at\u00e2t <strong data-start=\"247\" data-end=\"261\">\u00eenc\u0103lzirea<\/strong>, c\u00e2t \u0219i <strong data-start=\"270\" data-end=\"307\">alimentarea cu ap\u0103 cald\u0103 menajer\u0103<\/strong>. Aceste cazane sunt ideale pentru spa\u021biile cu suprafa\u021b\u0103 limitat\u0103 \u0219i pot fi echipate cu func\u021bii moderne precum:<\/p>\n<ul data-start=\"421\" data-end=\"505\">\n<li data-start=\"421\" data-end=\"448\">\n<p data-start=\"423\" data-end=\"448\">control prin <strong data-start=\"436\" data-end=\"445\">Wi-Fi<\/strong>,<\/p>\n<\/li>\n<li data-start=\"449\" data-end=\"480\">\n<p data-start=\"451\" data-end=\"480\"><strong data-start=\"451\" data-end=\"477\">diagnosticare automat\u0103<\/strong>,<\/p>\n<\/li>\n<li data-start=\"481\" data-end=\"505\">\n<p data-start=\"483\" data-end=\"505\">consum redus de gaz.<\/p>\n<\/li>\n<\/ul>\n<p data-start=\"507\" data-end=\"605\">Este o solu\u021bie perfect\u0103 pentru familiile care apreciaz\u0103 <strong data-start=\"563\" data-end=\"576\">confortul<\/strong> \u0219i <strong data-start=\"580\" data-end=\"604\">eficien\u021ba energetic\u0103<\/strong>.<\/p>\n<hr data-start=\"607\" data-end=\"610\" \/>\n<h3 data-start=\"612\" data-end=\"645\">Caracteristici principale:<\/h3>\n<ul data-start=\"646\" data-end=\"959\">\n<li data-start=\"646\" data-end=\"714\">\n<p data-start=\"648\" data-end=\"714\"><strong data-start=\"648\" data-end=\"671\">Dimensiuni compacte<\/strong> \u2013 ideale pentru montaj \u00een spa\u021bii reduse.<\/p>\n<\/li>\n<li data-start=\"715\" data-end=\"781\">\n<p data-start=\"717\" data-end=\"781\"><strong data-start=\"717\" data-end=\"751\">Sisteme inteligente de control<\/strong> \u2013 pentru un confort sporit.<\/p>\n<\/li>\n<li data-start=\"782\" data-end=\"844\">\n<p data-start=\"784\" data-end=\"844\"><strong data-start=\"784\" data-end=\"817\">Eficien\u021b\u0103 energetic\u0103 ridicat\u0103<\/strong> \u0219i emisii reduse de CO\u2082.<\/p>\n<\/li>\n<li data-start=\"845\" data-end=\"915\">\n<p data-start=\"847\" data-end=\"915\"><strong data-start=\"847\" data-end=\"878\">Fiabilitate \u0219i durabilitate<\/strong> \u2013 pentru o exploatare \u00eendelungat\u0103.<\/p>\n<\/li>\n<li data-start=\"916\" data-end=\"959\">\n<p data-start=\"918\" data-end=\"959\"><strong data-start=\"918\" data-end=\"958\">Putere mare \u0219i performan\u021b\u0103 constant\u0103<\/strong>.<\/p>\n<\/li>\n<\/ul>\n<hr data-start=\"961\" data-end=\"964\" \/>\n<h3 data-start=\"966\" data-end=\"1029\">Controlul temperaturii: Termostate clasice vs. OpenTherm<\/h3>\n<h4 data-start=\"1031\" data-end=\"1088\">Termostat cu control \u201edou\u0103 pozi\u021bii\u201d (pornit\/oprit)<\/h4>\n<p data-start=\"1089\" data-end=\"1311\">Acesta comand\u0103 cazanul doar s\u0103 se <strong data-start=\"1123\" data-end=\"1136\">porneasc\u0103<\/strong> sau s\u0103 se <strong data-start=\"1147\" data-end=\"1159\">opreasc\u0103<\/strong>, f\u0103r\u0103 posibilitatea de a ajusta treptat puterea arz\u0103torului. Este cel mai simplu mod de control, dar duce uneori la oscila\u021bii de temperatur\u0103 \u00een camer\u0103.<\/p>\n<hr data-start=\"1313\" data-end=\"1316\" \/>\n<h4 data-start=\"1318\" data-end=\"1361\">Termostat cu <strong data-start=\"1336\" data-end=\"1359\">interfa\u021b\u0103 OpenTherm<\/strong><\/h4>\n<p data-start=\"1362\" data-end=\"1564\">Acesta func\u021bioneaz\u0103 complet diferit: \u00een loc s\u0103 dea comenzi binare (on\/off), el <strong data-start=\"1441\" data-end=\"1490\">ajusteaz\u0103 continuu \u0219i fin puterea arz\u0103torului<\/strong>, adapt\u00e2nd func\u021bionarea cazanului \u00een func\u021bie de necesarul real de c\u0103ldur\u0103.<\/p>\n<ul data-start=\"1566\" data-end=\"1869\">\n<li data-start=\"1566\" data-end=\"1687\">\n<p data-start=\"1568\" data-end=\"1687\">\u00cen zona de temperatur\u0103 dorit\u0103, termostatul calculeaz\u0103 permanent <strong data-start=\"1632\" data-end=\"1684\">diferen\u021ba dintre temperatura setat\u0103 \u0219i cea real\u0103<\/strong>.<\/p>\n<\/li>\n<li data-start=\"1688\" data-end=\"1783\">\n<p data-start=\"1690\" data-end=\"1783\">Cu c\u00e2t diferen\u021ba este mai mare, cu at\u00e2t trimite comenzi de <strong data-start=\"1749\" data-end=\"1768\">putere mai mare<\/strong> c\u0103tre cazan.<\/p>\n<\/li>\n<li data-start=\"1784\" data-end=\"1869\">\n<p data-start=\"1786\" data-end=\"1869\">Dac\u0103 temperatura se apropie de valoarea dorit\u0103, <strong data-start=\"1834\" data-end=\"1851\">scade puterea<\/strong> \u00een mod automat.<\/p>\n<\/li>\n<\/ul>\n<p data-start=\"1871\" data-end=\"2239\">Astfel, spre deosebire de termostatele clasice, un termostat OpenTherm poate <strong data-start=\"1948\" data-end=\"1976\">modula puterea cazanului<\/strong> \u00een timp real. Dac\u0103 temperatura camerei se afl\u0103 \u00een intervalul setat (valoarea dorit\u0103 + histerezis), el nu opre\u0219te complet cazanul, ci \u00eel face s\u0103 func\u021bioneze \u00een regim redus. Doar dac\u0103 temperatura iese \u00een afara acestui interval, arz\u0103torul este oprit\/pornit complet.<\/p>\n<p data-start=\"2241\" data-end=\"2254\">Rezultatul:<\/p>\n<ul data-start=\"2255\" data-end=\"2572\">\n<li data-start=\"2255\" data-end=\"2350\">\n<p data-start=\"2257\" data-end=\"2350\"><strong data-start=\"2257\" data-end=\"2310\">Oscila\u021biile de temperatur\u0103 sunt reduse la minimum<\/strong>, men\u021bin\u00e2nd un climat interior stabil.<\/p>\n<\/li>\n<li data-start=\"2351\" data-end=\"2445\">\n<p data-start=\"2353\" data-end=\"2445\">Cazanul livreaz\u0103 exact at\u00e2ta energie c\u00e2t este nevoie pentru a compensa pierderile termice.<\/p>\n<\/li>\n<li data-start=\"2446\" data-end=\"2572\">\n<p data-start=\"2448\" data-end=\"2572\">\u00cen cazul unor schimb\u0103ri bru\u0219te (ex. val de frig nea\u0219teptat), sistemul iese temporar din echilibru, dar revine rapid automat.<\/p>\n<\/li>\n<\/ul>\n<hr data-start=\"2574\" data-end=\"2577\" \/>\n<h3 data-start=\"2579\" data-end=\"2619\">Beneficiile sistemului OpenTherm:<\/h3>\n<p data-start=\"2620\" data-end=\"2814\">Acest principiu permite cazanului s\u0103 func\u021bioneze <strong data-start=\"2669\" data-end=\"2699\">continuum la putere redus\u0103<\/strong>, f\u0103r\u0103 risip\u0103 de energie. \u00cen medie, se pot economisi <strong data-start=\"2752\" data-end=\"2784\">p\u00e2n\u0103 la 30 % din combustibil<\/strong> \u00eentr-un sezon de \u00eenc\u0103lzire.<\/p>\n<p data-start=\"2816\" data-end=\"3013\">Tocmai de aceea, MIZUDO, pentru a oferi clien\u021bilor s\u0103i confort \u0219i eficien\u021b\u0103 maxim\u0103, a decis s\u0103 <strong data-start=\"2911\" data-end=\"3000\">integreze magistrala OpenTherm \u00een toate modelele de cazane cu camer\u0103 de ardere etan\u0219\u0103<\/strong> din gama sa.<\/p>\n<p>[\/vc_column_text][\/vc_column][\/vc_row]<\/p>\n<\/div>","protected":false},"excerpt":{"rendered":"<p>Model &#8211; Maestro Lux L1PB20-B20S-A1<br \/>\nTip gaz\/presiune gaz &#8211; Gaz natural \/ 2000 Pa<br \/>\nPuterea maxim\u0103 (kW) &#8211; 20<br \/>\nCazanul este echipat cu modul WI-FI (optional)<br \/>\nDomeniul de control al temperaturii \u00een linia de alimentare &#8211; 30\/80\u00b0\u0421<br \/>\nMax.min. temperatura apei calde menajere &#8211; 35\/60\u00b0\u0421<br \/>\nCapacitate de incalzire apa calda (la \u2206T=25\u00b0\u0421) &#8211; 10 l\/min.<br \/>\nCapacitate de incalzire apa calda (la \u2206T=30\u00b0\u0421) &#8211; 8,3 l\/min.<br \/>\nCapacitate de incalzire apa calda (la \u2206T=35\u00b0\u0421) &#8211; 7,1 l\/min.<br \/>\nConsum de energie (W) &#8211; 110W<br \/>\nClasa de protectie electrica &#8211; I\/IPX4<br \/>\nCapacitate vas de expansiune &#8211; 6l<br \/>\n\u00cen\u0103l\u021bime (cm) &#8211; 69,3<br \/>\nLatime (cm) &#8211; 40,3<br \/>\nAd\u00e2ncime (cm) &#8211; 24,7<br \/>\nGreutate (Kg) &#8211; 27,5<\/p>\n<p>Termosta Wi-Fi <strong>OpenTherm (optional &#8211; 200 lei)<\/strong><\/p>\n<p><a href=\"https:\/\/proterm.md\/wp-content\/uploads\/2021\/12\/Arca MX Seriesi.pdf\" target=\"_blank\" rel=\"nofollow noopener\"><img decoding=\"async\" class=\"alignnone size-full wp-image-7710\" src=\"https:\/\/proterm.md\/wp-content\/uploads\/2021\/02\/pdf.png\" alt=\"PDF download\" width=\"40\" height=\"40\" \/><\/a><a href=\"https:\/\/proterm.md\/wp-content\/uploads\/2025\/01\/Mizudo-Maetro-Lux.pdf\" target=\"_blank\" rel=\"noopener\">Date tehnice<\/a><\/p>\n","protected":false},"featured_media":16055,"template":"","meta":{"_joinchat":[]},"product_brand":[],"product_cat":[2338,53,15],"product_tag":[2339],"class_list":{"0":"post-16053","1":"product","2":"type-product","3":"status-publish","4":"has-post-thumbnail","6":"product_cat-mizudo","7":"product_cat-cazane_gaz","8":"product_cat-instalatii_incalzire","9":"product_tag-mizudo","10":"pa_brand-mizudo","11":"pa_classic-boiler-or-condensed-clasic","12":"pa_heating-surface-595","13":"pa_power-boiler-kw-599","15":"first","16":"instock","17":"shipping-taxable","18":"product-type-simple"},"_links":{"self":[{"href":"https:\/\/proterm.md\/ro\/wp-json\/wp\/v2\/product\/16053","targetHints":{"allow":["GET"]}}],"collection":[{"href":"https:\/\/proterm.md\/ro\/wp-json\/wp\/v2\/product"}],"about":[{"href":"https:\/\/proterm.md\/ro\/wp-json\/wp\/v2\/types\/product"}],"wp:featuredmedia":[{"embeddable":true,"href":"https:\/\/proterm.md\/ro\/wp-json\/wp\/v2\/media\/16055"}],"wp:attachment":[{"href":"https:\/\/proterm.md\/ro\/wp-json\/wp\/v2\/media?parent=16053"}],"wp:term":[{"taxonomy":"product_brand","embeddable":true,"href":"https:\/\/proterm.md\/ro\/wp-json\/wp\/v2\/product_brand?post=16053"},{"taxonomy":"product_cat","embeddable":true,"href":"https:\/\/proterm.md\/ro\/wp-json\/wp\/v2\/product_cat?post=16053"},{"taxonomy":"product_tag","embeddable":true,"href":"https:\/\/proterm.md\/ro\/wp-json\/wp\/v2\/product_tag?post=16053"}],"curies":[{"name":"wp","href":"https:\/\/api.w.org\/{rel}","templated":true}]}}