{"id":16102,"date":"2025-01-23T14:14:14","date_gmt":"2025-01-23T12:14:14","guid":{"rendered":"https:\/\/proterm.md\/?post_type=product&#038;p=16102"},"modified":"2025-05-30T12:07:17","modified_gmt":"2025-05-30T10:07:17","slug":"pompa-antares-apm-25-10-180","status":"publish","type":"product","link":"https:\/\/proterm.md\/ro\/product\/pompa-antares-apm-25-10-180\/","title":{"rendered":"Pompa Antares APM 25\/10 180"},"content":{"rendered":"<div class=\"wpb-content-wrapper\"><p>[vc_row][vc_column][vc_column_text css_animation=&#8221;none&#8221; text_larger=&#8221;no&#8221;]<strong>Pomp\u0103 de circula\u021bie cu rotor umed \u201eAPM Serie\u201d<\/strong> cu eficien\u021b\u0103 energetic\u0103 ridicat\u0103 \u0219i coeficient de eficien\u021b\u0103 energetic\u0103 EEI mai mic de 0,20. Cu echipament electronic frontal.<br \/>\nConform Directivei Europene 2000\/125\/CE. Debitele \u0219i prevalen\u021ba, a\u0219a cum se arat\u0103 \u00een tabel.[\/vc_column_text][\/vc_column][\/vc_row]<\/p>\n<\/div>","protected":false},"excerpt":{"rendered":"<p>Racord filetat G 1 1\/2\u2033M<br \/>\nDebit max. 9 m\u00b3\/ora<br \/>\nInaltimea pomparii max. &#8211; 10m<br \/>\nLungime de montare 180 mm<br \/>\nTensiune 1x230V<br \/>\nFrecventa 50\/60 Hz<br \/>\nPutere 120W,<br \/>\nPresiune de lucru max. 10 bar<br \/>\nProtec\u021bie integrat\u0103 a motorului<br \/>\nTemperatura minima a lichidului + 2\u00b0C<br \/>\nTemperatura maximala a lichidului +110\u00b0C<br \/>\nTemperatur\u0103 ambienta de la 0\u00b0C la 40\u00b0C<br \/>\nClasa de siguranta &#8211; IP42<br \/>\nStandart EMC &#8211; GB 4343,2\u00a0 GB\/T17626,4 IEC61000-4-4<\/p>\n<p><img decoding=\"async\" class=\"alignnone size-full wp-image-7710\" src=\"https:\/\/proterm.md\/wp-content\/uploads\/2021\/02\/pdf.png\" alt=\"PDF download\" width=\"40\" height=\"40\" \/><a href=\"https:\/\/proterm.md\/wp-content\/uploads\/2025\/01\/APM-Series.pdf\" target=\"_blank\" rel=\"noopener\">Date tehnice<\/a><\/p>\n","protected":false},"featured_media":16103,"template":"","meta":{"_joinchat":[]},"product_brand":[],"product_cat":[62,40],"product_tag":[2342],"class_list":{"0":"post-16102","1":"product","2":"type-product","3":"status-publish","4":"has-post-thumbnail","6":"product_cat-pompa_circulatie","7":"product_cat-pompa_apa","8":"product_tag-antares","9":"pa_brand-antares","10":"pa_maximum-productivity-9-6","11":"pa_pumping-height-2344","13":"first","14":"instock","15":"shipping-taxable","16":"product-type-simple"},"_links":{"self":[{"href":"https:\/\/proterm.md\/ro\/wp-json\/wp\/v2\/product\/16102","targetHints":{"allow":["GET"]}}],"collection":[{"href":"https:\/\/proterm.md\/ro\/wp-json\/wp\/v2\/product"}],"about":[{"href":"https:\/\/proterm.md\/ro\/wp-json\/wp\/v2\/types\/product"}],"wp:featuredmedia":[{"embeddable":true,"href":"https:\/\/proterm.md\/ro\/wp-json\/wp\/v2\/media\/16103"}],"wp:attachment":[{"href":"https:\/\/proterm.md\/ro\/wp-json\/wp\/v2\/media?parent=16102"}],"wp:term":[{"taxonomy":"product_brand","embeddable":true,"href":"https:\/\/proterm.md\/ro\/wp-json\/wp\/v2\/product_brand?post=16102"},{"taxonomy":"product_cat","embeddable":true,"href":"https:\/\/proterm.md\/ro\/wp-json\/wp\/v2\/product_cat?post=16102"},{"taxonomy":"product_tag","embeddable":true,"href":"https:\/\/proterm.md\/ro\/wp-json\/wp\/v2\/product_tag?post=16102"}],"curies":[{"name":"wp","href":"https:\/\/api.w.org\/{rel}","templated":true}]}}