{"id":16110,"date":"2025-01-23T14:55:34","date_gmt":"2025-01-23T12:55:34","guid":{"rendered":"https:\/\/proterm.md\/?post_type=product&#038;p=16110"},"modified":"2025-11-12T16:33:45","modified_gmt":"2025-11-12T14:33:45","slug":"motor-pompa-sens-orar-cw-68mm","status":"publish","type":"product","link":"https:\/\/proterm.md\/ro\/product\/motor-pompa-sens-orar-cw-68mm\/","title":{"rendered":"Motor pompa sens orar CW 68mm"},"content":{"rendered":"<div class=\"wpb-content-wrapper\"><p>[vc_row][vc_column][vc_column_text css_animation=&#8221;none&#8221; text_larger=&#8221;no&#8221;]Motor de schimb universal\u00a0 cu rotor \u0219i invertor de conversie a frecven\u021bei de \u00eenalt\u0103 eficien\u021b\u0103 pentru \u00eenlocuiri la circulatoarele de uz casnic GRUNDFOS UPM \u0219i ALFA, modele ANTARES \u0219i alte m\u0103rci cu rota\u021bie \u00een sens antiorar (CCW). Cu priza de control PWM si echipat cu functii SELF ADAPT, PP, CP, CS. Autoreglare cu sau f\u0103r\u0103 conectarea cablului la controlerul PWM.<br \/>\nAutoreglant, satisface toate nevoile de \u00eenlocuire cu un singur produs. Distan\u021ba orificiilor de fixare 68 mm &#8211; complet cu garnituri \u0219i cabluri de alimentare. \u00cen\u0103l\u021bime maxim\u0103: 8 m[\/vc_column_text][\/vc_column][\/vc_row]<\/p>\n<\/div>","protected":false},"excerpt":{"rendered":"<p>Inaltimea pomparii max. &#8211; 8m<br \/>\nUniversal<br \/>\nAuto-reglare<br \/>\nDistan\u021ba dintre orificiile de montare 68 mm<\/p>\n<p><img decoding=\"async\" class=\"alignnone size-full wp-image-7710\" src=\"https:\/\/proterm.md\/wp-content\/uploads\/2021\/02\/pdf.png\" alt=\"PDF download\" width=\"40\" height=\"40\" \/><a href=\"https:\/\/proterm.md\/wp-content\/uploads\/2025\/01\/Specifiche-tecniche_Antares-UPMH_series.pdf\" target=\"_blank\" rel=\"noopener\">Date tehnice<\/a><\/p>\n<p><img decoding=\"async\" class=\"alignnone size-full wp-image-7710\" src=\"https:\/\/proterm.md\/wp-content\/uploads\/2021\/02\/pdf.png\" alt=\"PDF download\" width=\"40\" height=\"40\" \/><a href=\"https:\/\/proterm.md\/wp-content\/uploads\/2025\/01\/Antares-ModulareUPMH_romana.pdf\" target=\"_blank\" rel=\"noopener\">Modulare viteze<\/a><\/p>\n","protected":false},"featured_media":16108,"template":"","meta":{"_joinchat":[]},"product_brand":[],"product_cat":[62,40],"product_tag":[2342],"class_list":{"0":"post-16110","1":"product","2":"type-product","3":"status-publish","4":"has-post-thumbnail","6":"product_cat-pompa_circulatie","7":"product_cat-pompa_apa","8":"product_tag-antares","9":"pa_brand-antares","10":"pa_pumping-height-292","12":"first","13":"instock","14":"shipping-taxable","15":"product-type-simple"},"_links":{"self":[{"href":"https:\/\/proterm.md\/ro\/wp-json\/wp\/v2\/product\/16110","targetHints":{"allow":["GET"]}}],"collection":[{"href":"https:\/\/proterm.md\/ro\/wp-json\/wp\/v2\/product"}],"about":[{"href":"https:\/\/proterm.md\/ro\/wp-json\/wp\/v2\/types\/product"}],"wp:featuredmedia":[{"embeddable":true,"href":"https:\/\/proterm.md\/ro\/wp-json\/wp\/v2\/media\/16108"}],"wp:attachment":[{"href":"https:\/\/proterm.md\/ro\/wp-json\/wp\/v2\/media?parent=16110"}],"wp:term":[{"taxonomy":"product_brand","embeddable":true,"href":"https:\/\/proterm.md\/ro\/wp-json\/wp\/v2\/product_brand?post=16110"},{"taxonomy":"product_cat","embeddable":true,"href":"https:\/\/proterm.md\/ro\/wp-json\/wp\/v2\/product_cat?post=16110"},{"taxonomy":"product_tag","embeddable":true,"href":"https:\/\/proterm.md\/ro\/wp-json\/wp\/v2\/product_tag?post=16110"}],"curies":[{"name":"wp","href":"https:\/\/api.w.org\/{rel}","templated":true}]}}