{"id":16117,"date":"2025-12-01T10:58:02","date_gmt":"2025-12-01T08:58:02","guid":{"rendered":"https:\/\/proterm.md\/?post_type=product&#038;p=16117"},"modified":"2026-01-01T10:07:44","modified_gmt":"2026-01-01T08:07:44","slug":"cazan-electric-teknix-espro-45","status":"publish","type":"product","link":"https:\/\/proterm.md\/ro\/product\/cazan-electric-teknix-espro-45\/","title":{"rendered":"Cazan electric Teknix ESPRO &#8211; 4.5kW"},"content":{"rendered":"<div class=\"wpb-content-wrapper\"><p>[vc_row][vc_column][vc_video link=&#8221;https:\/\/www.youtube.com\/watch?v=qoVmdVsArsg&#8221; title=&#8221;Instruc\u021biuni pentru controlul centralei TEKNIX ESPRO folosind un ecran tactil.&#8221; image_poster_switch=&#8221;no&#8221;][\/vc_column][\/vc_row][vc_row][vc_column][vc_column_text text_larger=&#8221;no&#8221;]<\/p>\n<p style=\"text-align: center;\"><strong>Reglementarea aplica\u021biei<\/strong><br \/>\nAbilitatea de a controla principalele func\u021bii ale cazanului printr-o aplica\u021bie mobil\u0103<\/p>\n<p style=\"text-align: center;\"><strong>Compactitatea cazanului<\/strong><br \/>\ndimensiuni compacte datorita amplasarii vasului de expansiune pe suprafata posterioara a cazanului<\/p>\n<p style=\"text-align: center;\"><strong>Protec\u021bie \u00eempotriva scurgerilor de curent<\/strong><br \/>\nDesignul este protejat de scurgerile de curent c\u0103tre carcas\u0103. To\u021bi cei care ating cazanul sunt \u00een siguran\u021b\u0103.<\/p>\n<p style=\"text-align: center;\"><strong>Vas de expansiune<\/strong><br \/>\nCentrala este deja echipat\u0103 cu un vas de expansiune de dimensiunea necesar\u0103 pentru puterea cazanului<\/p>\n<p style=\"text-align: center;\"><strong>Set complet<\/strong><br \/>\npompa, senzorul de debit, supapa de siguranta sunt de asemenea incluse in setul cazanului<\/p>\n<p style=\"text-align: center;\"><strong>Toate beneficiile seriei ES<\/strong><br \/>\nCertificare complet\u0103 a produsului, salvare a set\u0103rilor, 2 tipuri de control al temperaturii, releu de putere cu zgomot redus<\/p>\n<p>Seria ESPRO sunt cazane electrice cu un singur circuit elegante \u0219i \u00een acela\u0219i timp foarte eficiente, concepute ca o surs\u0103 universal\u0103 de c\u0103ldur\u0103 pentru spa\u021biile reziden\u021biale \u0219i de birouri.<\/p>\n<p>Centrala electrica Teknix ESPRO are un nivel ridicat de siguranta, atat pentru oameni, cat si pentru mediu. Cazanele electrice din seria ESPRO au o eficien\u021b\u0103 de 99%, ceea ce face ca utilizarea lor s\u0103 fie economic\u0103 \u0219i eficient\u0103 energetic. Toate elementele structurale &#8211; elemente de incalzire, pompa, balon &#8211; sunt realizate din otel inoxidabil de calitate europeana AISI 304.<br \/>\nNu face\u021bi o alegere cu privire la aspectul cazanului. Cel mai bun cazan electric este cel care \u00ee\u021bi \u00eenc\u0103lze\u0219te eficient casa. \u00cen primul r\u00e2nd, acorda\u021bi aten\u021bie metodei de conectare la re\u021bea, reglarea puterii cazanului \u0219i a structurii interne. Decide\u021bi asupra func\u021biilor pe care le va \u00eendeplini sistemul electric de \u00eenc\u0103lzire. Dac\u0103, pe l\u00e2ng\u0103 \u00eenc\u0103lzirea \u00eenc\u0103perii, dori\u021bi s\u0103 asigura\u021bi casa cu ap\u0103 cald\u0103, ve\u021bi avea nevoie de un cazan electric cu dublu circuit. Dar mai econom v-a fi un cazan electric cu un circuit si un boiler electric aparte.<\/p>\n<p>LEMAX Smart boiler Apk \/ Teknix APK[\/vc_column_text][\/vc_column][\/vc_row]<\/p>\n<\/div>","protected":false},"excerpt":{"rendered":"<p>Tipul cazanului &#8211; cu ten<br \/>\nNum\u0103r de circuite &#8211; Unu<br \/>\nTip control &#8211; Electronic<br \/>\nAlimentare &#8211; 220\/380 V<br \/>\nPutere termic\u0103 &#8211; 4.5 kW<br \/>\nEchipament &#8211; Vas de expansiune, Cu pompa<br \/>\nPutere termic\u0103 maxim\u0103 &#8211; 4.5 kW<br \/>\nPuterea elementelor de \u00eenc\u0103lzire &#8211; 6 x 0,75 kW<br \/>\nSuprafata de incalzire &#8211; 45 mp<br \/>\nRandamentul cazanului &#8211; 99%<br \/>\nTensiune de alimentare &#8211; 220-380 V~<br \/>\nConsumul de curent A, nu mai mult &#8211; o faz\u0103 20,5 \/ trei faze 7<br \/>\nCurentul nominal recomandat al \u00eentreruptorului, A monofazat 25 \/ trifazat 10<br \/>\nSec\u021biunea recomandat\u0103 a conductorilor de cupru ai cablului de alimentare, mm\u00b2<br \/>\nCu conexiuni trifazate (3L+N+PE) 5&#215;1,5<br \/>\nCu conexiuni monofazate (L+N+PE) 3&#215;4<br \/>\nGrad de protectie &#8211; IP30<br \/>\nPompa de circulatie Willo Para (Germania) sau Dab Evostar (Italia)<br \/>\nNumar elemente de incalzire &#8211; 6buc x 0.75kW<br \/>\nVolumul rezervorului de expansiune &#8211; 6 l<br \/>\nDimensiuni H x L x A &#8211; 744 x 375 x 248 mm<br \/>\nGreutate &#8211; 23 kg<br \/>\nCaracteristici suplimentare &#8211; Protec\u021bia blocului pompei<br \/>\nProtec\u021bie \u00eempotriva \u00eenghe\u021bului<br \/>\nprotectie la supraincalzire<br \/>\nAfi\u0219aj &#8211; Sensor<br \/>\nMaterial schimb\u0103tor de c\u0103ldur\u0103 &#8211; O\u021bel inoxidabil<br \/>\nOp\u021biuni &#8211; Control programator<br \/>\nPresiune maxim\u0103 de lucru &#8211; 3 bar<br \/>\nPurt\u0103tor de c\u0103ldur\u0103 &#8211; ap\u0103<br \/>\nTemperatura apei din cazan +80\u00b0C<br \/>\nModul WI-FI +<\/p>\n<p data-wp-editing=\"1\"><img decoding=\"async\" class=\"alignnone wp-image-7559\" src=\"https:\/\/proterm.md\/wp-content\/uploads\/2021\/12\/icopdf-min-300x300.png\" alt=\"\" width=\"28\" height=\"28\" srcset=\"https:\/\/proterm.md\/wp-content\/uploads\/2021\/12\/icopdf-min-300x300.png 300w, https:\/\/proterm.md\/wp-content\/uploads\/2021\/12\/icopdf-min-150x150.png 150w, https:\/\/proterm.md\/wp-content\/uploads\/2021\/12\/icopdf-min-250x250.png 250w, https:\/\/proterm.md\/wp-content\/uploads\/2021\/12\/icopdf-min-450x450.png 450w, https:\/\/proterm.md\/wp-content\/uploads\/2021\/12\/icopdf-min-500x500.png 500w, https:\/\/proterm.md\/wp-content\/uploads\/2021\/12\/icopdf-min-100x100.png 100w, https:\/\/proterm.md\/wp-content\/uploads\/2021\/12\/icopdf-min.png 512w\" sizes=\"(max-width: 28px) 100vw, 28px\" \/><a href=\"https:\/\/proterm.md\/\/wp-content\/uploads\/2022\/11\/TEKNIX_RU.pdf\" target=\"_blank\" rel=\"noopener\">Instructiuni<\/a><\/p>\n<p data-wp-editing=\"1\"><a href=\"https:\/\/www.youtube.com\/playlist?list=PLuJNrPhQSScX8SmB3K4YWPRcwXtpfZvA4\" target=\"_blank\" rel=\"noopener\"><img decoding=\"async\" class=\"alignnone size-full wp-image-7732\" src=\"https:\/\/proterm.md\/wp-content\/uploads\/2021\/02\/video.png\" alt=\"Video Player\" width=\"40\" height=\"40\" \/>Video Service<\/a><\/p>\n<p data-wp-editing=\"1\">\n","protected":false},"featured_media":16118,"template":"","meta":{"_joinchat":[]},"product_brand":[],"product_cat":[1469],"product_tag":[1472],"class_list":{"0":"post-16117","1":"product","2":"type-product","3":"status-publish","4":"has-post-thumbnail","6":"product_cat-cazane_electrice","7":"product_tag-sk-technik","8":"pa_brand-teknix-sk-technik","9":"pa_heating-surface-2345","10":"pa_power-boiler-kw-4-5","12":"first","13":"instock","14":"shipping-taxable","15":"product-type-simple"},"_links":{"self":[{"href":"https:\/\/proterm.md\/ro\/wp-json\/wp\/v2\/product\/16117","targetHints":{"allow":["GET"]}}],"collection":[{"href":"https:\/\/proterm.md\/ro\/wp-json\/wp\/v2\/product"}],"about":[{"href":"https:\/\/proterm.md\/ro\/wp-json\/wp\/v2\/types\/product"}],"wp:featuredmedia":[{"embeddable":true,"href":"https:\/\/proterm.md\/ro\/wp-json\/wp\/v2\/media\/16118"}],"wp:attachment":[{"href":"https:\/\/proterm.md\/ro\/wp-json\/wp\/v2\/media?parent=16117"}],"wp:term":[{"taxonomy":"product_brand","embeddable":true,"href":"https:\/\/proterm.md\/ro\/wp-json\/wp\/v2\/product_brand?post=16117"},{"taxonomy":"product_cat","embeddable":true,"href":"https:\/\/proterm.md\/ro\/wp-json\/wp\/v2\/product_cat?post=16117"},{"taxonomy":"product_tag","embeddable":true,"href":"https:\/\/proterm.md\/ro\/wp-json\/wp\/v2\/product_tag?post=16117"}],"curies":[{"name":"wp","href":"https:\/\/api.w.org\/{rel}","templated":true}]}}