{"id":16172,"date":"2025-02-10T14:32:25","date_gmt":"2025-02-10T12:32:25","guid":{"rendered":"https:\/\/proterm.md\/?post_type=product&#038;p=16172"},"modified":"2025-05-30T12:07:02","modified_gmt":"2025-05-30T10:07:02","slug":"robinet-calorifer-coltar-tivoli-tur","status":"publish","type":"product","link":"https:\/\/proterm.md\/ro\/product\/robinet-calorifer-coltar-tivoli-tur\/","title":{"rendered":"Robinet calorifer coltar Tivoli tur"},"content":{"rendered":"<p>Acest robinet de radiator cu design modern este o op\u021biune fantastic\u0103 \u00een compara\u021bie cu alternative mai ieftine. Au un aspect fantastic de design \u0219i sunt tu\u0219a final\u0103 perfect\u0103 atunci c\u00e2nd sunt montate pe radiatoare sau uscatoare de prosoape. Robinetii au un finisaj alb lucios de \u00eenalt\u0103 calitate, care este garantat s\u0103 reziste \u0219i un design contemporan unic, care completeaz\u0103 perfect majoritatea stilurilor de radiatoare.<\/p>\n<p>Ca \u0219i \u00een cazul tuturor produselor folosite \u00een gospod\u0103rii \u0219i la locul de munc\u0103, credem c\u0103 siguran\u021ba este esen\u021bial\u0103. Toate supapele noastre de radiator respect\u0103 toate standardele de siguran\u021b\u0103. Spre deosebire de unele alternative mai ieftine, supapele noastre sunt testate \u0219i certificate conform standardelor.<\/p>\n<p>V\u0103 rug\u0103m s\u0103 nu ezita\u021bi s\u0103 contacta\u021bi dac\u0103 ave\u021bi \u00eentreb\u0103ri \u0219i v\u0103 rug\u0103m s\u0103 cump\u0103ra\u021bi cu \u00eencredere!!<\/p>","protected":false},"excerpt":{"rendered":"<p>Tip &#8211; coltar, tur<br \/>\nAplicare &#8211; metaloplast (teava multistrat)<br \/>\nFilet &#8211; 1\/2&#8243;M<br \/>\nTipul de reglementare &#8211; manual<br \/>\nTemperatura de functionare &#8211; 120\u00b0C<br \/>\nPresiune de lucru &#8211; 1 MPa<br \/>\nLichidul de r\u0103cire &#8211; ap\u0103<br \/>\nPresiune de testare &#8211; 1,5 MPa<br \/>\nInterval de setare Kv &#8211; de la 0,13 la 1,40<br \/>\nProducator &#8211; Tivoli (UC 3009)<\/p>\n","protected":false},"featured_media":16173,"template":"","meta":{"_joinchat":[]},"product_brand":[],"product_cat":[72],"product_tag":[2353],"class_list":{"0":"post-16172","1":"product","2":"type-product","3":"status-publish","4":"has-post-thumbnail","6":"product_cat-robineti_radiatoare","7":"product_tag-tivoli","8":"pa_brand-tivoli","10":"first","11":"instock","12":"shipping-taxable","13":"product-type-simple"},"_links":{"self":[{"href":"https:\/\/proterm.md\/ro\/wp-json\/wp\/v2\/product\/16172","targetHints":{"allow":["GET"]}}],"collection":[{"href":"https:\/\/proterm.md\/ro\/wp-json\/wp\/v2\/product"}],"about":[{"href":"https:\/\/proterm.md\/ro\/wp-json\/wp\/v2\/types\/product"}],"wp:featuredmedia":[{"embeddable":true,"href":"https:\/\/proterm.md\/ro\/wp-json\/wp\/v2\/media\/16173"}],"wp:attachment":[{"href":"https:\/\/proterm.md\/ro\/wp-json\/wp\/v2\/media?parent=16172"}],"wp:term":[{"taxonomy":"product_brand","embeddable":true,"href":"https:\/\/proterm.md\/ro\/wp-json\/wp\/v2\/product_brand?post=16172"},{"taxonomy":"product_cat","embeddable":true,"href":"https:\/\/proterm.md\/ro\/wp-json\/wp\/v2\/product_cat?post=16172"},{"taxonomy":"product_tag","embeddable":true,"href":"https:\/\/proterm.md\/ro\/wp-json\/wp\/v2\/product_tag?post=16172"}],"curies":[{"name":"wp","href":"https:\/\/api.w.org\/{rel}","templated":true}]}}