{"id":16184,"date":"2025-02-10T16:31:04","date_gmt":"2025-02-10T14:31:04","guid":{"rendered":"https:\/\/proterm.md\/?post_type=product&#038;p=16184"},"modified":"2025-05-30T12:07:02","modified_gmt":"2025-05-30T10:07:02","slug":"robinet-calorifer-coltar-pp-tivoli-retur","status":"publish","type":"product","link":"https:\/\/proterm.md\/ro\/product\/robinet-calorifer-coltar-pp-tivoli-retur\/","title":{"rendered":"Robinet calorifer coltar PP Tivoli retur"},"content":{"rendered":"<p>Robinet de radiator Tivoli este un produs de \u00eenalt\u0103 calitate conceput pentru a regla temperatura din camer\u0103. Robinetul poate fi instalat pe caloriferele sistemelor de \u00eenc\u0103lzire central\u0103, ceea ce permite controlul convenabil \u0219i eficient al temperaturii camerei.<br \/>\nAre o construc\u021bie durabil\u0103 \u0219i ofer\u0103 acces u\u0219or pentru a regla temperatura camerei.<br \/>\nUnul dintre principalele avantaje ale acestui robinet este capacitatea de a regla temperatura din incapere in functie de nevoile utilizatorului. Datorit\u0103 termostatului \u00eencorporat, robinetul regleaz\u0103 automat temperatura din camer\u0103, ceea ce asigur\u0103 o \u0219edere confortabil\u0103 \u00een ea. M\u00e2nerul deta\u0219abil ofer\u0103 acces u\u0219or pentru reglarea robinetului.<br \/>\nRobinetul de radiator Tivoli Corner are o form\u0103 unghiular\u0103, ceea ce \u00eei permite s\u0103 fie instalat convenabil pe caloriferele situate sub ferestre sau \u00een locurile \u00een care accesul la acestea este limitat. Este realizat\u0103 din material puternic \u0219i fiabil, ceea ce \u00eei asigur\u0103 o durat\u0103 lung\u0103 de via\u021b\u0103.<\/p>","protected":false},"excerpt":{"rendered":"<p>Tip &#8211; coltar, retur, culoare &#8211; negru<br \/>\nAplicatie &#8211; polipropilena<br \/>\nPresiune maxima -16 bar<br \/>\nTemperatura maxim\u0103 &#8211; 95 \u00b0\u0421<br \/>\nTip reglare &#8211; manual<br \/>\nProducator &#8211; Tivoli (UC3007)<\/p>\n","protected":false},"featured_media":16185,"template":"","meta":{"_joinchat":[]},"product_brand":[],"product_cat":[72],"product_tag":[2353],"class_list":{"0":"post-16184","1":"product","2":"type-product","3":"status-publish","4":"has-post-thumbnail","6":"product_cat-robineti_radiatoare","7":"product_tag-tivoli","8":"pa_brand-tivoli","10":"first","11":"instock","12":"shipping-taxable","13":"product-type-simple"},"_links":{"self":[{"href":"https:\/\/proterm.md\/ro\/wp-json\/wp\/v2\/product\/16184","targetHints":{"allow":["GET"]}}],"collection":[{"href":"https:\/\/proterm.md\/ro\/wp-json\/wp\/v2\/product"}],"about":[{"href":"https:\/\/proterm.md\/ro\/wp-json\/wp\/v2\/types\/product"}],"wp:featuredmedia":[{"embeddable":true,"href":"https:\/\/proterm.md\/ro\/wp-json\/wp\/v2\/media\/16185"}],"wp:attachment":[{"href":"https:\/\/proterm.md\/ro\/wp-json\/wp\/v2\/media?parent=16184"}],"wp:term":[{"taxonomy":"product_brand","embeddable":true,"href":"https:\/\/proterm.md\/ro\/wp-json\/wp\/v2\/product_brand?post=16184"},{"taxonomy":"product_cat","embeddable":true,"href":"https:\/\/proterm.md\/ro\/wp-json\/wp\/v2\/product_cat?post=16184"},{"taxonomy":"product_tag","embeddable":true,"href":"https:\/\/proterm.md\/ro\/wp-json\/wp\/v2\/product_tag?post=16184"}],"curies":[{"name":"wp","href":"https:\/\/api.w.org\/{rel}","templated":true}]}}