{"id":16201,"date":"2025-09-01T15:15:03","date_gmt":"2025-09-01T13:15:03","guid":{"rendered":"https:\/\/proterm.md\/?post_type=product&#038;p=16201"},"modified":"2025-09-01T15:15:03","modified_gmt":"2025-09-01T13:15:03","slug":"teava-inox-o28x1-5mm","status":"publish","type":"product","link":"https:\/\/proterm.md\/ro\/product\/teava-inox-o28x1-5mm\/","title":{"rendered":"Teava inox \u00d828&#215;1.5mm"},"content":{"rendered":"<p>Datorit\u0103 propriet\u0103\u021bilor acestui aliaj, este posibil\u0103 fabricarea \u021bevilor cu grosime redus\u0103 a peretelui (\u00eentre 0,8 \u0219i 3 mm pentru sistemele interne de distribu\u021bie), care pot fi instalate cu u\u0219urin\u021b\u0103 folosind fitinguri de presare.<br \/>\n\u021aeava este utilizat\u0103 \u00een re\u021belele inginere\u0219ti \u0219i tehnologice pentru transportul lichidelor \u0219i gazelor care nu au un efect agresiv asupra o\u021belului aliat AISI 304.<br \/>\n<strong>Clien\u021bii no\u0219tri beneficiaz\u0103 gratuit de aparatul de pressare a fitingurilor si tevei de inox timp de 3 zile.<\/strong><\/p>","protected":false},"excerpt":{"rendered":"<p>Tip &#8211; \u021beav\u0103<br \/>\nCalitatea o\u021belului &#8211; AISI 304<br \/>\nDiametru &#8211; 28 mm<br \/>\nGrosimea peretelui &#8211; 1,5 mm<br \/>\nPresiune maxima &#8211; 42 bar<br \/>\nProduc\u0103tor &#8211; Tivoli<\/p>\n","protected":false},"featured_media":16192,"template":"","meta":{"_joinchat":[]},"product_brand":[],"product_cat":[2354],"product_tag":[2353],"class_list":{"0":"post-16201","1":"product","2":"type-product","3":"status-publish","4":"has-post-thumbnail","6":"product_cat-inox","7":"product_tag-tivoli","8":"pa_diametru-2358","9":"pa_fitting-polypropylene-teava_inox","10":"pa_thread-type-inside","12":"first","13":"instock","14":"shipping-taxable","15":"product-type-simple"},"_links":{"self":[{"href":"https:\/\/proterm.md\/ro\/wp-json\/wp\/v2\/product\/16201","targetHints":{"allow":["GET"]}}],"collection":[{"href":"https:\/\/proterm.md\/ro\/wp-json\/wp\/v2\/product"}],"about":[{"href":"https:\/\/proterm.md\/ro\/wp-json\/wp\/v2\/types\/product"}],"wp:featuredmedia":[{"embeddable":true,"href":"https:\/\/proterm.md\/ro\/wp-json\/wp\/v2\/media\/16192"}],"wp:attachment":[{"href":"https:\/\/proterm.md\/ro\/wp-json\/wp\/v2\/media?parent=16201"}],"wp:term":[{"taxonomy":"product_brand","embeddable":true,"href":"https:\/\/proterm.md\/ro\/wp-json\/wp\/v2\/product_brand?post=16201"},{"taxonomy":"product_cat","embeddable":true,"href":"https:\/\/proterm.md\/ro\/wp-json\/wp\/v2\/product_cat?post=16201"},{"taxonomy":"product_tag","embeddable":true,"href":"https:\/\/proterm.md\/ro\/wp-json\/wp\/v2\/product_tag?post=16201"}],"curies":[{"name":"wp","href":"https:\/\/api.w.org\/{rel}","templated":true}]}}