{"id":16223,"date":"2025-08-27T10:29:31","date_gmt":"2025-08-27T08:29:31","guid":{"rendered":"https:\/\/proterm.md\/?post_type=product&#038;p=16223"},"modified":"2025-08-27T10:29:31","modified_gmt":"2025-08-27T08:29:31","slug":"trecere-inox-o42x35","status":"publish","type":"product","link":"https:\/\/proterm.md\/ro\/product\/trecere-inox-o42x35\/","title":{"rendered":"Mufa redusa inox \u00d842&#215;35"},"content":{"rendered":"<p>Datorit\u0103 utiliz\u0103rii materialelor de \u00eenalt\u0103 calitate \u0219i a unui design robust, cuplajul asigur\u0103 o durat\u0103 lung\u0103 de via\u021b\u0103 f\u0103r\u0103 a fi nevoie de \u00eenlocuire.<br \/>\nFabricat din o\u021bel inoxidabil de \u00eenalt\u0103 calitate, ofer\u0103 durabilitate \u0219i rezisten\u021b\u0103 la coroziune, f\u0103c\u00e2ndu-l o alegere ideal\u0103 pentru utilizare \u00eentr-o varietate de sisteme de inginerie.<br \/>\nCuplajul de tranzi\u021bie din o\u021bel inoxidabil AISI 304 este proiectat pentru conectarea fiabil\u0103 a conductelor \u00een sistemele de alimentare cu ap\u0103 \u0219i \u00eenc\u0103lzire.<\/p>\n<p>Este potrivit pentru utilizare \u00een condi\u021bii industriale \u0219i casnice \u0219i asigur\u0103 conexiuni fiabile \u0219i str\u00e2nse.<br \/>\n<strong>Clien\u021bii no\u0219tri beneficiaz\u0103 gratuit de aparatul de pressare a fitingurilor si tevei de inox timp de 3 zile.<\/strong><\/p>","protected":false},"excerpt":{"rendered":"<p>Tip &#8211; mufa redusa<br \/>\nDiametru &#8211; 42&#215;35 mm<br \/>\nCalitatea o\u021belului &#8211; AISI 304<br \/>\nProducator &#8211; Tivoli<\/p>\n","protected":false},"featured_media":16218,"template":"","meta":{"_joinchat":[]},"product_brand":[],"product_cat":[2354],"product_tag":[2353],"class_list":{"0":"post-16223","1":"product","2":"type-product","3":"status-publish","4":"has-post-thumbnail","6":"product_cat-inox","7":"product_tag-tivoli","8":"pa_diametru-42x35","9":"pa_diametru-2360","10":"pa_diametru-2361","11":"pa_fitting-polypropylene-mufa-redusa","12":"pa_thread-type-inside","14":"first","15":"instock","16":"shipping-taxable","17":"product-type-simple"},"_links":{"self":[{"href":"https:\/\/proterm.md\/ro\/wp-json\/wp\/v2\/product\/16223","targetHints":{"allow":["GET"]}}],"collection":[{"href":"https:\/\/proterm.md\/ro\/wp-json\/wp\/v2\/product"}],"about":[{"href":"https:\/\/proterm.md\/ro\/wp-json\/wp\/v2\/types\/product"}],"wp:featuredmedia":[{"embeddable":true,"href":"https:\/\/proterm.md\/ro\/wp-json\/wp\/v2\/media\/16218"}],"wp:attachment":[{"href":"https:\/\/proterm.md\/ro\/wp-json\/wp\/v2\/media?parent=16223"}],"wp:term":[{"taxonomy":"product_brand","embeddable":true,"href":"https:\/\/proterm.md\/ro\/wp-json\/wp\/v2\/product_brand?post=16223"},{"taxonomy":"product_cat","embeddable":true,"href":"https:\/\/proterm.md\/ro\/wp-json\/wp\/v2\/product_cat?post=16223"},{"taxonomy":"product_tag","embeddable":true,"href":"https:\/\/proterm.md\/ro\/wp-json\/wp\/v2\/product_tag?post=16223"}],"curies":[{"name":"wp","href":"https:\/\/api.w.org\/{rel}","templated":true}]}}