{"id":16239,"date":"2025-08-27T10:29:05","date_gmt":"2025-08-27T08:29:05","guid":{"rendered":"https:\/\/proterm.md\/?post_type=product&#038;p=16239"},"modified":"2025-08-27T10:29:05","modified_gmt":"2025-08-27T08:29:05","slug":"racord-drept-inox-o54x2","status":"publish","type":"product","link":"https:\/\/proterm.md\/ro\/product\/racord-drept-inox-o54x2\/","title":{"rendered":"Racord drept inox \u00d854&#215;2&#8243;M"},"content":{"rendered":"<p>Datorit\u0103 utiliz\u0103rii materialelor de \u00eenalt\u0103 calitate \u0219i a unui design robust, cuplajul asigur\u0103 o durat\u0103 lung\u0103 de via\u021b\u0103 f\u0103r\u0103 a fi nevoie de \u00eenlocuire.<br \/>\nFabricat din o\u021bel inoxidabil de \u00eenalt\u0103 calitate, ofer\u0103 durabilitate \u0219i rezisten\u021b\u0103 la coroziune, f\u0103c\u00e2ndu-l o alegere ideal\u0103 pentru utilizare \u00eentr-o varietate de sisteme de inginerie.<\/p>\n<p><strong>Clien\u021bii no\u0219tri beneficiaz\u0103 gratuit de aparatul de pressare a fitingurilor si tevei de inox timp de 3 zile.<\/strong><\/p>","protected":false},"excerpt":{"rendered":"<p>Tip &#8211; racord drept<br \/>\nDiametru &#8211; 54&#215;2&#8243;M<br \/>\nCalitatea o\u021belului &#8211; AISI 304<br \/>\nProducator &#8211; Tivoli<\/p>\n","protected":false},"featured_media":16229,"template":"","meta":{"_joinchat":[]},"product_brand":[],"product_cat":[2354],"product_tag":[2353],"class_list":{"0":"post-16239","1":"product","2":"type-product","3":"status-publish","4":"has-post-thumbnail","6":"product_cat-inox","7":"product_tag-tivoli","8":"pa_diametru-54x2","9":"pa_diametru-2362","10":"pa_fitting-polypropylene-racord-drept","11":"pa_thread-type-combined","13":"first","14":"instock","15":"shipping-taxable","16":"product-type-simple"},"_links":{"self":[{"href":"https:\/\/proterm.md\/ro\/wp-json\/wp\/v2\/product\/16239","targetHints":{"allow":["GET"]}}],"collection":[{"href":"https:\/\/proterm.md\/ro\/wp-json\/wp\/v2\/product"}],"about":[{"href":"https:\/\/proterm.md\/ro\/wp-json\/wp\/v2\/types\/product"}],"wp:featuredmedia":[{"embeddable":true,"href":"https:\/\/proterm.md\/ro\/wp-json\/wp\/v2\/media\/16229"}],"wp:attachment":[{"href":"https:\/\/proterm.md\/ro\/wp-json\/wp\/v2\/media?parent=16239"}],"wp:term":[{"taxonomy":"product_brand","embeddable":true,"href":"https:\/\/proterm.md\/ro\/wp-json\/wp\/v2\/product_brand?post=16239"},{"taxonomy":"product_cat","embeddable":true,"href":"https:\/\/proterm.md\/ro\/wp-json\/wp\/v2\/product_cat?post=16239"},{"taxonomy":"product_tag","embeddable":true,"href":"https:\/\/proterm.md\/ro\/wp-json\/wp\/v2\/product_tag?post=16239"}],"curies":[{"name":"wp","href":"https:\/\/api.w.org\/{rel}","templated":true}]}}