{"id":16475,"date":"2025-04-17T09:56:27","date_gmt":"2025-04-17T07:56:27","guid":{"rendered":"https:\/\/proterm.md\/?post_type=product&#038;p=16475"},"modified":"2025-10-03T09:00:53","modified_gmt":"2025-10-03T07:00:53","slug":"boiler-okc-200-ntr-hp-pompa-de-caldura","status":"publish","type":"product","link":"https:\/\/proterm.md\/ro\/product\/boiler-okc-200-ntr-hp-pompa-de-caldura\/","title":{"rendered":"Boiler OKC 200 NTR\/HP"},"content":{"rendered":"<div class=\"wpb-content-wrapper\"><p>[vc_row][vc_column][vc_column_text css_animation=&#8221;bounceIn&#8221; text_larger=&#8221;no&#8221;]Boiler cu o suprafa\u021b\u0103 m\u0103rit\u0103 a schimb\u0103torului de c\u0103ldur\u0103 pentru conectarea la pompe de c\u0103ldur\u0103 \u0219i alte surse de temperatur\u0103 sc\u0103zut\u0103.<\/p>\n<p><strong>Boilerul este potrivit pentru o pomp\u0103 de c\u0103ldur\u0103<\/strong><br \/>\nIzola\u021bie <em>Covestro<\/em> de \u00eenalt\u0103 calitate pentru a reduce pierderile de c\u0103ldur\u0103 \u0219i a minimiza costurile de intretinere<br \/>\nEste posibil\u0103 instalarea unui element de \u00eenc\u0103lzire \u00een\u0219urubat TJ 6\/4&#8243;.<br \/>\nEste posibil\u0103 instalarea elementului de \u00eenc\u0103lzire cu flan\u0219\u0103 TPJ, R<br \/>\nStratul anticoroziv nu este supus coroziunii atunci c\u00e2nd este \u00een contact cu apa dur\u0103 \u0219i clorurat\u0103<br \/>\nCazan cu un schimb\u0103tor de c\u0103ldur\u0103<br \/>\nEste posibil\u0103 instalarea elementului de \u00eenc\u0103lzire cu flan\u0219\u0103 TPK[\/vc_column_text][\/vc_column][\/vc_row]<\/p>\n<\/div>","protected":false},"excerpt":{"rendered":"<p>volum &#8211; 208 l<br \/>\nclasa de eficien\u021b\u0103 energetic\u0103 a \u00eenc\u0103lzirii apei calde &#8211; C<br \/>\nMax. presiunea de lucru &#8211; 10 bari<br \/>\nMax. temperatura de lucru &#8211; 110 \u00b0 \u0421<br \/>\nTensiune &#8211; 230 V<br \/>\nfrecven\u021b\u0103 &#8211; 50 Hz<br \/>\ndiametru &#8211; 584 mm<br \/>\n\u00een\u0103l\u021bime &#8211; 1355 mm<br \/>\ngreutate &#8211; 102 kg<br \/>\nSuprafa\u021ba schimb\u0103torului de c\u0103ldur\u0103 &#8211; 2 m2<br \/>\nconexiune schimb\u0103tor de c\u0103ldur\u0103 &#8211; lateral<br \/>\nnum\u0103r de schimb\u0103toare &#8211; 1<br \/>\n<img decoding=\"async\" class=\"alignnone wp-image-7559\" src=\"https:\/\/proterm.md\/wp-content\/uploads\/2021\/12\/icopdf-min-300x300.png\" alt=\"\" width=\"25\" height=\"25\" srcset=\"https:\/\/proterm.md\/wp-content\/uploads\/2021\/12\/icopdf-min-300x300.png 300w, https:\/\/proterm.md\/wp-content\/uploads\/2021\/12\/icopdf-min-150x150.png 150w, https:\/\/proterm.md\/wp-content\/uploads\/2021\/12\/icopdf-min-250x250.png 250w, https:\/\/proterm.md\/wp-content\/uploads\/2021\/12\/icopdf-min-450x450.png 450w, https:\/\/proterm.md\/wp-content\/uploads\/2021\/12\/icopdf-min-500x500.png 500w, https:\/\/proterm.md\/wp-content\/uploads\/2021\/12\/icopdf-min-100x100.png 100w, https:\/\/proterm.md\/wp-content\/uploads\/2021\/12\/icopdf-min.png 512w\" sizes=\"(max-width: 25px) 100vw, 25px\" \/><a href=\"https:\/\/proterm.md\/wp-content\/uploads\/2025\/04\/OKC_200-500_NTR_HP_1_1_2023_RUS.pdf\" target=\"_blank\" rel=\"noopener\">Date tehnice<\/a><\/p>\n<p>!!!Recomandat transportarea in pozitie verticala<\/p>\n","protected":false},"featured_media":16476,"template":"","meta":{"_joinchat":[]},"product_brand":[],"product_cat":[97],"product_tag":[219],"class_list":{"0":"post-16475","1":"product","2":"type-product","3":"status-publish","4":"has-post-thumbnail","6":"product_cat-boiler_drazice","7":"product_tag-drazice","8":"pa_brand-drazice","9":"pa_name-boiler-drazice","10":"pa_number-serpents-212","11":"pa_tip-boilers-thermo-electric","12":"pa_volume-225","14":"first","15":"instock","16":"shipping-taxable","17":"product-type-simple"},"_links":{"self":[{"href":"https:\/\/proterm.md\/ro\/wp-json\/wp\/v2\/product\/16475","targetHints":{"allow":["GET"]}}],"collection":[{"href":"https:\/\/proterm.md\/ro\/wp-json\/wp\/v2\/product"}],"about":[{"href":"https:\/\/proterm.md\/ro\/wp-json\/wp\/v2\/types\/product"}],"wp:featuredmedia":[{"embeddable":true,"href":"https:\/\/proterm.md\/ro\/wp-json\/wp\/v2\/media\/16476"}],"wp:attachment":[{"href":"https:\/\/proterm.md\/ro\/wp-json\/wp\/v2\/media?parent=16475"}],"wp:term":[{"taxonomy":"product_brand","embeddable":true,"href":"https:\/\/proterm.md\/ro\/wp-json\/wp\/v2\/product_brand?post=16475"},{"taxonomy":"product_cat","embeddable":true,"href":"https:\/\/proterm.md\/ro\/wp-json\/wp\/v2\/product_cat?post=16475"},{"taxonomy":"product_tag","embeddable":true,"href":"https:\/\/proterm.md\/ro\/wp-json\/wp\/v2\/product_tag?post=16475"}],"curies":[{"name":"wp","href":"https:\/\/api.w.org\/{rel}","templated":true}]}}