{"id":16483,"date":"2025-09-02T08:39:13","date_gmt":"2025-09-02T06:39:13","guid":{"rendered":"https:\/\/proterm.md\/?post_type=product&#038;p=16483"},"modified":"2025-11-03T12:27:34","modified_gmt":"2025-11-03T10:27:34","slug":"valvola-antiinghet-mut-n-icemut","status":"publish","type":"product","link":"https:\/\/proterm.md\/ro\/product\/valvola-antiinghet-mut-n-icemut\/","title":{"rendered":"Valvola antiinghet Mut 1&#8243;1\/4"},"content":{"rendered":"<p>Supapa antiinghet N-ICEMUT permite golirea lichidului (apa) continut in circuite atunci cand temperatura acestuia scade la o valoare intre 2 si 4 grade.<br \/>\nAcest lucru previne formarea ghe\u021bii \u00een circuitul sistemului, de obicei cu o pomp\u0103 de c\u0103ldur\u0103 sau un sistem hibrid, evit\u00e2nd astfel posibile deteriorari ale conductelor \u0219i a produsului in sine.<br \/>\nValvola antiinghet Mut N-ICEMUT este, de asemenea, echipat\u0103 cu un sistem inovator de spargere a vidului cu un indicator care afi\u0219eaz\u0103 starea sa de func\u021bionare.<\/p>","protected":false},"excerpt":{"rendered":"<p>Valvola antiinghet N-ICEMUT.<br \/>\n\u2022 Disponibil cu racorduri filetate tat\u0103:<br \/>\nG1\u201d1\/4 (ISO228\/1)<br \/>\nCorp din alam\u0103<br \/>\n\u2022 Presiune maxim\u0103 de lucru 10 bar<br \/>\n\u2022 Domeniu de temperatur\u0103 de func\u021bionare 0\u00f790 \u00b0C<br \/>\n\u2022 Domeniu de temperatur\u0103 ambiental\u0103: -30\u00f760\u00b0C<br \/>\n\u2022 Temperatura fluidului la deschidere: 3\u00b0C \u00b1 1\u00b0C<br \/>\n\u2022 Temperatura fluidului de inchidere: 4\u00b0C \u00b1 1\u00b0C<\/p>\n<p><a href=\"https:\/\/proterm.md\/wp-content\/uploads\/2025\/04\/MUT_ST_N_ICE_MUT_REV04.pdf\" target=\"_blank\" rel=\"noopener\"><img decoding=\"async\" class=\"alignnone wp-image-7559\" src=\"https:\/\/proterm.md\/wp-content\/uploads\/2021\/12\/icopdf-min-300x300.png\" alt=\"\" width=\"41\" height=\"41\" srcset=\"https:\/\/proterm.md\/wp-content\/uploads\/2021\/12\/icopdf-min-300x300.png 300w, https:\/\/proterm.md\/wp-content\/uploads\/2021\/12\/icopdf-min-150x150.png 150w, https:\/\/proterm.md\/wp-content\/uploads\/2021\/12\/icopdf-min-250x250.png 250w, https:\/\/proterm.md\/wp-content\/uploads\/2021\/12\/icopdf-min-450x450.png 450w, https:\/\/proterm.md\/wp-content\/uploads\/2021\/12\/icopdf-min-500x500.png 500w, https:\/\/proterm.md\/wp-content\/uploads\/2021\/12\/icopdf-min-100x100.png 100w, https:\/\/proterm.md\/wp-content\/uploads\/2021\/12\/icopdf-min.png 512w\" sizes=\"(max-width: 41px) 100vw, 41px\" \/>Date tehnice<\/a><\/p>\n<p><a href=\"https:\/\/proterm.md\/wp-content\/uploads\/2024\/10\/MUT-Vana.mp4\" target=\"_blank\" rel=\"noopener\"><img decoding=\"async\" class=\"alignnone size-full wp-image-7732\" src=\"https:\/\/proterm.md\/wp-content\/uploads\/2021\/02\/video.png\" alt=\"Video Player\" width=\"40\" height=\"40\" \/> <\/a><a href=\"https:\/\/proterm.md\/wp-content\/uploads\/2024\/10\/MUT-Vana.mp4\" target=\"_blank\" rel=\"noopener\">Despre produs<\/a><\/p>\n","protected":false},"featured_media":16491,"template":"","meta":{"_joinchat":[]},"product_brand":[],"product_cat":[116,1467],"product_tag":[571],"class_list":{"0":"post-16483","1":"product","2":"type-product","3":"status-publish","4":"has-post-thumbnail","6":"product_cat-filtru_apa","7":"product_cat-pompa_caldura","8":"product_tag-mut-meccanica-tovo","9":"pa_brand-mut-meccanica-tovo-logo","11":"first","12":"instock","13":"shipping-taxable","14":"product-type-simple"},"_links":{"self":[{"href":"https:\/\/proterm.md\/ro\/wp-json\/wp\/v2\/product\/16483","targetHints":{"allow":["GET"]}}],"collection":[{"href":"https:\/\/proterm.md\/ro\/wp-json\/wp\/v2\/product"}],"about":[{"href":"https:\/\/proterm.md\/ro\/wp-json\/wp\/v2\/types\/product"}],"wp:featuredmedia":[{"embeddable":true,"href":"https:\/\/proterm.md\/ro\/wp-json\/wp\/v2\/media\/16491"}],"wp:attachment":[{"href":"https:\/\/proterm.md\/ro\/wp-json\/wp\/v2\/media?parent=16483"}],"wp:term":[{"taxonomy":"product_brand","embeddable":true,"href":"https:\/\/proterm.md\/ro\/wp-json\/wp\/v2\/product_brand?post=16483"},{"taxonomy":"product_cat","embeddable":true,"href":"https:\/\/proterm.md\/ro\/wp-json\/wp\/v2\/product_cat?post=16483"},{"taxonomy":"product_tag","embeddable":true,"href":"https:\/\/proterm.md\/ro\/wp-json\/wp\/v2\/product_tag?post=16483"}],"curies":[{"name":"wp","href":"https:\/\/api.w.org\/{rel}","templated":true}]}}