{"id":16531,"date":"2025-12-01T10:58:03","date_gmt":"2025-12-01T08:58:03","guid":{"rendered":"https:\/\/proterm.md\/?post_type=product&#038;p=16531"},"modified":"2026-01-01T10:07:44","modified_gmt":"2026-01-01T08:07:44","slug":"termostat-vana-de-amestec-mut","status":"publish","type":"product","link":"https:\/\/proterm.md\/ro\/product\/termostat-vana-de-amestec-mut\/","title":{"rendered":"Termostat vana de amestec MUT\/TD3000 50\u00b0C"},"content":{"rendered":"<p>Kitul de inlocuire a cartusului pentru vana de amestec TD3000 este un cartus cu senzor termostatic cu calibrare fixa, oferind mari avantaje in ceea ce priveste fiabilitatea si usurinta in instalare a sistemului. Set\u0103ri disponibile: 45\u00b0C, 50\u00b0C, 55\u00b0C, 63\u00b0C, 72\u00b0C, 78\u00b0C. Pentru a asigura o precizie ridicat\u0103, senzorul termostatic este scufundat direct \u00een lichidul de r\u0103cire. Interval de utilizare: 5 \u2013 110 \u00b0C. Presiune maxim\u0103 de lucru: 10 bar.<\/p>","protected":false},"excerpt":{"rendered":"<p>Presiune nominal\u0103: 10 bar<br \/>\nInterval de temperatur\u0103 a lichidului 5 \u00f7 100 \u00b0 C [max.]<br \/>\nInterval de reglare a lichidului de evacuare 45 \u00b0C \u00f7 50 \u00b0C \u00f7 55 \u00b0C \u00f7 63 \u00b0C \u00f7 72 \u00b0C \u00f7 78 \u00b0C<br \/>\n<strong>Calibrare 50\u00b0C\u00a0\u00a0<\/strong><\/p>\n<p><a href=\"https:\/\/proterm.md\/wp-content\/uploads\/2024\/10\/Mut-2024-Catalogue_eng.pdf\" target=\"_blank\" rel=\"noopener\"><img decoding=\"async\" class=\"alignnone wp-image-7559\" src=\"https:\/\/proterm.md\/wp-content\/uploads\/2021\/12\/icopdf-min-250x250.png\" alt=\"\" width=\"32\" height=\"32\" srcset=\"https:\/\/proterm.md\/wp-content\/uploads\/2021\/12\/icopdf-min-250x250.png 250w, https:\/\/proterm.md\/wp-content\/uploads\/2021\/12\/icopdf-min-150x150.png 150w, https:\/\/proterm.md\/wp-content\/uploads\/2021\/12\/icopdf-min-450x450.png 450w, https:\/\/proterm.md\/wp-content\/uploads\/2021\/12\/icopdf-min-300x300.png 300w, https:\/\/proterm.md\/wp-content\/uploads\/2021\/12\/icopdf-min-500x500.png 500w, https:\/\/proterm.md\/wp-content\/uploads\/2021\/12\/icopdf-min-100x100.png 100w, https:\/\/proterm.md\/wp-content\/uploads\/2021\/12\/icopdf-min.png 512w\" sizes=\"(max-width: 32px) 100vw, 32px\" \/>Catalog produse<\/a><\/p>\n<p>&nbsp;<\/p>\n<p>\u00ceNLOCUIRE TERMOSTAT<\/p>\n<p>1 &#8211; Opri\u021bi pompa<br \/>\n2 &#8211; \u00cenchide\u021bi robinetele cu bil\u0103 cu trei c\u0103i.<br \/>\n3 &#8211; Sl\u0103bi\u021bi complet cele dou\u0103 \u0219uruburi ale capacului cartu\u0219ului TM 3000.<br \/>\n4 &#8211; Scoate\u021bi capacul cartu\u0219ului TM 3000.<br \/>\n5 &#8211; Instala\u021bi noul capac pentru cartu\u015f cu termostatul dorit.<br \/>\n6 &#8211; \u00cen\u0219uruba\u021bi dou\u0103 \u0219uruburi<br \/>\n7 &#8211; Deschide\u021bi cele trei robinete cu bil\u0103 \u0219i umple\u021bi sistemul dac\u0103 este necesar.<br \/>\n8 &#8211; Acum sistemul este gata de func\u021bionare.<br \/>\n9 &#8211; Porni\u021bi pompa din nou.<\/p>\n","protected":false},"featured_media":16532,"template":"","meta":{"_joinchat":[]},"product_brand":[],"product_cat":[42],"product_tag":[571],"class_list":{"0":"post-16531","1":"product","2":"type-product","3":"status-publish","4":"has-post-thumbnail","6":"product_cat-automatizari_elemente_de_actionare","7":"product_tag-mut-meccanica-tovo","8":"pa_brand-mut-meccanica-tovo-logo","10":"first","11":"instock","12":"shipping-taxable","13":"product-type-simple"},"_links":{"self":[{"href":"https:\/\/proterm.md\/ro\/wp-json\/wp\/v2\/product\/16531","targetHints":{"allow":["GET"]}}],"collection":[{"href":"https:\/\/proterm.md\/ro\/wp-json\/wp\/v2\/product"}],"about":[{"href":"https:\/\/proterm.md\/ro\/wp-json\/wp\/v2\/types\/product"}],"wp:featuredmedia":[{"embeddable":true,"href":"https:\/\/proterm.md\/ro\/wp-json\/wp\/v2\/media\/16532"}],"wp:attachment":[{"href":"https:\/\/proterm.md\/ro\/wp-json\/wp\/v2\/media?parent=16531"}],"wp:term":[{"taxonomy":"product_brand","embeddable":true,"href":"https:\/\/proterm.md\/ro\/wp-json\/wp\/v2\/product_brand?post=16531"},{"taxonomy":"product_cat","embeddable":true,"href":"https:\/\/proterm.md\/ro\/wp-json\/wp\/v2\/product_cat?post=16531"},{"taxonomy":"product_tag","embeddable":true,"href":"https:\/\/proterm.md\/ro\/wp-json\/wp\/v2\/product_tag?post=16531"}],"curies":[{"name":"wp","href":"https:\/\/api.w.org\/{rel}","templated":true}]}}