{"id":16577,"date":"2025-06-12T11:25:54","date_gmt":"2025-06-12T09:25:54","guid":{"rendered":"https:\/\/proterm.md\/?post_type=product&#038;p=16577"},"modified":"2025-06-12T11:25:54","modified_gmt":"2025-06-12T09:25:54","slug":"suport-pentru-conditionere-60cm","status":"publish","type":"product","link":"https:\/\/proterm.md\/ro\/product\/suport-pentru-conditionere-60cm\/","title":{"rendered":"Suport pentru conditionere 60cm"},"content":{"rendered":"<div class=\"wpb-content-wrapper\"><p>[vc_row][vc_column][vc_column_text text_larger=&#8221;no&#8221;]La magazinul Proterm, g\u0103si\u021bi suporturi pentru aparatele de aer condi\u021bionat, oferite la cele mai avantajoase pre\u021buri. Produsele noastre sunt fabricate din materiale rezistente, asigur\u00e2nd instalarea sigur\u0103 \u0219i stabil\u0103 a unit\u0103\u021bilor, fie c\u0103 sunt montate pe perete sau pe pardoseal\u0103. Beneficia\u021bi de oferte competitive \u0219i consultan\u021b\u0103 specializat\u0103 pentru a alege solu\u021bia perfect\u0103 pentru confortul dumneavoastr\u0103![\/vc_column_text][\/vc_column][\/vc_row]<\/p>\n<\/div>","protected":false},"excerpt":{"rendered":"<p>Lungime &#8211; 60 cm<br \/>\nMaterial &#8211; o\u021bel, 2 mm<br \/>\nAntivibrantele se vand aparte<br \/>\nSet &#8211; 2 unitati<br \/>\nVopsite in camp electrostatic, r\u0103\u0219in\u0103 epoxidic\u0103 poliesteric\u0103 pentru uz exterior<br \/>\nRecomandate pentru unitati externe cuprinse intre 12000 &#8211; 35000 BTU<br \/>\nPentru prinderea unitatilor externe de pana la 180 Kg<br \/>\nDimensiune: 470 x 600 mm<\/p>\n<p><img decoding=\"async\" class=\"alignnone size-full wp-image-7710\" src=\"https:\/\/proterm.md\/wp-content\/uploads\/2021\/02\/pdf.png\" alt=\"PDF download\" width=\"40\" height=\"40\" \/><a href=\"https:\/\/proterm.md\/wp-content\/uploads\/2022\/05\/Suporturi-conditioner.pdf\" target=\"_blank\" rel=\"noopener\">Fisa tehnica<\/a><\/p>\n","protected":false},"featured_media":16578,"template":"","meta":{"_joinchat":[]},"product_brand":[],"product_cat":[94],"product_tag":[],"class_list":{"0":"post-16577","1":"product","2":"type-product","3":"status-publish","4":"has-post-thumbnail","6":"product_cat-conditioner_invertor","8":"first","9":"instock","10":"shipping-taxable","11":"product-type-simple"},"_links":{"self":[{"href":"https:\/\/proterm.md\/ro\/wp-json\/wp\/v2\/product\/16577","targetHints":{"allow":["GET"]}}],"collection":[{"href":"https:\/\/proterm.md\/ro\/wp-json\/wp\/v2\/product"}],"about":[{"href":"https:\/\/proterm.md\/ro\/wp-json\/wp\/v2\/types\/product"}],"wp:featuredmedia":[{"embeddable":true,"href":"https:\/\/proterm.md\/ro\/wp-json\/wp\/v2\/media\/16578"}],"wp:attachment":[{"href":"https:\/\/proterm.md\/ro\/wp-json\/wp\/v2\/media?parent=16577"}],"wp:term":[{"taxonomy":"product_brand","embeddable":true,"href":"https:\/\/proterm.md\/ro\/wp-json\/wp\/v2\/product_brand?post=16577"},{"taxonomy":"product_cat","embeddable":true,"href":"https:\/\/proterm.md\/ro\/wp-json\/wp\/v2\/product_cat?post=16577"},{"taxonomy":"product_tag","embeddable":true,"href":"https:\/\/proterm.md\/ro\/wp-json\/wp\/v2\/product_tag?post=16577"}],"curies":[{"name":"wp","href":"https:\/\/api.w.org\/{rel}","templated":true}]}}