{"id":16617,"date":"2025-05-08T11:24:29","date_gmt":"2025-05-08T09:24:29","guid":{"rendered":"https:\/\/proterm.md\/?post_type=product&#038;p=16617"},"modified":"2025-06-10T07:40:27","modified_gmt":"2025-06-10T05:40:27","slug":"conditioner-inverter-auratsu-12btu","status":"publish","type":"product","link":"https:\/\/proterm.md\/ro\/product\/conditioner-inverter-auratsu-12btu\/","title":{"rendered":"Conditioner Auratsu Osaka 35m12BTU"},"content":{"rendered":"<div class=\"wpb-content-wrapper\"><p>[vc_row][vc_column][vc_video link=&#8221;https:\/\/youtu.be\/mHvsqa0dkxg&#8221; el_aspect=&#8221;43&#8243; align=&#8221;center&#8221; title=&#8221;Linia de producere a conditionerelor Auratsu si Kaisa&#8221; image_poster_switch=&#8221;no&#8221;][\/vc_column][\/vc_row][vc_row][vc_column][vc_column_text css_animation=&#8221;bounceIn&#8221; text_larger=&#8221;no&#8221;]<strong style=\"color: red;\">**Descriere produs**<\/strong><\/p>\n<p>Aparatele de aer condi\u021bionat Auratsu nu sunt doar echipamente, ci reprezint\u0103 o combina\u021bie de \u00eenalt\u0103 calitate, func\u021bii atent g\u00e2ndite \u0219i design elegant, care se va potrivi \u00een orice interior. Sunt ideale at\u00e2t pentru o cas\u0103 sau un apartament, c\u00e2t \u0219i pentru un birou mic, o cafenea sau un restaurant.<\/p>\n<p><strong style=\"color: red;\">**Aripioare de aur**<\/strong><\/p>\n<p>Un strat special de acoperire pe schimb\u0103torul de c\u0103ldur\u0103 este ca un strat protector care previne ruginirea acestuia. Datorit\u0103 acestui fapt, aparatul de aer condi\u021bionat func\u021bioneaz\u0103 mai eficient \u0219i mai mult timp, chiar dac\u0103 trebuie s\u0103 func\u021bioneze \u00een condi\u021bii dificile. \u00cen plus, ajut\u0103 la economisirea la \u00eentre\u021binere.<\/p>\n<p><strong style=\"color: red;\">**Mod ECO**<\/strong><\/p>\n<p>Activa\u021bi modul \u201eECO\u201d, iar aparatul de aer condi\u021bionat se va ocupa de func\u021bionarea c\u00e2t mai economic posibil. Va regla automat temperatura \u0219i viteza ventilatorului. Drept urmare, cheltui\u021bi cu 60% mai pu\u021bin\u0103 energie electric\u0103 \u00een compara\u021bie cu modul normal &#8211; o economie pl\u0103cut\u0103!<\/p>\n<p><strong style=\"color: red;\">**\u00cenc\u0103lzire 8 \u00b0C**<\/strong><\/p>\n<p>Aceast\u0103 func\u021bie este o adev\u0103rat\u0103 descoperire pentru cei care nu folosesc camera \u00een mod constant. Men\u021bine temperatura la 8\u00b0C, \u00eempiedic\u00e2nd r\u0103cirea excesiv\u0103 a cl\u0103dirii \u0219i \u00eempiedic\u00e2nd \u00eenghe\u021barea aparatului de aer condi\u021bionat. Perfect pentru c\u0103su\u021be de var\u0103 sau depozite.<\/p>\n<p><strong style=\"color: red;\">**\u00cenc\u0103lzitor tav\u0103 de condens**<\/strong><\/p>\n<p>Iarna, c\u00e2nd aparatul de aer condi\u021bionat func\u021bioneaz\u0103 pentru \u00eenc\u0103lzire, condensul poate \u00eenghe\u021ba. Dar cu acest \u00eenc\u0103lzitor, o astfel de problem\u0103 nu va ap\u0103rea. Previne transformarea condensului \u00een ghea\u021b\u0103, astfel \u00eenc\u00e2t aparatul de aer condi\u021bionat continu\u0103 s\u0103 func\u021bioneze f\u0103r\u0103 defec\u021biuni chiar \u0219i \u00een cazul \u00eenghe\u021burilor severe. Acest lucru \u00eel face cu adev\u0103rat fiabil \u00een sezonul rece.<\/p>\n<p><strong style=\"color: red;\">**Autodiagnostic**<\/strong><br \/>\nAparatul de aer condi\u021bionat \u00ee\u0219i monitorizeaz\u0103 func\u021bionarea \u0219i se opre\u0219te dac\u0103 detecteaz\u0103 o defec\u021biune sau o defec\u021biune. Codul de eroare este afi\u0219at pe panoul de control al unit\u0103\u021bii interioare.[\/vc_column_text][\/vc_column][\/vc_row]<\/p>\n<\/div>","protected":false},"excerpt":{"rendered":"<p><strong>Wi-FI &#8211; Da\u00a0 \/ Functionare Iarna pana la\u00a0 -20\u00b0C \/ Padon incalzit<\/strong><\/p>\n<p>Auratsu Osaka ATC-12CLH(bloc intern), ATC-12CLHO(bloc extern)<\/p>\n<p>Clasa de eficien\u021b\u0103 energetic\u0103 r\u0103cire\/\u00eenc\u0103lzire A++\/A+<br \/>\nSCOP (mediu) 4,0<br \/>\nSEER (mediu) 6,1<\/p>\n<p>Consum de energie r\u0103cire (min-max) (W) 1130 (290\u00f71500)<br \/>\nConsum de energie \u00eenc\u0103lzire (min-max) (W) 1005 (290\u00f71720)<br \/>\nCurent de func\u021bionare r\u0103cire (A) 5.8 (1.5\u00f79.0)<br \/>\nCurent de func\u021bionare \u00eenc\u0103lzire (A) 4.4 (1.5\u00f710.0)<\/p>\n<p>Debitul de aer al unit\u0103\u021bii interioare (m3\/h) 570\/530\/500\/460\/430\/390\/360<br \/>\nDebitul de aer al unit\u0103\u021bii exterioare (m3\/h) 1700<\/p>\n<p>Temperatura de func\u021bionare r\u0103cire\/\u00eenc\u0103lzire interioar\u0103 (\u00b0C) 17\u00f732\/0\u00f730<br \/>\nTemperatura de func\u021bionare r\u0103cire\/\u00eenc\u0103lzire exterioar\u0103 (\u00b0C)-15\u00f753\/-20\u00f730<\/p>\n<p>Presiunea sonor\u0103 a unit\u0103\u021bii interioare dB(A) 43\/40\/38\/35\/31\/27\/22<br \/>\nPresiunea sonor\u0103 a unit\u0103\u021bii exterioare dB(A) 54<\/p>\n<p>Dimensiunile unit\u0103\u021bii interioare l\/\u00ee\/a (mm) 840\/315\/260<br \/>\nDimensiunile unit\u0103\u021bii exterioare l\/\u00ee\/a (mm) 712\/459\/276<\/p>\n<p>Ambalaj unitate interioar\u0103 l\/\u00ee\/a (mm) 764\/325\/257<br \/>\nAmbalaj unitate exterioar\u0103 l\/\u00ee\/a (mm) 765\/481\/310<\/p>\n<p>Greutate net\u0103 a unit\u0103\u021bii interioare (kg) 7<br \/>\nGreutate net\u0103 a unit\u0103\u021bii exterioare (kg) 20<br \/>\nGreutate brut\u0103 a unit\u0103\u021bii interioare (kg) 9<br \/>\nGreutate brut\u0103 a unit\u0103\u021bii exterioare (kg) 23<\/p>\n<p>Diametre \u021bevi lichid\/gaz (mm) 6,35\/9,52<br \/>\nMax. lungimea instala\u021biei (m) 25<br \/>\nMax. diferen\u021b\u0103 de nivel (m) 10<\/p>\n<p>Alimentare unitate exterioar\u0103 (V\/Hz\/Ph) 220\u00f7240\/50\/1<br \/>\nUnitate exterioar\u0103 de protec\u021bie (A) 10<br \/>\nCabluri de alimentare unitate exterioar\u0103 (num\u0103r de fire x mm2) 3&#215;1.5<br \/>\nCabluri de control unitate interioar\u0103 \u2013 exterioar\u0103 (num\u0103r de fire x mm2) 4&#215;1.5<br \/>\nCantitate de agent frigorific din fabric\u0103 p\u00e2n\u0103 la 5 rm (kg) 0.52<br \/>\nCantitate suplimentar\u0103 de agent frigorific peste 5 rm (g\/m) 15<\/p>\n<p>Garantie &#8211; 2 ani<\/p>\n<p><img decoding=\"async\" class=\"alignnone wp-image-7559\" src=\"https:\/\/proterm.md\/wp-content\/uploads\/2021\/12\/icopdf-min-250x250.png\" alt=\"\" width=\"32\" height=\"32\" srcset=\"https:\/\/proterm.md\/wp-content\/uploads\/2021\/12\/icopdf-min-250x250.png 250w, https:\/\/proterm.md\/wp-content\/uploads\/2021\/12\/icopdf-min-150x150.png 150w, https:\/\/proterm.md\/wp-content\/uploads\/2021\/12\/icopdf-min-450x450.png 450w, https:\/\/proterm.md\/wp-content\/uploads\/2021\/12\/icopdf-min-300x300.png 300w, https:\/\/proterm.md\/wp-content\/uploads\/2021\/12\/icopdf-min-500x500.png 500w, https:\/\/proterm.md\/wp-content\/uploads\/2021\/12\/icopdf-min-100x100.png 100w, https:\/\/proterm.md\/wp-content\/uploads\/2021\/12\/icopdf-min.png 512w\" sizes=\"(max-width: 32px) 100vw, 32px\" \/><a href=\"https:\/\/proterm.md\/wp-content\/uploads\/2025\/05\/Auratsu-osaka-Manual.pdf\" target=\"_blank\" rel=\"noopener\">AURATSU Osaka manual de utilizare si con. WIFI<\/a><\/p>\n<p><img decoding=\"async\" class=\"alignnone wp-image-7559\" src=\"https:\/\/proterm.md\/wp-content\/uploads\/2021\/12\/icopdf-min-250x250.png\" alt=\"\" width=\"32\" height=\"32\" srcset=\"https:\/\/proterm.md\/wp-content\/uploads\/2021\/12\/icopdf-min-250x250.png 250w, https:\/\/proterm.md\/wp-content\/uploads\/2021\/12\/icopdf-min-150x150.png 150w, https:\/\/proterm.md\/wp-content\/uploads\/2021\/12\/icopdf-min-450x450.png 450w, https:\/\/proterm.md\/wp-content\/uploads\/2021\/12\/icopdf-min-300x300.png 300w, https:\/\/proterm.md\/wp-content\/uploads\/2021\/12\/icopdf-min-500x500.png 500w, https:\/\/proterm.md\/wp-content\/uploads\/2021\/12\/icopdf-min-100x100.png 100w, https:\/\/proterm.md\/wp-content\/uploads\/2021\/12\/icopdf-min.png 512w\" sizes=\"(max-width: 32px) 100vw, 32px\" \/><a href=\"https:\/\/proterm.md\/wp-content\/uploads\/2025\/05\/auratsu-osaka-en-1.pdf\" target=\"_blank\" rel=\"noopener\">Auratsu Osaka brosura<\/a><\/p>\n<p>&nbsp;<\/p>\n<p>Brandul Auratsu si Kaisai \u2013\u00a0 proprietate a grupului Klima-Therm Polonia.<\/p>\n<p>Toata gama de produse sunt exclusiv certificate si produse pentru piata din Europa si trec toate testele de certificare pentru a le vinde pe piata din Europa.<\/p>\n<p><img decoding=\"async\" class=\"alignnone wp-image-7559\" src=\"https:\/\/proterm.md\/wp-content\/uploads\/2021\/12\/icopdf-min-250x250.png\" alt=\"\" width=\"32\" height=\"32\" srcset=\"https:\/\/proterm.md\/wp-content\/uploads\/2021\/12\/icopdf-min-250x250.png 250w, https:\/\/proterm.md\/wp-content\/uploads\/2021\/12\/icopdf-min-150x150.png 150w, https:\/\/proterm.md\/wp-content\/uploads\/2021\/12\/icopdf-min-450x450.png 450w, https:\/\/proterm.md\/wp-content\/uploads\/2021\/12\/icopdf-min-300x300.png 300w, https:\/\/proterm.md\/wp-content\/uploads\/2021\/12\/icopdf-min-500x500.png 500w, https:\/\/proterm.md\/wp-content\/uploads\/2021\/12\/icopdf-min-100x100.png 100w, https:\/\/proterm.md\/wp-content\/uploads\/2021\/12\/icopdf-min.png 512w\" sizes=\"(max-width: 32px) 100vw, 32px\" \/><a href=\"https:\/\/proterm.md\/wp-content\/uploads\/2025\/05\/Auratsu-certificate-europene-de-conformitate.pdf\" target=\"_blank\" rel=\"noopener\">Auratsu Osaka declara\u021bie de conformitate EU<\/a><\/p>\n<p>&nbsp;<\/p>\n<p>&nbsp;<\/p>\n","protected":false},"featured_media":16613,"template":"","meta":{"_joinchat":[]},"product_brand":[],"product_cat":[94],"product_tag":[2398],"class_list":{"0":"post-16617","1":"product","2":"type-product","3":"status-publish","4":"has-post-thumbnail","6":"product_cat-conditioner_invertor","7":"product_tag-auratsu","8":"pa_brand-auratsu-osaka","9":"pa_putere_conditioner-12000-btu-30-35-m2","10":"pa_tip_conditioner-inverter","12":"first","13":"instock","14":"sale","15":"featured","16":"shipping-taxable","17":"product-type-simple"},"_links":{"self":[{"href":"https:\/\/proterm.md\/ro\/wp-json\/wp\/v2\/product\/16617","targetHints":{"allow":["GET"]}}],"collection":[{"href":"https:\/\/proterm.md\/ro\/wp-json\/wp\/v2\/product"}],"about":[{"href":"https:\/\/proterm.md\/ro\/wp-json\/wp\/v2\/types\/product"}],"wp:featuredmedia":[{"embeddable":true,"href":"https:\/\/proterm.md\/ro\/wp-json\/wp\/v2\/media\/16613"}],"wp:attachment":[{"href":"https:\/\/proterm.md\/ro\/wp-json\/wp\/v2\/media?parent=16617"}],"wp:term":[{"taxonomy":"product_brand","embeddable":true,"href":"https:\/\/proterm.md\/ro\/wp-json\/wp\/v2\/product_brand?post=16617"},{"taxonomy":"product_cat","embeddable":true,"href":"https:\/\/proterm.md\/ro\/wp-json\/wp\/v2\/product_cat?post=16617"},{"taxonomy":"product_tag","embeddable":true,"href":"https:\/\/proterm.md\/ro\/wp-json\/wp\/v2\/product_tag?post=16617"}],"curies":[{"name":"wp","href":"https:\/\/api.w.org\/{rel}","templated":true}]}}