{"id":16618,"date":"2025-05-09T07:22:37","date_gmt":"2025-05-09T05:22:37","guid":{"rendered":"https:\/\/proterm.md\/?post_type=product&#038;p=16618"},"modified":"2025-05-30T12:00:54","modified_gmt":"2025-05-30T10:00:54","slug":"conditioner-inverter-kaisai-ice-black","status":"publish","type":"product","link":"https:\/\/proterm.md\/ro\/product\/conditioner-inverter-kaisai-ice-black\/","title":{"rendered":"Conditioner Kaisai Ice 35m 12BTU Black"},"content":{"rendered":"<div class=\"wpb-content-wrapper\"><p>[vc_row][vc_column][vc_column_text css_animation=&#8221;bounceIn&#8221; text_larger=&#8221;no&#8221;]Aparatul de aer condi\u021bionat de perete <strong>Kaisai ICE<\/strong> este o unitate cu un panou modern \u0219i elegant, \u00een versiuni alb \u0219i negru. Pe l\u00e2ng\u0103 schema de culori, acesta dispune \u0219i de cea mai \u00eenalt\u0103 clas\u0103 de eficien\u021b\u0103 energetic\u0103 \u0219i o gam\u0103 larg\u0103 de op\u021biuni de control.<\/p>\n<p><strong style=\"color: red;\">Kaisai ICE<\/strong> este echipat cu o serie de caracteristici care au grij\u0103 de s\u0103n\u0103tatea \u0219i confortul ridicat al utilizatorului. Ionizarea aerului elimin\u0103 acarienii, mucegaiul, bacteriile \u0219i viru\u0219ii din mediul \u00eenconjur\u0103tor, umidific\u0103 aerul \u0219i ofer\u0103 o senza\u021bie pl\u0103cut\u0103 de prospe\u021bime \u00een \u00eenc\u0103perea climatizat\u0103. Func\u021bia de purificare este sus\u021binut\u0103 \u00een plus de un filtru Bio-HEPA care capteaz\u0103 particulele de murd\u0103rie \u0219i microorganismele.<\/p>\n<p>Func\u021bionarea convenabil\u0103 a aparatului de aer condi\u021bionat este asigurat\u0103 de un modul WiFi standard, care permite controlul parametrilor de func\u021bionare a aparatului de aer condi\u021bionat 24 de ore pe zi din orice loca\u021bie, modurile economice ECO \u0219i GEAR \u0219i alimentarea cu aer 3D pentru o circula\u021bie optim\u0103 a aerului \u0219i o distribu\u021bie uniform\u0103 a temperaturii \u00een camer\u0103.[\/vc_column_text][\/vc_column][\/vc_row][vc_row][vc_column][vc_video link=&#8221;https:\/\/youtu.be\/mHvsqa0dkxg&#8221; el_aspect=&#8221;43&#8243; align=&#8221;center&#8221; title=&#8221;Linia de producere a conditionerelor Auratsu si Kaisa&#8221; image_poster_switch=&#8221;no&#8221;][\/vc_column][\/vc_row]<\/p>\n<\/div>","protected":false},"excerpt":{"rendered":"<p><strong>Wi-FI &#8211; Da\u00a0 \/ Functionare Iarna pana la\u00a0 -25\u00b0C \/ Padon incalzit<\/strong><\/p>\n<p>Kaisai KLB-12KRHI (bloc intern), KLWB-12HRHO (bloc extern)<\/p>\n<p>Clas\u0103 de eficien\u021b\u0103 energetic\u0103 superioar\u0103 A+++ \u00een modul de r\u0103cire<br \/>\nSEER de \u00eenalt\u0103 clas\u0103: 8,8<br \/>\nSCOP: 4,6<br \/>\nMod de func\u021bionare: Automat, R\u0103cire, \u00cenc\u0103lzire, Ventila\u021bie<br \/>\nCuloarea la conditioner &#8211; negru<br \/>\nMotor CC de \u00eenalt\u0103 eficien\u021b\u0103<br \/>\nIonizare aer<br \/>\nFiltru bio HEPA<br \/>\nFlux de aer 3D Eco<br \/>\nMod de lucru cu angrenaj<br \/>\nCompresor \u0219i \u00eenc\u0103lzitor tav\u0103 de condens<br \/>\nTelecomand\u0103<br \/>\nWi-Fi<\/p>\n<p>Capacitate medie de r\u0103cire: 2,6 \/ 3,5 \/ 5,3 \/ 7,0 kW<br \/>\nCapacitate medie de \u00eenc\u0103lzire: 2,9 \/ 3,8 \/ 5,6 \/ 7,3 kW<br \/>\nTehnologie DC Inverter<br \/>\nLungime maxim\u0103 a \u021bevii: 25-50 m<br \/>\nDiferen\u021b\u0103 maxim\u0103 de \u00een\u0103l\u021bime: 10-25 m<br \/>\nAgent frigorific R32<br \/>\nClas\u0103 energetic\u0103 A+++\/A++<br \/>\nInterval de temperatur\u0103 de r\u0103cire recomandat: -15~50\u00b0C<br \/>\nInterval de temperatur\u0103 de \u00eenc\u0103lzire recomandat: -25~30\u00b0C<\/p>\n<p>&nbsp;<\/p>\n<p><img decoding=\"async\" class=\"alignnone wp-image-7559\" src=\"https:\/\/proterm.md\/wp-content\/uploads\/2021\/12\/icopdf-min-250x250.png\" alt=\"\" width=\"32\" height=\"32\" srcset=\"https:\/\/proterm.md\/wp-content\/uploads\/2021\/12\/icopdf-min-250x250.png 250w, https:\/\/proterm.md\/wp-content\/uploads\/2021\/12\/icopdf-min-150x150.png 150w, https:\/\/proterm.md\/wp-content\/uploads\/2021\/12\/icopdf-min-450x450.png 450w, https:\/\/proterm.md\/wp-content\/uploads\/2021\/12\/icopdf-min-300x300.png 300w, https:\/\/proterm.md\/wp-content\/uploads\/2021\/12\/icopdf-min-500x500.png 500w, https:\/\/proterm.md\/wp-content\/uploads\/2021\/12\/icopdf-min-100x100.png 100w, https:\/\/proterm.md\/wp-content\/uploads\/2021\/12\/icopdf-min.png 512w\" sizes=\"(max-width: 32px) 100vw, 32px\" \/><a href=\"https:\/\/proterm.md\/wp-content\/uploads\/2025\/05\/Fisa-tehnika-Kaisai-Black.pdf\" target=\"_blank\" rel=\"noopener\">Kaisai fisa tehnica<\/a><\/p>\n<p><strong>Cine este producatorul Kaisai?<\/strong><\/p>\n<p>Brandul Kaisai si Auratsu \u2013\u00a0 proprietate a grupului Klima-Therm Polonia.<\/p>\n<p>Toata gama de produse sunt exclusiv certificate si produse pentru piata din Europa si trec toate testele de certificare pentru a le vinde pe piata din Europa.<\/p>\n<p><img decoding=\"async\" class=\"alignnone wp-image-7559\" src=\"https:\/\/proterm.md\/wp-content\/uploads\/2021\/12\/icopdf-min-250x250.png\" alt=\"\" width=\"32\" height=\"32\" srcset=\"https:\/\/proterm.md\/wp-content\/uploads\/2021\/12\/icopdf-min-250x250.png 250w, https:\/\/proterm.md\/wp-content\/uploads\/2021\/12\/icopdf-min-150x150.png 150w, https:\/\/proterm.md\/wp-content\/uploads\/2021\/12\/icopdf-min-450x450.png 450w, https:\/\/proterm.md\/wp-content\/uploads\/2021\/12\/icopdf-min-300x300.png 300w, https:\/\/proterm.md\/wp-content\/uploads\/2021\/12\/icopdf-min-500x500.png 500w, https:\/\/proterm.md\/wp-content\/uploads\/2021\/12\/icopdf-min-100x100.png 100w, https:\/\/proterm.md\/wp-content\/uploads\/2021\/12\/icopdf-min.png 512w\" sizes=\"(max-width: 32px) 100vw, 32px\" \/><a href=\"https:\/\/proterm.md\/wp-content\/uploads\/2025\/05\/deklaracja-zgodnosci-03-24-1.pdf\" target=\"_blank\" rel=\"noopener\">Kaisai declara\u021bie de conformitate EU<\/a><\/p>\n","protected":false},"featured_media":16622,"template":"","meta":{"_joinchat":[]},"product_brand":[],"product_cat":[94],"product_tag":[1492],"class_list":{"0":"post-16618","1":"product","2":"type-product","3":"status-publish","4":"has-post-thumbnail","6":"product_cat-conditioner_invertor","7":"product_tag-kaisay_brand","8":"pa_brand-kaisay_brand","9":"pa_putere_conditioner-12000-btu-30-35-m2","10":"pa_tip_conditioner-inverter","12":"first","13":"instock","14":"featured","15":"shipping-taxable","16":"product-type-simple"},"_links":{"self":[{"href":"https:\/\/proterm.md\/ro\/wp-json\/wp\/v2\/product\/16618","targetHints":{"allow":["GET"]}}],"collection":[{"href":"https:\/\/proterm.md\/ro\/wp-json\/wp\/v2\/product"}],"about":[{"href":"https:\/\/proterm.md\/ro\/wp-json\/wp\/v2\/types\/product"}],"wp:featuredmedia":[{"embeddable":true,"href":"https:\/\/proterm.md\/ro\/wp-json\/wp\/v2\/media\/16622"}],"wp:attachment":[{"href":"https:\/\/proterm.md\/ro\/wp-json\/wp\/v2\/media?parent=16618"}],"wp:term":[{"taxonomy":"product_brand","embeddable":true,"href":"https:\/\/proterm.md\/ro\/wp-json\/wp\/v2\/product_brand?post=16618"},{"taxonomy":"product_cat","embeddable":true,"href":"https:\/\/proterm.md\/ro\/wp-json\/wp\/v2\/product_cat?post=16618"},{"taxonomy":"product_tag","embeddable":true,"href":"https:\/\/proterm.md\/ro\/wp-json\/wp\/v2\/product_tag?post=16618"}],"curies":[{"name":"wp","href":"https:\/\/api.w.org\/{rel}","templated":true}]}}