{"id":16648,"date":"2025-06-17T13:36:13","date_gmt":"2025-06-17T11:36:13","guid":{"rendered":"https:\/\/proterm.md\/?post_type=product&#038;p=16648"},"modified":"2025-06-17T13:36:13","modified_gmt":"2025-06-17T11:36:13","slug":"conditioner_mitsubishi-25m-9btu","status":"publish","type":"product","link":"https:\/\/proterm.md\/ro\/product\/conditioner_mitsubishi-25m-9btu\/","title":{"rendered":"Conditioner Mitsubishi 25m 9BTU"},"content":{"rendered":"<div class=\"wpb-content-wrapper\"><p>[vc_row][vc_column][vc_column_text text_larger=&#8221;yes&#8221; el_id=&#8221;para1&#8243;]<em><strong>Nivel sc\u0103zut de zgomot<\/strong><\/em> &#8211; 19 dB &#8211; este mai silen\u021bios dec\u00e2t fo\u0219netul frunzelor. Sistemul split cu zgomot redus este ideal pentru instalarea \u00eentr-un dormitor sau camera copiilor. MSZ-LN<\/p>\n<p><em><strong>Eficien\u021b\u0103 energetic\u0103 A+++<\/strong><\/em> &#8211; Pentru 1 kW de energie electric\u0103 pute\u021bi ob\u021bine p\u00e2n\u0103 la 10,5 kW de frig \u0219i p\u00e2n\u0103 la 5,2 kW de c\u0103ldur\u0103 \u00een medie pe an. Aceasta este cea mai mare cifr\u0103 dintre toate sistemele split de uz casnic Mitsubishi Electric. Model MSZ-LN.<\/p>\n<p><em><strong>Plasma Quad Plus<\/strong><\/em> &#8211; Un sistem de purificare a aerului care distruge p\u00e2n\u0103 la 99,9% dintre bacterii, viru\u0219i, alergeni \u0219i particule mici de produse de ardere a combustibilului (important \u00een special pentru marile zone metropolitane). Eficien\u021ba sistemului a fost confirmat\u0103 de institutele de cercetare japoneze.<\/p>\n<p><em><strong>SENSOR 3D I-SEE<\/strong> <\/em>&#8211; Senzorul creeaz\u0103 o hart\u0103 termic\u0103 a \u00eenc\u0103perii \u0219i determin\u0103 prezen\u021ba oamenilor pe zone de temperatur\u0103, optimiz\u00e2nd func\u021bionarea aparatului de aer condi\u021bionat pe baza datelor primite. \u0218i, \u00een cazul unei absen\u021be prelungite a oamenilor \u00een camer\u0103, mai \u00eent\u00e2i comut\u0103 aparatul de aer condi\u021bionat \u00een modul de economisire a energiei, apoi \u00eel opre\u0219te.<\/p>\n<p><em><strong>Clapet\u0103 dubl\u0103<\/strong><\/em> &#8211; Clapetele de aer separate v\u0103 permit s\u0103 transforma\u021bi aparatul de aer condi\u021bionat \u00eentr-un control al climatiz\u0103rii cu dou\u0103 zone, unde toat\u0103 lumea \u00ee\u0219i poate configura un microclimat confortabil pentru sine. Pute\u021bi direc\u021biona fluxul de aer \u00een dou\u0103 direc\u021bii diferite, cre\u00e2nd confort individual pentru toat\u0103 lumea.<\/p>\n<p><em><strong>Acoperire cu dubl\u0103 barier\u0103<\/strong><\/em> &#8211; Datorit\u0103 acestui \u00eenveli\u0219, elementele interne ale aparatului de aer condi\u021bionat r\u0103m\u00e2n curate mult timp, precum \u0219i nu exist\u0103 condi\u021bii pentru cre\u0219terea bacteriilor sau apari\u021bia mirosurilor nepl\u0103cute.<\/p>\n<p>Interval de temperatur\u0103 exterioar\u0103 garantat pentru r\u0103cire &#8211; de la -10 \u00baC la +46 \u00baC Interval de temperatur\u0103 exterioar\u0103 garantat pentru \u00eenc\u0103lzire &#8211; de la -15 \u00baC la + 24 \u00baC<\/p>\n<p>Carcas\u0103 deta\u0219abil\u0103 a unit\u0103\u021bii interioare pentru o cur\u0103\u021bare u\u0219oar\u0103<\/p>\n<p><em><strong>Eficien\u021b\u0103 energetic\u0103 A+++<\/strong><\/em> &#8211; Pentru 1 kW de energie electric\u0103 pute\u021bi ob\u021bine p\u00e2n\u0103 la 10,5 kW de frig \u0219i p\u00e2n\u0103 la 5,2 kW de c\u0103ldur\u0103 \u00een medie pe an. Aceasta este cea mai mare cifr\u0103 dintre toate sistemele split de uz casnic Mitsubishi Electric. Model MSZ-LN.<\/p>\n<p><em><strong>Modul EconoCool<\/strong><\/em> &#8211; Datorit\u0103 modului special de func\u021bionare al jaluzelelor \u0219i unei u\u0219oare cre\u0219tere a temperaturii, se realizeaz\u0103 economii de p\u00e2n\u0103 la 20% din energie electric\u0103. Acest mod este deosebit de eficient \u00een utilizarea de zi cu zi a aparatului de aer condi\u021bionat, atunci c\u00e2nd men\u021bine\u021bi constant o anumit\u0103 temperatur\u0103 \u00een cas\u0103.<\/p>\n<p><em><strong>Conducte freon R22<\/strong><\/em> &#8211; Instalare pe conducte vechi: la \u00eenlocuirea sistemelor vechi cu agent frigorific R22, aceste modele nu necesit\u0103 \u00eenlocuirea sau sp\u0103larea conductelor.<\/p>\n<p><em><strong>Temporizator s\u0103pt\u0103m\u00e2nal<\/strong><\/em> &#8211; Pute\u021bi seta aparatul de aer condi\u021bionat \u00een func\u021bie de stilul dvs. de via\u021b\u0103, set\u00e2nd p\u00e2n\u0103 la 4 ac\u021biuni pentru fiecare zi. De exemplu, porni\u021bi aparatul de aer condi\u021bionat cu ceva timp \u00eenainte de a ajunge sau opri\u021bi-l \u00eenainte de a p\u0103r\u0103si casa.<\/p>\n<p><em><strong>Wi-Fi \u00eencorporat<\/strong><\/em> &#8211; Modulul Wi-Fi \u00eencorporat v\u0103 permite s\u0103 controla\u021bi sistemul split folosind un telefon mobil sau o tablet\u0103 direct, \u00een loc de un panou de control, sau de la distan\u021b\u0103 de oriunde \u00een lume, cu condi\u021bia s\u0103 ave\u021bi un internet conexiune.<\/p>\n<p>Telecomanda \u00een culoarea carcasei &#8211; Telecomanda aparatului de aer condi\u021bionat este vopsit\u0103 \u00een aceea\u0219i culoare cu corpul unit\u0103\u021bii interioare.<\/p>\n<p><em><strong>Agent frigorific<\/strong><\/em> R32 &#8211; Mitsubishi Electric \u021bine la mediu \u0219i ofer\u0103 cele mai avansate solu\u021bii care \u00eendeplinesc cele mai stricte standarde. Refrigerantul prietenos cu ozonul este c\u00e2t se poate de sigur pentru utilizatorii sistemelor split \u0219i pentru mediu<\/p>\n<p><em><strong>I-Save Mode<\/strong><\/em> &#8211; V\u0103 permite s\u0103 pune\u021bi sistemul \u00een modul de consum redus prin atingerea unui buton. De exemplu, te duci la culcare \u0219i preferi aerul rece. Ap\u0103sa\u021bi butonul \u201eSAVE\u201d, iar aparatul de aer condi\u021bionat \u00eenc\u0103lze\u0219te aerul doar p\u00e2n\u0103 la 18 \u00b0C. C\u00e2nd te treze\u0219ti diminea\u021ba, ape\u0219i din nou acela\u0219i buton \u0219i sistemul revine la set\u0103rile anterioare (22\u00b0C).[\/vc_column_text][\/vc_column][\/vc_row][vc_row][vc_column width=&#8221;1\/3&#8243;]\t\t\t<div class=\"woodmart-menu-price \" >\n\t\t\t\t\t\t\t\t\t<div class=\"menu-price-image\">\n\t\t\t\t\t\t<img decoding=\"async\" width=\"64\" height=\"64\" src=\"https:\/\/proterm.md\/wp-content\/uploads\/2023\/02\/refres.webp\" class=\"attachment-full\" alt=\"\" title=\"refresh ico\" \/>\t\t\t\t\t<\/div>\n\t\t\t\t\t\t\t\t<div class=\"menu-price-description-wrapp\">\n\t\t\t\t\t<div class=\"menu-price-heading\">\n\t\t\t\t\t\t\t\t\t\t\t\t\t<h3 class=\"menu-price-title\"><span>AUTORESTART<\/span><\/h3>\n\t\t\t\t\t\t\t\t\t\t\t\t<div class=\"menu-price-price price\"><\/div>\n\t\t\t\t\t<\/div>\n\t\t\t\t\t\t\t\t\t\t\t<div class=\"menu-price-details\">Este posibil s\u0103 reveni\u021bi automat la modul de func\u021bionare anterior dup\u0103 restabilirea aliment\u0103rii.<\/div>\n\t\t\t\t\t\t\t\t\t<\/div>\n\t\t\t<\/div>\n\t\t\t\t\t<div class=\"woodmart-menu-price \" >\n\t\t\t\t\t\t\t\t\t<div class=\"menu-price-image\">\n\t\t\t\t\t\t<img decoding=\"async\" width=\"64\" height=\"64\" src=\"https:\/\/proterm.md\/wp-content\/uploads\/2023\/02\/wind-1.webp\" class=\"attachment-full\" alt=\"\" title=\"wind (1)\" \/>\t\t\t\t\t<\/div>\n\t\t\t\t\t\t\t\t<div class=\"menu-price-description-wrapp\">\n\t\t\t\t\t<div class=\"menu-price-heading\">\n\t\t\t\t\t\t\t\t\t\t\t\t\t<h3 class=\"menu-price-title\"><span>AUTOCLAPETE<\/span><\/h3>\n\t\t\t\t\t\t\t\t\t\t\t\t<div class=\"menu-price-price price\"><\/div>\n\t\t\t\t\t<\/div>\n\t\t\t\t\t\t\t\t\t\t\t<div class=\"menu-price-details\">Clapeta de aer orizontal\u0103 se \u00eenchide automat c\u00e2nd aparatul de aer condi\u021bionat este oprit. \u00cen acela\u0219i timp, ascunde complet fanta de alimentare cu aer \u0219i elementele sistemului de distribu\u021bie a aerului.<\/div>\n\t\t\t\t\t\t\t\t\t<\/div>\n\t\t\t<\/div>\n\t\t[\/vc_column][vc_column width=&#8221;1\/3&#8243;]\t\t\t<div class=\"woodmart-menu-price \" >\n\t\t\t\t\t\t\t\t\t<div class=\"menu-price-image\">\n\t\t\t\t\t\t<img decoding=\"async\" width=\"64\" height=\"64\" src=\"https:\/\/proterm.md\/wp-content\/uploads\/2023\/02\/error.png\" class=\"attachment-full\" alt=\"\" title=\"error logo\" \/>\t\t\t\t\t<\/div>\n\t\t\t\t\t\t\t\t<div class=\"menu-price-description-wrapp\">\n\t\t\t\t\t<div class=\"menu-price-heading\">\n\t\t\t\t\t\t\t\t\t\t\t\t\t<h3 class=\"menu-price-title\"><span>ARHIVA DEFECTIUNI<\/span><\/h3>\n\t\t\t\t\t\t\t\t\t\t\t\t<div class=\"menu-price-price price\"><\/div>\n\t\t\t\t\t<\/div>\n\t\t\t\t\t\t\t\t\t\t\t<div class=\"menu-price-details\">Codurile de eroare \u00eenregistrate \u00een timpul func\u021bion\u0103rii sistemului sunt stocate \u00een memoria nevolatil\u0103 \u0219i, dac\u0103 este necesar, vor fi verificate \u00een timpul procesului de diagnosticare.<\/div>\n\t\t\t\t\t\t\t\t\t<\/div>\n\t\t\t<\/div>\n\t\t\t\t\t<div class=\"woodmart-menu-price \" >\n\t\t\t\t\t\t\t\t\t<div class=\"menu-price-image\">\n\t\t\t\t\t\t<img decoding=\"async\" width=\"64\" height=\"64\" src=\"https:\/\/proterm.md\/wp-content\/uploads\/2023\/02\/creativity.webp\" class=\"attachment-full\" alt=\"\" title=\"creativity logo\" \/>\t\t\t\t\t<\/div>\n\t\t\t\t\t\t\t\t<div class=\"menu-price-description-wrapp\">\n\t\t\t\t\t<div class=\"menu-price-heading\">\n\t\t\t\t\t\t\t\t\t\t\t\t\t<h3 class=\"menu-price-title\"><span>INTELIGENTA<\/span><\/h3>\n\t\t\t\t\t\t\t\t\t\t\t\t<div class=\"menu-price-price price\"><\/div>\n\t\t\t\t\t<\/div>\n\t\t\t\t\t\t\t\t\t\t\t<div class=\"menu-price-details\">Aparatele de aer condi\u021bionat pot func\u021biona ca parte a unei \u201ecase inteligente\u201d. Am creat sisteme compatibile cu aproape toate protocoalele de control cunoscute.<\/div>\n\t\t\t\t\t\t\t\t\t<\/div>\n\t\t\t<\/div>\n\t\t[\/vc_column][vc_column width=&#8221;1\/3&#8243;]\t\t\t<div class=\"woodmart-menu-price \" >\n\t\t\t\t\t\t\t\t\t<div class=\"menu-price-image\">\n\t\t\t\t\t\t<img decoding=\"async\" width=\"64\" height=\"64\" src=\"https:\/\/proterm.md\/wp-content\/uploads\/2023\/02\/cpu.webp\" class=\"attachment-full\" alt=\"\" title=\"cpu logo\" \/>\t\t\t\t\t<\/div>\n\t\t\t\t\t\t\t\t<div class=\"menu-price-description-wrapp\">\n\t\t\t\t\t<div class=\"menu-price-heading\">\n\t\t\t\t\t\t\t\t\t\t\t\t\t<h3 class=\"menu-price-title\"><span>HIGH PROCESOR<\/span><\/h3>\n\t\t\t\t\t\t\t\t\t\t\t\t<div class=\"menu-price-price price\"><\/div>\n\t\t\t\t\t<\/div>\n\t\t\t\t\t\t\t\t\t\t\t<div class=\"menu-price-details\">O surs\u0103 de alimentare comutat\u0103 este utilizat\u0103 pentru a alimenta circuitul de control al unit\u0103\u021bii interioare. Tehnologia elimin\u0103 \u201e\u00eenghe\u021barea\u201d microprocesorului \u00een cazul c\u0103derilor de tensiune.<\/div>\n\t\t\t\t\t\t\t\t\t<\/div>\n\t\t\t<\/div>\n\t\t\t\t\t<div class=\"woodmart-menu-price \" >\n\t\t\t\t\t\t\t\t\t<div class=\"menu-price-image\">\n\t\t\t\t\t\t<img decoding=\"async\" width=\"64\" height=\"64\" src=\"https:\/\/proterm.md\/wp-content\/uploads\/2023\/02\/air-flow.webp\" class=\"attachment-full\" alt=\"\" title=\"air-flow logo\" \/>\t\t\t\t\t<\/div>\n\t\t\t\t\t\t\t\t<div class=\"menu-price-description-wrapp\">\n\t\t\t\t\t<div class=\"menu-price-heading\">\n\t\t\t\t\t\t\t\t\t\t\t\t\t<h3 class=\"menu-price-title\"><span>FLUX NATURAL<\/span><\/h3>\n\t\t\t\t\t\t\t\t\t\t\t\t<div class=\"menu-price-price price\"><\/div>\n\t\t\t\t\t<\/div>\n\t\t\t\t\t\t\t\t\t\t\t<div class=\"menu-price-details\">Pentru ca fluxul de aer al unui aparat de aer condi\u021bionat s\u0103 fie sigur \u0219i s\u0103n\u0103tos, acesta trebuie s\u0103 fie aproape de cel g\u0103sit \u00een natur\u0103.<\/div>\n\t\t\t\t\t\t\t\t\t<\/div>\n\t\t\t<\/div>\n\t\t[\/vc_column][\/vc_row][vc_row][vc_column width=&#8221;1\/3&#8243;][\/vc_column][vc_column width=&#8221;1\/3&#8243;][vc_video link=&#8221;https:\/\/youtu.be\/Jj3QOVKywh0&#8243; el_width=&#8221;50&#8243; align=&#8221;center&#8221; poster_image=&#8221;12660&#8243; image_poster_switch=&#8221;yes&#8221; img_size=&#8221;full&#8221; css=&#8221;.vc_custom_1676624438265{margin-bottom: 10px !important;}&#8221; title=&#8221;\u041f\u043e\u0434\u0440\u043e\u0431\u043d\u044b\u0439 \u0432\u0438\u0434\u0435\u043e \u043e\u0431\u0437\u043e\u0440&#8221;][\/vc_column][vc_column width=&#8221;1\/3&#8243;][\/vc_column][\/vc_row]<\/p>\n<\/div>","protected":false},"excerpt":{"rendered":"<p>Mitsubishi Electric MSZ-LN25VGW \/ MUZ-LN25VG (alb)<br \/>\nSuprafa\u021b\u0103 25 m2<br \/>\nClasa de eficien\u021b\u0103 energetic\u0103 sezonier\u0103 (SEER) 10,5 (A+++)<br \/>\nPolitici de Eficien\u021b\u0103 Energetic\u0103 Sezonier\u0103 (SCOP) 5.2 (A+++)<br \/>\nPutere de \u00eenc\u0103lzire 3,2 (1,0 &#8211; 6,3) kW<br \/>\nCapacitate de r\u0103cire 2,5 (0,8 &#8211; 3,5) kW<br \/>\nConsum de energie \u00een timpul \u00eenc\u0103lzirii 0,58 kW<br \/>\nConsum de energie \u00een timpul r\u0103cirii 0,48 kW<br \/>\nDimensiuni LxAx\u00ce 890x233x307(+34) mm<br \/>\nInterval garantat de temperaturi exterioare \u00een timpul \u00eenc\u0103lzirii -25 \u2026 +24\u00b0C<br \/>\nInterval de temperatur\u0103 exterioar\u0103 garantat pentru r\u0103cire -10 \u2026 +46\u00b0C<br \/>\nDiametrul conductei de gaz 9,52 (3\/8)<br \/>\nDiametrul conductei de lichid 6,35 (1\/4)<br \/>\nLungimea maxim\u0103 a autostr\u0103zii este de 20 m<br \/>\nDiferen\u021b\u0103 maxim\u0103 de \u00een\u0103l\u021bime 12 m<br \/>\nCurent maxim de func\u021bionare 9,6 A<br \/>\nTensiune de alimentare 220-240 V, monofazat, 50 Hz<br \/>\nDebit de aer (max) 864 m3\/h<br \/>\nDebit de aer (min) 240 m3\/h<br \/>\nNivel de putere sonor\u0103 19-23-29-36-42 dB(A)<br \/>\n\u021aara de origine Thailanda<br \/>\nGreutatea unit\u0103\u021bii interioare 15,5 kg<br \/>\nGreutate unitate exterioar\u0103 35 kg<\/p>\n<p><img decoding=\"async\" class=\"alignnone wp-image-7559 \" src=\"https:\/\/proterm.md\/wp-content\/uploads\/2021\/12\/icopdf-min-300x300.png\" alt=\"\" width=\"45\" height=\"45\" srcset=\"https:\/\/proterm.md\/wp-content\/uploads\/2021\/12\/icopdf-min-300x300.png 300w, https:\/\/proterm.md\/wp-content\/uploads\/2021\/12\/icopdf-min-150x150.png 150w, https:\/\/proterm.md\/wp-content\/uploads\/2021\/12\/icopdf-min-250x250.png 250w, https:\/\/proterm.md\/wp-content\/uploads\/2021\/12\/icopdf-min-450x450.png 450w, https:\/\/proterm.md\/wp-content\/uploads\/2021\/12\/icopdf-min-500x500.png 500w, https:\/\/proterm.md\/wp-content\/uploads\/2021\/12\/icopdf-min-100x100.png 100w, https:\/\/proterm.md\/wp-content\/uploads\/2021\/12\/icopdf-min.png 512w\" sizes=\"(max-width: 45px) 100vw, 45px\" \/><a href=\"https:\/\/proterm.md\/wp-content\/uploads\/2023\/02\/\u0418\u043d\u0441\u0442\u0440\u0443\u043a\u0446\u0438\u044f-\u043f\u043e-\u0443\u0441\u0442\u0430\u043d\u043e\u0432\u043a\u0435-Mitsubishi-MSZ.pdf\" target=\"_blank\" rel=\"noopener\">Instruction Mitsubishi MSZ<\/a><\/p>\n<p><img decoding=\"async\" class=\"alignnone wp-image-7559 \" src=\"https:\/\/proterm.md\/wp-content\/uploads\/2021\/12\/icopdf-min-300x300.png\" alt=\"\" width=\"45\" height=\"45\" srcset=\"https:\/\/proterm.md\/wp-content\/uploads\/2021\/12\/icopdf-min-300x300.png 300w, https:\/\/proterm.md\/wp-content\/uploads\/2021\/12\/icopdf-min-150x150.png 150w, https:\/\/proterm.md\/wp-content\/uploads\/2021\/12\/icopdf-min-250x250.png 250w, https:\/\/proterm.md\/wp-content\/uploads\/2021\/12\/icopdf-min-450x450.png 450w, https:\/\/proterm.md\/wp-content\/uploads\/2021\/12\/icopdf-min-500x500.png 500w, https:\/\/proterm.md\/wp-content\/uploads\/2021\/12\/icopdf-min-100x100.png 100w, https:\/\/proterm.md\/wp-content\/uploads\/2021\/12\/icopdf-min.png 512w\" sizes=\"(max-width: 45px) 100vw, 45px\" \/><a href=\"https:\/\/proterm.md\/wp-content\/uploads\/2023\/02\/\u0418\u043d\u0444\u043e\u0440\u043c\u0430\u0446\u0438\u043e\u043d\u043d\u0430\u044f-\u0431\u0440\u043e\u0448\u044e\u0440\u0430-Mithsubishi-MSZ.pdf\" target=\"_blank\" rel=\"noopener\">Informatie Mithsubishi MSZ<\/a><\/p>\n<p>&nbsp;<\/p>\n","protected":false},"featured_media":12667,"template":"","meta":{"_joinchat":[]},"product_brand":[],"product_cat":[94],"product_tag":[2181],"class_list":{"0":"post-16648","1":"product","2":"type-product","3":"status-publish","4":"has-post-thumbnail","6":"product_cat-conditioner_invertor","7":"product_tag-mitsubishi","8":"pa_brand-mitsubishi-msz-ln","9":"pa_putere_conditioner-13000-btu-35-40-m2","10":"pa_tip_conditioner-inverter","12":"first","13":"instock","14":"sale","15":"shipping-taxable","16":"product-type-simple"},"_links":{"self":[{"href":"https:\/\/proterm.md\/ro\/wp-json\/wp\/v2\/product\/16648","targetHints":{"allow":["GET"]}}],"collection":[{"href":"https:\/\/proterm.md\/ro\/wp-json\/wp\/v2\/product"}],"about":[{"href":"https:\/\/proterm.md\/ro\/wp-json\/wp\/v2\/types\/product"}],"wp:featuredmedia":[{"embeddable":true,"href":"https:\/\/proterm.md\/ro\/wp-json\/wp\/v2\/media\/12667"}],"wp:attachment":[{"href":"https:\/\/proterm.md\/ro\/wp-json\/wp\/v2\/media?parent=16648"}],"wp:term":[{"taxonomy":"product_brand","embeddable":true,"href":"https:\/\/proterm.md\/ro\/wp-json\/wp\/v2\/product_brand?post=16648"},{"taxonomy":"product_cat","embeddable":true,"href":"https:\/\/proterm.md\/ro\/wp-json\/wp\/v2\/product_cat?post=16648"},{"taxonomy":"product_tag","embeddable":true,"href":"https:\/\/proterm.md\/ro\/wp-json\/wp\/v2\/product_tag?post=16648"}],"curies":[{"name":"wp","href":"https:\/\/api.w.org\/{rel}","templated":true}]}}