{"id":16649,"date":"2025-05-19T12:05:32","date_gmt":"2025-05-19T10:05:32","guid":{"rendered":"https:\/\/proterm.md\/?post_type=product&#038;p=16649"},"modified":"2025-05-30T12:00:54","modified_gmt":"2025-05-30T10:00:54","slug":"uscator-de-prosoape-flat-500x1200","status":"publish","type":"product","link":"https:\/\/proterm.md\/ro\/product\/uscator-de-prosoape-flat-500x1200\/","title":{"rendered":"Uscator de prosoape FLAT 500&#215;1200"},"content":{"rendered":"<div class=\"wpb-content-wrapper\"><p>[vc_row][vc_column][vc_column_text css_animation=&#8221;bounceIn&#8221; text_larger=&#8221;no&#8221;]<\/p>\n<div>Un uscator\u00a0 pentru prosoape \u00een baie este o component\u0103 important\u0103 a \u00eenc\u0103lzirii centrale. Pe l\u00e2ng\u0103 scopul s\u0103u principal de a \u00eenc\u0103lzi b\u0103ile, are \u0219i alte aplica\u021bii practice. Ag\u0103\u021barea \u0219i uscarea prosoapelor este o caracteristic\u0103 suplimentar\u0103 care creeaz\u0103 o atmosfer\u0103 confortabil\u0103 \u00een baie, mai ales iarna.<\/div>\n<div>\n<div><\/div>\n<\/div>\n<p>[\/vc_column_text][\/vc_column][\/vc_row]<\/p>\n<\/div>","protected":false},"excerpt":{"rendered":"<p>Usc\u0103torul de prosoape Emko (1000&#215;500 mm) de culoare alb\u0103 usuc\u0103 prosoapele eficient, av\u00e2nd un design elegant \u0219i minimalist.<br \/>\n\u2022 \u00cen\u0103l\u021bime: 1200 mm<br \/>\n\u2022 L\u0103\u021bime: 500 mm<br \/>\n\u2022 Culoare: Alb<\/p>\n","protected":false},"featured_media":4632,"template":"","meta":{"_joinchat":[]},"product_brand":[],"product_cat":[56],"product_tag":[],"class_list":{"0":"post-16649","1":"product","2":"type-product","3":"status-publish","4":"has-post-thumbnail","6":"product_cat-uscator_prosoape","7":"pa_heated-towel-rail-flat","8":"pa_heated-towel-rail-height-194","9":"pa_heated-towel-rail-width-193","11":"first","12":"instock","13":"sale","14":"shipping-taxable","15":"product-type-simple"},"_links":{"self":[{"href":"https:\/\/proterm.md\/ro\/wp-json\/wp\/v2\/product\/16649","targetHints":{"allow":["GET"]}}],"collection":[{"href":"https:\/\/proterm.md\/ro\/wp-json\/wp\/v2\/product"}],"about":[{"href":"https:\/\/proterm.md\/ro\/wp-json\/wp\/v2\/types\/product"}],"wp:featuredmedia":[{"embeddable":true,"href":"https:\/\/proterm.md\/ro\/wp-json\/wp\/v2\/media\/4632"}],"wp:attachment":[{"href":"https:\/\/proterm.md\/ro\/wp-json\/wp\/v2\/media?parent=16649"}],"wp:term":[{"taxonomy":"product_brand","embeddable":true,"href":"https:\/\/proterm.md\/ro\/wp-json\/wp\/v2\/product_brand?post=16649"},{"taxonomy":"product_cat","embeddable":true,"href":"https:\/\/proterm.md\/ro\/wp-json\/wp\/v2\/product_cat?post=16649"},{"taxonomy":"product_tag","embeddable":true,"href":"https:\/\/proterm.md\/ro\/wp-json\/wp\/v2\/product_tag?post=16649"}],"curies":[{"name":"wp","href":"https:\/\/api.w.org\/{rel}","templated":true}]}}