{"id":16840,"date":"2025-06-06T11:04:41","date_gmt":"2025-06-06T09:04:41","guid":{"rendered":"https:\/\/proterm.md\/?post_type=product&#038;p=16840"},"modified":"2025-06-06T12:03:08","modified_gmt":"2025-06-06T10:03:08","slug":"conditioner-tip-caseta-160m-55000btu-kaisai-kcd-55hrg32x","status":"publish","type":"product","link":"https:\/\/proterm.md\/ro\/product\/conditioner-tip-caseta-160m-55000btu-kaisai-kcd-55hrg32x\/","title":{"rendered":"Conditioner tip caset\u0103 160M 55000BTU  Kaisai KCD-55HRG32X\/KOE30U55HFN32X"},"content":{"rendered":"<div class=\"wpb-content-wrapper\"><p>[vc_row][vc_column][vc_column_text css_animation=&#8221;bounceIn&#8221; text_larger=&#8221;no&#8221;]<img decoding=\"async\" class=\" wp-image-16639 aligncenter\" src=\"https:\/\/proterm.md\/wp-content\/uploads\/2025\/05\/KAISAI-Super-Slim-CASSETTE-2-300x197.webp\" alt=\"\" width=\"230\" height=\"151\" srcset=\"https:\/\/proterm.md\/wp-content\/uploads\/2025\/05\/KAISAI-Super-Slim-CASSETTE-2-300x197.webp 300w, https:\/\/proterm.md\/wp-content\/uploads\/2025\/05\/KAISAI-Super-Slim-CASSETTE-2.webp 368w\" sizes=\"(max-width: 230px) 100vw, 230px\" \/><\/p>\n<p>Aparate de aer condi\u021bionat universale tip caseta, ideale pentru \u00eenc\u0103peri cu tavane suspendate \u0219i \u00een special pentru camere tehnice mici. Suprafa\u021ba fantelor (orificii) de admisie a aerului a fost m\u0103rit\u0103 cu 23%, ceea ce face ca aparatul de aer condi\u021bionat s\u0103 fie mai silen\u021bios \u0219i mai eficient. Comparativ cu modelul anterior, \u00een\u0103l\u021bimea de ridicare a pompei de condens a fost, de asemenea, crescut\u0103 la 100 cm, iar amplasarea acesteia \u00een afara dispozitivului faciliteaz\u0103 semnificativ \u00eentre\u021binerea sau eventuala \u00eenlocuire. O alt\u0103 caracteristic\u0103 nou\u0103 este portul WiFi \u00eencorporat \u00een aparatul de aer condi\u021bionat, care v\u0103 permite s\u0103 controla\u021bi dispozitivul prin intermediul unei aplica\u021bii de pe telefon sau tablet\u0103.<\/p>\n<p>Unit\u0103\u021bile casetate KAISAI sunt u\u0219or adaptabile datorit\u0103 dimensiunilor lor reduse, combin\u00e2nd un aspect modern cu un design de \u00eenalt\u0103 calitate. Fluxul de aer \u00een 4 direc\u021bii distribuie aerul uniform, oferind un confort excep\u021bional. \u00cen plus, este posibil\u0103 conectarea a dou\u0103 unit\u0103\u021bi la o unitate exterioar\u0103.<\/p>\n<p>Temperatura minim\u0103 a aerului exterior la func\u021bionarea \u00een modul \u00eenc\u0103lzire\/r\u0103cire: -15\u00ba\u0421<br \/>\nPomp\u0103 de condens<br \/>\nKit de telecomand\u0103 f\u0103r\u0103 fir<br \/>\nPanou frontal cu indicator LED<br \/>\ndecongelare inteligent\u0103<br \/>\nAlimentare cu aer proasp\u0103t (op\u021bional), culoare: alb<br \/>\nDimensiune redus\u0103 a sistemului<br \/>\nMod de func\u021bionare: Automat, R\u0103cire, \u00cenc\u0103lzire, Ventila\u021bie<br \/>\nMotor de curent continuu de \u00eenalt\u0103 eficien\u021b\u0103<br \/>\nDesign inovator al schimb\u0103torului de c\u0103ldur\u0103<br \/>\nRaporturi SEER\/SCOP ridicate<br \/>\nControlul ventilatorului cu telecomand\u0103<br \/>\nTemporizator pornit\/oprit<br \/>\nModul Wi-Fi (op\u021bional)[\/vc_column_text][\/vc_column][\/vc_row][vc_row][vc_column][vc_video link=&#8221;https:\/\/youtu.be\/mHvsqa0dkxg&#8221; el_aspect=&#8221;43&#8243; align=&#8221;center&#8221; title=&#8221;Linia de producere a conditionerelor Kaisai \u0438 Auratsu&#8221; image_poster_switch=&#8221;no&#8221;][\/vc_column][\/vc_row][vc_row][vc_column][vc_gallery interval=&#8221;3&#8243; images=&#8221;16841,16843,16842&#8243;][\/vc_column][\/vc_row]<\/p>\n<\/div>","protected":false},"excerpt":{"rendered":"<p>Wi-Fi: Da \/ Telecomanda \/ Panou de comanda de perete<br \/>\n<strong>R\u0103cire<\/strong><br \/>\nCapacitate nominal\u0103 de r\u0103cire (min. &#8211; max.) 15,2 (4,1-16,7) kW<br \/>\nConsum de energie \u00een modul de r\u0103cire 5 kW<br \/>\nSuprafa\u021b\u0103 de r\u0103cire recomandat\u0103 de p\u00e2n\u0103 la 160 m2<br \/>\nSEER 6.3<br \/>\nClasa de eficien\u021b\u0103 energetic\u0103 pentru r\u0103cire A++<br \/>\nAgent frigorific R32<\/p>\n<p><strong>\u00cenc\u0103lzire<\/strong><br \/>\nPutere nominal\u0103 de \u00eenc\u0103lzire (min. &#8211; max.) 18,2 (4,4\u00f719,9)<br \/>\nFunc\u021bie de \u00eenc\u0103lzire Da<br \/>\nConsum de energie \u00een modul de \u00eenc\u0103lzire 5,550 kW<br \/>\nSCOP 4.00<br \/>\nClasa de eficien\u021b\u0103 energetic\u0103 a dispozitivului de \u00eenc\u0103lzire A+<br \/>\nTemperatura minim\u0103 a aerului exterior -15\u2103<br \/>\nSuprafa\u021b\u0103 de \u00eenc\u0103lzire estimat\u0103 p\u00e2n\u0103 la 160 m2<\/p>\n<p><strong>Dimensiuni<\/strong><\/p>\n<p>Dimensiuni penal 950x55x950 mm<br \/>\nDimensiuni (unitate interioar\u0103) 830x287x830 mm<br \/>\nDimensiuni (unitate exterioar\u0103) 952x1333x415 mm<br \/>\nNivel de zgomot (unitate exterioar\u0103) 64 dB(A)<br \/>\nGreutate netto (unitate interioar\u0103) 29,3 kg<br \/>\nGreutate netto (unitate exterioar\u0103) 107 kg<\/p>\n<p><img decoding=\"async\" class=\"alignnone wp-image-7559\" src=\"https:\/\/proterm.md\/wp-content\/uploads\/2021\/12\/icopdf-min-250x250.png\" alt=\"\" width=\"32\" height=\"32\" srcset=\"https:\/\/proterm.md\/wp-content\/uploads\/2021\/12\/icopdf-min-250x250.png 250w, https:\/\/proterm.md\/wp-content\/uploads\/2021\/12\/icopdf-min-150x150.png 150w, https:\/\/proterm.md\/wp-content\/uploads\/2021\/12\/icopdf-min-450x450.png 450w, https:\/\/proterm.md\/wp-content\/uploads\/2021\/12\/icopdf-min-300x300.png 300w, https:\/\/proterm.md\/wp-content\/uploads\/2021\/12\/icopdf-min-500x500.png 500w, https:\/\/proterm.md\/wp-content\/uploads\/2021\/12\/icopdf-min-100x100.png 100w, https:\/\/proterm.md\/wp-content\/uploads\/2021\/12\/icopdf-min.png 512w\" sizes=\"(max-width: 32px) 100vw, 32px\" \/><a href=\"https:\/\/proterm.md\/wp-content\/uploads\/2025\/05\/KCD48HRG32X.pdf\" target=\"_blank\" rel=\"noopener\">Date tehnice<\/a><\/p>\n<p><img decoding=\"async\" class=\"alignnone wp-image-7559\" src=\"https:\/\/proterm.md\/wp-content\/uploads\/2021\/12\/icopdf-min-250x250.png\" alt=\"\" width=\"32\" height=\"32\" srcset=\"https:\/\/proterm.md\/wp-content\/uploads\/2021\/12\/icopdf-min-250x250.png 250w, https:\/\/proterm.md\/wp-content\/uploads\/2021\/12\/icopdf-min-150x150.png 150w, https:\/\/proterm.md\/wp-content\/uploads\/2021\/12\/icopdf-min-450x450.png 450w, https:\/\/proterm.md\/wp-content\/uploads\/2021\/12\/icopdf-min-300x300.png 300w, https:\/\/proterm.md\/wp-content\/uploads\/2021\/12\/icopdf-min-500x500.png 500w, https:\/\/proterm.md\/wp-content\/uploads\/2021\/12\/icopdf-min-100x100.png 100w, https:\/\/proterm.md\/wp-content\/uploads\/2021\/12\/icopdf-min.png 512w\" sizes=\"(max-width: 32px) 100vw, 32px\" \/><a href=\"https:\/\/proterm.md\/wp-content\/uploads\/2025\/06\/KCD-Caseta-si-Certificat-EU.pdf\" target=\"_blank\" rel=\"noopener\">Certificate EU si manual<\/a><\/p>\n<p><strong>Cine este producatorul Kaisai?<\/strong><\/p>\n<p><em>Brandul Kaisai si Auratsu<\/em> \u2013\u00a0 proprietate a grupului Klima-Therm Polonia.<\/p>\n<p>Toata gama de produse sunt exclusiv certificate si produse pentru piata din Europa si trec toate testele de certificare pentru a le vinde pe piata din Europa.<\/p>\n","protected":false},"featured_media":16838,"template":"","meta":{"_joinchat":{"view":"yes"}},"product_brand":[],"product_cat":[94],"product_tag":[1492],"class_list":{"0":"post-16840","1":"product","2":"type-product","3":"status-publish","4":"has-post-thumbnail","6":"product_cat-conditioner_invertor","7":"product_tag-kaisay_brand","8":"pa_brand-kaisay_brand","9":"pa_putere_conditioner-55000-btu-160m2","10":"pa_tip_conditioner-inverter","11":"pa_tip_conditioner-tip-caseta","13":"first","14":"instock","15":"shipping-taxable","16":"product-type-simple"},"_links":{"self":[{"href":"https:\/\/proterm.md\/ro\/wp-json\/wp\/v2\/product\/16840","targetHints":{"allow":["GET"]}}],"collection":[{"href":"https:\/\/proterm.md\/ro\/wp-json\/wp\/v2\/product"}],"about":[{"href":"https:\/\/proterm.md\/ro\/wp-json\/wp\/v2\/types\/product"}],"wp:featuredmedia":[{"embeddable":true,"href":"https:\/\/proterm.md\/ro\/wp-json\/wp\/v2\/media\/16838"}],"wp:attachment":[{"href":"https:\/\/proterm.md\/ro\/wp-json\/wp\/v2\/media?parent=16840"}],"wp:term":[{"taxonomy":"product_brand","embeddable":true,"href":"https:\/\/proterm.md\/ro\/wp-json\/wp\/v2\/product_brand?post=16840"},{"taxonomy":"product_cat","embeddable":true,"href":"https:\/\/proterm.md\/ro\/wp-json\/wp\/v2\/product_cat?post=16840"},{"taxonomy":"product_tag","embeddable":true,"href":"https:\/\/proterm.md\/ro\/wp-json\/wp\/v2\/product_tag?post=16840"}],"curies":[{"name":"wp","href":"https:\/\/api.w.org\/{rel}","templated":true}]}}