{"id":16880,"date":"2025-06-19T14:49:26","date_gmt":"2025-06-19T12:49:26","guid":{"rendered":"https:\/\/proterm.md\/?post_type=product&#038;p=16880"},"modified":"2025-10-09T09:42:17","modified_gmt":"2025-10-09T07:42:17","slug":"arca-pixel-26fx","status":"publish","type":"product","link":"https:\/\/proterm.md\/ro\/product\/arca-pixel-26fx\/","title":{"rendered":"ARCA Pixel 26FX"},"content":{"rendered":"<div class=\"wpb-content-wrapper\"><p>[vc_row][vc_column][vc_column_text css_animation=&#8221;bounceIn&#8221; text_larger=&#8221;no&#8221;]ARCA Pixel 26\u202fFX este un cazan compact \u0219i digital, proiectat pentru locuin\u021be moderne care cer eficien\u021b\u0103 maxim\u0103 \u0219i flexibilitate. Dispune de:<\/p>\n<p><strong data-start=\"0\" data-end=\"11\">Low NOx<\/strong> \u00eenseamn\u0103 <strong data-start=\"21\" data-end=\"61\">emisii reduse de oxizi de azot (NO\u2093)<\/strong>. Acest termen este folosit pentru a descrie echipamente (precum cazane, centrale termice, arz\u0103toare etc.) care produc o cantitate <strong data-start=\"192\" data-end=\"221\">mult mai mic\u0103 de poluan\u021bi<\/strong> \u00een compara\u021bie cu modelele standard.<\/p>\n<p>Tehnologie digital\u0103 avansat\u0103 (control LCD, autodiagnosticare, memorie erori, reglaje externe)<\/p>\n<p>Schimb\u0103tor de c\u0103ldur\u0103 secundar din inox (12 pl\u0103ci), eficient \u0219i rezistent la depuneri de calcar<br \/>\narcacaldaie.com<\/p>\n<p>Modulare continu\u0103, optimizarea consumului de gaz la temperaturi joase<\/p>\n<p>Func\u021bionare silen\u021bioas\u0103, datorit\u0103 ventilatorului de aluminiu \u0219i circulatorului electronic<\/p>\n<p>Este certificat Low\u202fNOx, conform normelor europene, cu emisii reduse de oxizi de azot<\/p>\n<p data-start=\"1526\" data-end=\"1718\"><strong data-start=\"1526\" data-end=\"1542\">Ideal pentru<\/strong>: case \u0219i apartamente mari (150\u2013200\u202fm\u00b2), sisteme cu \u00eenc\u0103lzire prin pardoseal\u0103 sau calorifere, spa\u021bii care solicit\u0103 eficien\u021b\u0103 energetic\u0103 \u0219i reducerea impactului asupra mediului.<\/p>\n<p data-start=\"1720\" data-end=\"1733\"><strong data-start=\"1720\" data-end=\"1732\">Avantaje<\/strong>:<\/p>\n<ol data-start=\"1735\" data-end=\"2005\">\n<li data-start=\"1735\" data-end=\"1814\">\n<p data-start=\"1738\" data-end=\"1814\"><strong data-start=\"1738\" data-end=\"1760\">Eficien\u021b\u0103 ridicat\u0103<\/strong> (condensare p\u00e2n\u0103 la 108%), economie de combustibil.<\/p>\n<\/li>\n<li data-start=\"1815\" data-end=\"1862\">\n<p data-start=\"1818\" data-end=\"1862\"><strong data-start=\"1818\" data-end=\"1837\">Confort acustic<\/strong> \u2013 operare silen\u021bioas\u0103.<\/p>\n<\/li>\n<li data-start=\"1863\" data-end=\"1947\">\n<p data-start=\"1866\" data-end=\"1947\"><strong data-start=\"1866\" data-end=\"1883\">Func\u021bii smart<\/strong> \u2013 control digital, memorie eroare, compatibilitate termostat.<\/p>\n<\/li>\n<li data-start=\"1948\" data-end=\"2005\">\n<p data-start=\"1951\" data-end=\"2005\"><strong data-start=\"1951\" data-end=\"1972\">Compact \u0219i robust<\/strong> \u2013 montaj u\u0219or, protec\u021bie IP4X.<\/p>\n<\/li>\n<\/ol>\n<ul>\n<li data-start=\"1225\" data-end=\"1318\">\n<p data-start=\"1227\" data-end=\"1318\"><strong data-start=\"1227\" data-end=\"1246\">Clasa 5 Low NOx<\/strong> = emisii NOx \u2264 70 mg\/kWh (conform EN 483) \u2013 cele mai performante cazane<\/p>\n<\/li>\n<li data-start=\"1319\" data-end=\"1371\">\n<p data-start=\"1321\" data-end=\"1371\">Unele modele merg \u0219i sub 40 mg\/kWh (ultra low NOx)<\/p>\n<\/li>\n<\/ul>\n<p>[\/vc_column_text][\/vc_column][\/vc_row]<\/p>\n<\/div>","protected":false},"excerpt":{"rendered":"<ul>\n<li>Debit termic nominal: 27 KW<\/li>\n<li>Putere nominal\u0103: 25.1 KW<\/li>\n<li>Randament util: 92.9 %<\/li>\n<li>Debit termic minim: 10.5 KW<\/li>\n<li>Putere minim\u0103: 9.5 KW<\/li>\n<li>Randament cu sarcin\u0103 redus\u0103 rif. PCI (30% din Pn): 90.7 %<\/li>\n<li>Debit Gaz cu debit nom. Metan G20 (2E+): 2.855\u00a0m3 \/h<\/li>\n<li>Metan G25(2ELL): 3.32 m3\/h<\/li>\n<li>GPL G30 (3+): 2.128\u00a0Kg\/h<\/li>\n<li>GPL G31 (3P): 2.096 Kg\/h<\/li>\n<li>Presiune gaz din re\u021bea Metan G20 (2E+): 20\/25 mbar<\/li>\n<li>Metan G25 (2ELL): 20 mbar<\/li>\n<li>GPL G30 (3+): 29 mbar<\/li>\n<li>GPL G31 (3P): 37 mbar<\/li>\n<li>Temperatur\u0103 fum: 126.7\u00a0\u00b0C<\/li>\n<li>CO2 (G20): 7.7 %<\/li>\n<li>Pierderi de c\u0103ldura la co\u0219 cu arz\u0103tor pornit: 6.6 %<\/li>\n<li>Pierderi de c\u0103ldura la co\u0219 cu arz\u0103tor oprit: 0.2 %<\/li>\n<li>Pierderi de c\u0103ldura la mant\u0103 (\u0394T=50 \u00b0C): 0.3%<\/li>\n<li>Debit fum: 47 Nm3\/h<\/li>\n<li>Set point minim \u00cenc\u0103lzire: 35 \u00b0C<\/li>\n<li>Set point maxim \u00cenc\u0103lzire: 90 \u00b0C<\/li>\n<li>Volum de ap\u0103 \u00een central\u0103: 1.2 l<\/li>\n<li>Volum de ap\u0103 vas de expansiune: 6 l<\/li>\n<li>Presiune vas de expansiune: 0.7 bar<\/li>\n<li>Presiune minim\u0103 circuit primar: 0.4 bar<\/li>\n<li>Presiune maxim\u0103 circuit primar: 3 bar<\/li>\n<li>Con\u021binut maxim ap\u0103 instala\u021bie: 120 l<\/li>\n<li>Presiune pomp\u0103 disponibil\u0103 instala\u021bie de \u00eenc\u0103lzire la debit de Q=1000: 230 mbar<\/li>\n<li>Set point minim Sanitar: 30\u00a0\u00b0C<\/li>\n<li>Set point maxim Sanitar: 60 \u00b0C<\/li>\n<li>Debit continuu ap\u0103 cald\u0103 \u0394T= 25\u00b0C: 14.4 l\/min<\/li>\n<li>Debit continuu ap\u0103 cald\u0103 \u0394T= 35\u00b0C: 10.3 l\/min<\/li>\n<li>Debit Sanitar Minim: 2.5 l\/min<\/li>\n<li>Presiune Sanitar Maxim\u0103: 8 bar<\/li>\n<li>Presiune Sanitar Minim\u0103: 0.5 bar<\/li>\n<li>Tensiune de alimentare: 230\/50\u00a0V\/Hz<\/li>\n<li>Consum electric: 120 W<\/li>\n<li>Racorduri \u00cenc\u0103lzire:\u00a03\/4\u201d<\/li>\n<li>Racorduri Sanitar: 1\/2\u2033<\/li>\n<li>Racorduri Gaz: 3\/4\u2033<\/li>\n<li>\u00cen\u0103l\u0163ime: 700 mm<\/li>\n<li>Ad\u00e2ncime: 250 mm<\/li>\n<li>L\u0103\u021bime: 400 mm<\/li>\n<li>Greutate: 32.6 Kg<\/li>\n<li>Grad de protec\u021bie:\u00a0IP4X<\/li>\n<\/ul>\n<p><a href=\"https:\/\/proterm.md\/wp-content\/uploads\/2025\/06\/26FX.pdf\" target=\"_blank\" rel=\"nofollow noopener\"><img decoding=\"async\" class=\"alignnone size-full wp-image-7710\" src=\"https:\/\/proterm.md\/wp-content\/uploads\/2021\/02\/pdf.png\" alt=\"PDF download\" width=\"40\" height=\"40\" \/>Catalog\u00a0\u00a0<\/a><\/p>\n<p>&nbsp;<\/p>\n","protected":false},"featured_media":7730,"template":"","meta":{"_joinchat":[]},"product_brand":[],"product_cat":[83,53,15],"product_tag":[126],"class_list":{"0":"post-16880","1":"product","2":"type-product","3":"status-publish","4":"has-post-thumbnail","6":"product_cat-cazane_gaz_arca","7":"product_cat-cazane_gaz","8":"product_cat-instalatii_incalzire","9":"product_tag-arca","10":"pa_brand-arca","11":"pa_classic-boiler-or-condensed-clasic","12":"pa_heating-surface-233","13":"pa_power-boiler-kw-231","15":"first","16":"instock","17":"shipping-taxable","18":"product-type-simple"},"_links":{"self":[{"href":"https:\/\/proterm.md\/ro\/wp-json\/wp\/v2\/product\/16880","targetHints":{"allow":["GET"]}}],"collection":[{"href":"https:\/\/proterm.md\/ro\/wp-json\/wp\/v2\/product"}],"about":[{"href":"https:\/\/proterm.md\/ro\/wp-json\/wp\/v2\/types\/product"}],"wp:featuredmedia":[{"embeddable":true,"href":"https:\/\/proterm.md\/ro\/wp-json\/wp\/v2\/media\/7730"}],"wp:attachment":[{"href":"https:\/\/proterm.md\/ro\/wp-json\/wp\/v2\/media?parent=16880"}],"wp:term":[{"taxonomy":"product_brand","embeddable":true,"href":"https:\/\/proterm.md\/ro\/wp-json\/wp\/v2\/product_brand?post=16880"},{"taxonomy":"product_cat","embeddable":true,"href":"https:\/\/proterm.md\/ro\/wp-json\/wp\/v2\/product_cat?post=16880"},{"taxonomy":"product_tag","embeddable":true,"href":"https:\/\/proterm.md\/ro\/wp-json\/wp\/v2\/product_tag?post=16880"}],"curies":[{"name":"wp","href":"https:\/\/api.w.org\/{rel}","templated":true}]}}