{"id":16892,"date":"2025-06-24T14:54:57","date_gmt":"2025-06-24T12:54:57","guid":{"rendered":"https:\/\/proterm.md\/?post_type=product&#038;p=16892"},"modified":"2025-06-24T14:57:00","modified_gmt":"2025-06-24T12:57:00","slug":"filtru-flansa-o40","status":"publish","type":"product","link":"https:\/\/proterm.md\/ro\/product\/filtru-flansa-o40\/","title":{"rendered":"Filtru flansa &#8211; \u00d840"},"content":{"rendered":"<p>Filtrele tip Y sunt destinate re\u0163inerii impurit\u0103\u0163ilor fluidelor transportate prin diferite tipuri de conducte din o\u0163el, cupru, mase plastice, c\u00e2t \u015fi a gazelor naturale din re\u0163elele de distribu\u0163ie. Pot fi folosite pentru orice fluid neagresiv in instalatiile industriale ce transporta abur, apa supraincalzita, aer comprimat, fluide termice, fluide neinflamabile.<\/p>","protected":false},"excerpt":{"rendered":"<p>Diametru [mm] &#8211; 40<br \/>\nCertificat de sistem de calitate ISO 9001.<br \/>\nGam\u0103 larg\u0103 de aplica\u021bii pentru utilizare \u00een sisteme industriale, sanitare \u0219i de irigare.<br \/>\nTemperatura -10\u00b0\u0421 + 120\u00b0\u0421<\/p>\n<p>&nbsp;<\/p>\n","protected":false},"featured_media":16893,"template":"","meta":{"_joinchat":[]},"product_brand":[],"product_cat":[116,2281],"product_tag":[],"class_list":{"0":"post-16892","1":"product","2":"type-product","3":"status-publish","4":"has-post-thumbnail","6":"product_cat-filtru_apa","7":"product_cat-robineti-industriali","8":"pa_diametru-419","9":"pa_name-boiler-filtru-cu-flansa","10":"pa_thread-type-inside","12":"first","13":"instock","14":"shipping-taxable","15":"product-type-simple"},"_links":{"self":[{"href":"https:\/\/proterm.md\/ro\/wp-json\/wp\/v2\/product\/16892","targetHints":{"allow":["GET"]}}],"collection":[{"href":"https:\/\/proterm.md\/ro\/wp-json\/wp\/v2\/product"}],"about":[{"href":"https:\/\/proterm.md\/ro\/wp-json\/wp\/v2\/types\/product"}],"wp:featuredmedia":[{"embeddable":true,"href":"https:\/\/proterm.md\/ro\/wp-json\/wp\/v2\/media\/16893"}],"wp:attachment":[{"href":"https:\/\/proterm.md\/ro\/wp-json\/wp\/v2\/media?parent=16892"}],"wp:term":[{"taxonomy":"product_brand","embeddable":true,"href":"https:\/\/proterm.md\/ro\/wp-json\/wp\/v2\/product_brand?post=16892"},{"taxonomy":"product_cat","embeddable":true,"href":"https:\/\/proterm.md\/ro\/wp-json\/wp\/v2\/product_cat?post=16892"},{"taxonomy":"product_tag","embeddable":true,"href":"https:\/\/proterm.md\/ro\/wp-json\/wp\/v2\/product_tag?post=16892"}],"curies":[{"name":"wp","href":"https:\/\/api.w.org\/{rel}","templated":true}]}}