{"id":16896,"date":"2026-04-02T14:30:59","date_gmt":"2026-04-02T12:30:59","guid":{"rendered":"https:\/\/proterm.md\/?post_type=product&#038;p=16896"},"modified":"2026-04-02T14:30:59","modified_gmt":"2026-04-02T12:30:59","slug":"racord-cu-semiolandez-3-4fx20-press-ape","status":"publish","type":"product","link":"https:\/\/proterm.md\/ro\/product\/racord-cu-semiolandez-3-4fx20-press-ape\/","title":{"rendered":"Racord cu semiolandez 3\/4Fx20 press APE"},"content":{"rendered":"<p>Fitingurile de tip presare APE RACORDERIE asigura o imbinare solida si etansa, de tip nedemontabil. Datorita lipsei filetului, acestea pot fi instalate si in zone greu accesibile, inclusiv in sapa.<br data-start=\"283\" data-end=\"286\" \/>Sunt fabricate din materiale de inalta calitate, conforme cu standardele internationale.<br data-start=\"374\" data-end=\"377\" \/>Garantie \u2013 60 de luni.<br data-start=\"399\" data-end=\"402\" \/>Produs in Italia.<\/p>\n<p>Fitingurile presate din seria AP, fabricate in conformitate cu standardele UNI EN ISO 21003-3, UNI EN 1254-3 si Decretul Ministerial Italian 174, sunt proiectate si produse cu scopul de a creste etanseitatea si de a reduce timpii de asamblare pentru a simplifica procedurile pentru instalator. Cu doua inele O pentru etansare si o saiba din PE pentru eliminarea oricaror curenti vagabonzi, acestea sunt utilizate in sistemele de incalzire si apa calda si sunt disponibile intr-o gama larga de forme, cu diametre de la \u00d816 la \u00d832.<\/p>","protected":false},"excerpt":{"rendered":"<p>Randament ridicat.<br \/>\nRezisten\u021b\u0103 la medii agresive \u0219i coroziune.<br \/>\nGreutate redus\u0103 \u0219i plasticitate ridicata.<br \/>\nConductivitate termic\u0103 sc\u0103zut\u0103.<br \/>\nPropriet\u0103\u021bi bune de izolare fonic\u0103.<br \/>\nFiabilitate \u0219i durabilitate.<br \/>\nSpecifica\u021bii tehnice<br \/>\nDiametru 20 mm<br \/>\nDiametrul filetului 3\/4&#8243;<br \/>\nGrosimea peretelui 2 mm<br \/>\nTemperatura maxim\u0103 de func\u021bionare 110\u00b0C<br \/>\nPresiune maxim\u0103 de lucru 10 bar<br \/>\nDurat\u0103 de via\u021b\u0103 de peste 50 de ani<br \/>\nMaterial de montare bronz<br \/>\nMaterial man\u0219on: o\u021bel inoxidabil<br \/>\nScop pentru \u00eenc\u0103lzire, alimentare cu ap\u0103<br \/>\nProdus in Italia<\/p>\n","protected":false},"featured_media":16895,"template":"","meta":{"_joinchat":[]},"product_brand":[],"product_cat":[99],"product_tag":[2317],"class_list":{"0":"post-16896","1":"product","2":"type-product","3":"status-publish","4":"has-post-thumbnail","6":"product_cat-fitinguri_pres_ape_italia","7":"product_tag-ape-racorderie","8":"pa_brand-ape-raccorderie","9":"pa_connections-straight-connection","10":"pa_diametru-409","12":"first","13":"instock","14":"shipping-taxable","15":"product-type-simple"},"_links":{"self":[{"href":"https:\/\/proterm.md\/ro\/wp-json\/wp\/v2\/product\/16896","targetHints":{"allow":["GET"]}}],"collection":[{"href":"https:\/\/proterm.md\/ro\/wp-json\/wp\/v2\/product"}],"about":[{"href":"https:\/\/proterm.md\/ro\/wp-json\/wp\/v2\/types\/product"}],"wp:featuredmedia":[{"embeddable":true,"href":"https:\/\/proterm.md\/ro\/wp-json\/wp\/v2\/media\/16895"}],"wp:attachment":[{"href":"https:\/\/proterm.md\/ro\/wp-json\/wp\/v2\/media?parent=16896"}],"wp:term":[{"taxonomy":"product_brand","embeddable":true,"href":"https:\/\/proterm.md\/ro\/wp-json\/wp\/v2\/product_brand?post=16896"},{"taxonomy":"product_cat","embeddable":true,"href":"https:\/\/proterm.md\/ro\/wp-json\/wp\/v2\/product_cat?post=16896"},{"taxonomy":"product_tag","embeddable":true,"href":"https:\/\/proterm.md\/ro\/wp-json\/wp\/v2\/product_tag?post=16896"}],"curies":[{"name":"wp","href":"https:\/\/api.w.org\/{rel}","templated":true}]}}