{"id":16904,"date":"2025-06-27T10:28:32","date_gmt":"2025-06-27T08:28:32","guid":{"rendered":"https:\/\/proterm.md\/?post_type=product&#038;p=16904"},"modified":"2025-06-27T10:29:41","modified_gmt":"2025-06-27T08:29:41","slug":"trap-dus-70cm-westline-vld-575325","status":"publish","type":"product","link":"https:\/\/proterm.md\/ro\/product\/trap-dus-70cm-westline-vld-575325\/","title":{"rendered":"Trap dus 70cm WESTLINE VLD 575325"},"content":{"rendered":"<div class=\"wpb-content-wrapper\"><p>[vc_row][vc_column][vc_column_text text_larger=&#8221;no&#8221;]Designul modern al b\u0103ii necesit\u0103 re\u021binere \u0219i compactitate. Canalul de du\u0219 Valtemo \u00eendepline\u0219te \u0219i aceste cerin\u021be.<br \/>\nPrincipiul de func\u021bionare a unei etan\u0219\u0103ri uscate este un r\u0103spuns la presiune. C\u00e2nd apa intr\u0103 \u00een scurgere, se deschide o supap\u0103 special\u0103 (canal) \u0219i apa este scurs\u0103. De \u00eendat\u0103 ce apa \u00eenceteaz\u0103 s\u0103 curg\u0103, cerceveaua se \u00eenchide.<br \/>\nFunc\u021bionarea unei sc\u0103ri cu etan\u0219are umed\u0103 (etan\u0219\u0103ri hidraulice) se bazeaz\u0103 pe un sistem de preaplin, care, pe l\u00e2ng\u0103 func\u021bia principal\u0103 de scurgere, protejeaz\u0103 \u00een mod fiabil \u0219i \u00eempotriva mirosurilor nepl\u0103cute. Supap\u0103 combinat\u0103 &#8211; o combina\u021bie de supape umede \u0219i uscate.<\/p>\n<p>https:\/\/www.youtube.com\/watch?v=xpUVv0iHr2M&amp;feature=emb_logo[\/vc_column_text][\/vc_column][\/vc_row]","protected":false},"excerpt":{"rendered":"<p>Aliaj din plastic;<br \/>\nCadru &#8211; otel inoxidabil;<br \/>\nInstalare: langa perete (pana la podea)<br \/>\nForma: dreptunghiulara<br \/>\nLungime: 70 cm<br \/>\nConducta de racord PND &#8211; \u00d850 mm<br \/>\nInaltimea canalului &#8211; 55 mm<br \/>\nInaltime reglabila picioruse: de la 23 la 75 mm<br \/>\nReglare independenta a piciorului;<br \/>\nSifon rotativ (360\u00b0);<br \/>\nCuratare usoara fara demontare;<br \/>\nGrila cu gauri dpretunghiulare<br \/>\nMarca: Valtemo<\/p>\n","protected":false},"featured_media":8049,"template":"","meta":{"_joinchat":[]},"product_brand":[],"product_cat":[108],"product_tag":[666],"class_list":{"0":"post-16904","1":"product","2":"type-product","3":"status-publish","4":"has-post-thumbnail","6":"product_cat-trap_de_dus","7":"product_tag-valtemo-brend","8":"pa_brand-valtemo","9":"pa_the-length-radiator-154","11":"first","12":"instock","13":"shipping-taxable","14":"product-type-simple"},"_links":{"self":[{"href":"https:\/\/proterm.md\/ro\/wp-json\/wp\/v2\/product\/16904","targetHints":{"allow":["GET"]}}],"collection":[{"href":"https:\/\/proterm.md\/ro\/wp-json\/wp\/v2\/product"}],"about":[{"href":"https:\/\/proterm.md\/ro\/wp-json\/wp\/v2\/types\/product"}],"wp:featuredmedia":[{"embeddable":true,"href":"https:\/\/proterm.md\/ro\/wp-json\/wp\/v2\/media\/8049"}],"wp:attachment":[{"href":"https:\/\/proterm.md\/ro\/wp-json\/wp\/v2\/media?parent=16904"}],"wp:term":[{"taxonomy":"product_brand","embeddable":true,"href":"https:\/\/proterm.md\/ro\/wp-json\/wp\/v2\/product_brand?post=16904"},{"taxonomy":"product_cat","embeddable":true,"href":"https:\/\/proterm.md\/ro\/wp-json\/wp\/v2\/product_cat?post=16904"},{"taxonomy":"product_tag","embeddable":true,"href":"https:\/\/proterm.md\/ro\/wp-json\/wp\/v2\/product_tag?post=16904"}],"curies":[{"name":"wp","href":"https:\/\/api.w.org\/{rel}","templated":true}]}}