{"id":16905,"date":"2025-06-30T08:23:23","date_gmt":"2025-06-30T06:23:23","guid":{"rendered":"https:\/\/proterm.md\/?post_type=product&#038;p=16905"},"modified":"2025-06-30T08:24:25","modified_gmt":"2025-06-30T06:24:25","slug":"vas-expansiune-gitral-mb-105","status":"publish","type":"product","link":"https:\/\/proterm.md\/ro\/product\/vas-expansiune-gitral-mb-105\/","title":{"rendered":"Vas expansiune Gitral MB 105"},"content":{"rendered":"<p>Caracteristici ale constructiei \u2014 membrana elastomerica rezistenta la principali agenti de tratare a apei; finisaj pulbere de culoare rosie, de inalta durabilitate; supapa de siguranta cu capac; membrana din cauciuc SBR; rezervorul are culoarea rosie; conectare de sus; montat pe un piedestal.<br \/>\nDomeniul de aplicare \u2014 se utilizeaza pentru extinderea apei si pentru presiune in sistemele hidrotehnice inchise de incalzire, pentru climatizare cu apa racita, si in boilere solare.<\/p>","protected":false},"excerpt":{"rendered":"<p>Articol: MB 105<br \/>\nVolum (l): 105<br \/>\nGreutate: 16 kg<br \/>\n\u00cen\u0103l\u021bime total\u0103 (mm): 665<br \/>\nDiametru: 500<br \/>\nDiametrul filetului: 3\/4&#8243;M<br \/>\nPresiune standard de umplere (bar): 2<br \/>\nMax. presiune de lucru (bar): 6<br \/>\nTemperatura de func\u021bionare -10\u00b0\/ +99\u00b0C<br \/>\nForma &#8211; cilindric\u0103<\/p>\n<h6>Not\u0103 &#8211; Presiunea aerului din rezervor trebuie verificat\u0103 la fiecare 3 luni de c\u0103tre un centru de service autorizat.<\/h6>\n","protected":false},"featured_media":16906,"template":"","meta":{"_joinchat":[]},"product_brand":[],"product_cat":[60],"product_tag":[351],"class_list":{"0":"post-16905","1":"product","2":"type-product","3":"status-publish","4":"has-post-thumbnail","6":"product_cat-vas_expansiune","7":"product_tag-gitral-brend","8":"pa_brand-gitral-brend","9":"pa_expansion-tank-volume-812","10":"pa_filet-443","12":"first","13":"instock","14":"shipping-taxable","15":"product-type-simple"},"_links":{"self":[{"href":"https:\/\/proterm.md\/ro\/wp-json\/wp\/v2\/product\/16905","targetHints":{"allow":["GET"]}}],"collection":[{"href":"https:\/\/proterm.md\/ro\/wp-json\/wp\/v2\/product"}],"about":[{"href":"https:\/\/proterm.md\/ro\/wp-json\/wp\/v2\/types\/product"}],"wp:featuredmedia":[{"embeddable":true,"href":"https:\/\/proterm.md\/ro\/wp-json\/wp\/v2\/media\/16906"}],"wp:attachment":[{"href":"https:\/\/proterm.md\/ro\/wp-json\/wp\/v2\/media?parent=16905"}],"wp:term":[{"taxonomy":"product_brand","embeddable":true,"href":"https:\/\/proterm.md\/ro\/wp-json\/wp\/v2\/product_brand?post=16905"},{"taxonomy":"product_cat","embeddable":true,"href":"https:\/\/proterm.md\/ro\/wp-json\/wp\/v2\/product_cat?post=16905"},{"taxonomy":"product_tag","embeddable":true,"href":"https:\/\/proterm.md\/ro\/wp-json\/wp\/v2\/product_tag?post=16905"}],"curies":[{"name":"wp","href":"https:\/\/api.w.org\/{rel}","templated":true}]}}