{"id":16907,"date":"2025-06-30T08:38:51","date_gmt":"2025-06-30T06:38:51","guid":{"rendered":"https:\/\/proterm.md\/?post_type=product&#038;p=16907"},"modified":"2025-06-30T08:39:27","modified_gmt":"2025-06-30T06:39:27","slug":"vas-expansiune-50l-h","status":"publish","type":"product","link":"https:\/\/proterm.md\/ro\/product\/vas-expansiune-50l-h\/","title":{"rendered":"Vas expansiune 50L H"},"content":{"rendered":"<p>Vasele de expansiune sunt destinate utilizarii in sisteme de alimentare cu apa, incalzire, racire, instalatii de mentinere a presiunii, alimentare cu apa, statii de stingere a incendiilor si sisteme solare. Acestea sunt esentiale pentru a preveni fluctuatiile de presiune si pentru a proteja componentele sistemului, absorbind extinderea lichidului atunci cand temperatura creste. In plus, vasele de expansiune contribuie la mentinerea stabilitatii si sigurantei sistemului, prelungind durata de viata a instalatiilor si reducand costurile de intretinere. Designul lor variat si materialele folosite asigura compatibilitate cu diferite tipuri de lichide si conditii de functionare.<\/p>","protected":false},"excerpt":{"rendered":"<p>Temperatura de functionare de la -10C\u00b0 la +99C\u00b0<br \/>\nPresiune prestabilit\u0103 &#8211; 2 bar<br \/>\nPresiune maxima &#8211; 10 bar<br \/>\nLatime, mm: 370<br \/>\n\u00cen\u0103l\u021bime, mm: 585<br \/>\nDiametrul filetului &#8211; 1&#8243;M<br \/>\nCuloarea &#8211; rosie<br \/>\nDomeniu de utilizare: pentru sisteme de alimentare cu ap\u0103 \u0219i c\u0103ldur\u0103<br \/>\nTip &#8211; de podea<br \/>\nMaterial flansa &#8211; otel galvanizat<br \/>\nGreutate net\u0103 &#8211; 6.60 kg<br \/>\nForma &#8211; cilindric\u0103, orizontala<\/p>\n<h6>Not\u0103 &#8211; Presiunea aerului din rezervor trebuie verificat\u0103 la fiecare 3 luni de c\u0103tre un centru de service autorizat.<\/h6>\n","protected":false},"featured_media":14382,"template":"","meta":{"_joinchat":[]},"product_brand":[],"product_cat":[60],"product_tag":[2239],"class_list":{"0":"post-16907","1":"product","2":"type-product","3":"status-publish","4":"has-post-thumbnail","6":"product_cat-vas_expansiune","7":"product_tag-cruwa-by-oren","8":"pa_brand-cruwa-by-oren","9":"pa_expansion-tank-volume-1360","10":"pa_filet-443","12":"first","13":"instock","14":"shipping-taxable","15":"product-type-simple"},"_links":{"self":[{"href":"https:\/\/proterm.md\/ro\/wp-json\/wp\/v2\/product\/16907","targetHints":{"allow":["GET"]}}],"collection":[{"href":"https:\/\/proterm.md\/ro\/wp-json\/wp\/v2\/product"}],"about":[{"href":"https:\/\/proterm.md\/ro\/wp-json\/wp\/v2\/types\/product"}],"wp:featuredmedia":[{"embeddable":true,"href":"https:\/\/proterm.md\/ro\/wp-json\/wp\/v2\/media\/14382"}],"wp:attachment":[{"href":"https:\/\/proterm.md\/ro\/wp-json\/wp\/v2\/media?parent=16907"}],"wp:term":[{"taxonomy":"product_brand","embeddable":true,"href":"https:\/\/proterm.md\/ro\/wp-json\/wp\/v2\/product_brand?post=16907"},{"taxonomy":"product_cat","embeddable":true,"href":"https:\/\/proterm.md\/ro\/wp-json\/wp\/v2\/product_cat?post=16907"},{"taxonomy":"product_tag","embeddable":true,"href":"https:\/\/proterm.md\/ro\/wp-json\/wp\/v2\/product_tag?post=16907"}],"curies":[{"name":"wp","href":"https:\/\/api.w.org\/{rel}","templated":true}]}}