{"id":16914,"date":"2025-06-30T15:04:50","date_gmt":"2025-06-30T13:04:50","guid":{"rendered":"https:\/\/proterm.md\/?post_type=product&#038;p=16914"},"modified":"2025-06-30T15:57:29","modified_gmt":"2025-06-30T13:57:29","slug":"colector-cu-separator-hidraulic-cu-4-iesiri-32","status":"publish","type":"product","link":"https:\/\/proterm.md\/ro\/product\/colector-cu-separator-hidraulic-cu-4-iesiri-32\/","title":{"rendered":"Colector cu separator hidraulic cu 4 iesiri 1&#8243;1\/4"},"content":{"rendered":"<p>\u00cen acest caz, debitul prin circuitele respective depinde numai de caracteristicile de curgere ale pompelor, ceea ce evit\u0103 influen\u021ba reciproc\u0103 datorit\u0103 conexiunii lor \u00een serie. \u00cen acest sens, la ie\u0219irea sec\u021biunii de separare hidraulic\u0103, exist\u0103 colectoare de alimentare \u0219i retur, la care pot fi conectate diferite circuite secundare de distribu\u021bie.<\/p>\n<p>\u00cen cazul grupurilor de control mixte \u0219i directe conectate la acela\u0219i dispozitiv COMPACT, pentru o distribu\u021bie mai bun\u0103 a temperaturii \u00een interiorul dispozitivului, se recomand\u0103 instalarea grupurilor directe c\u00e2t mai aproape posibil de zona de separare hidraulic\u0103 (de zona circuitului primar).<br \/>\nC\u00e2nd circuitul principal de producere a c\u0103ldurii cu pomp\u0103 proprie \u0219i circuitul secundar de consum cu una sau mai multe pompe de distribu\u021bie sunt amplasate \u00een acela\u0219i sistem, pot ap\u0103rea astfel de condi\u021bii de func\u021bionare a sistemului \u00een care pompele \u00eencep s\u0103 interfereze cu func\u021bionarea reciproc\u0103, \u00een timp ce creeaz\u0103 modific\u0103ri anormale debitul \u0219i presiunea \u00een circuite. Dispozitivul COMPACT are o sec\u021biune cu pierderi de cap reduse, care permite asigurarea independen\u021bei hidraulice a circuitelor principale \u0219i secundare conectate la acesta, \u00een timp ce fluxul din circuitul primar nu creeaz\u0103 flux \u00een secundar (dac\u0103 pierderea de cap \u00een general sec\u021biunea poate fi neglijat\u0103).<\/p>","protected":false},"excerpt":{"rendered":"<p>Colector cu separator hidraulic COMPACT 1&#8243; 1\/2 &#8211; CSCO400<br \/>\nConexiune \u2013 1\u20331\/4<br \/>\nNum\u0103rul de ie\u0219iri \u2013 4<br \/>\nIzolare \u2013 Da<br \/>\nModel \u2013 CSCO400<br \/>\nColector cu separatorul hidraulic este utilizat in sistemele de incalzire cu mai multe circuite, pentru egalizarea temperaturii si a presiunii, impartirea circuitului cazanului si circuitele sistemului de incalzire.<br \/>\nEliminarea efectului de sauna.\u00a0Datorit\u0103 izol\u0103rii termice, se pot evita temperaturile prea ridicate \u00een spa\u021biul unde se afl\u0103 cazanul \u0219i centrala de distribu\u021bie.<\/p>\n","protected":false},"featured_media":15221,"template":"","meta":{"_joinchat":[]},"product_brand":[],"product_cat":[2319],"product_tag":[474],"class_list":{"0":"post-16914","1":"product","2":"type-product","3":"status-publish","4":"has-post-thumbnail","6":"product_cat-cazangerii","7":"product_tag-valenheat","8":"pa_brand-valenheat","9":"pa_filet-11-4","10":"pa_heating-type-for-water-supply","11":"pa_heating-type-for-pumping-groups","12":"pa_heating-type-heating","13":"pa_heating-type-for-underfloor-heating","14":"pa_number-of-exits-479","16":"first","17":"instock","18":"shipping-taxable","19":"product-type-simple"},"_links":{"self":[{"href":"https:\/\/proterm.md\/ro\/wp-json\/wp\/v2\/product\/16914","targetHints":{"allow":["GET"]}}],"collection":[{"href":"https:\/\/proterm.md\/ro\/wp-json\/wp\/v2\/product"}],"about":[{"href":"https:\/\/proterm.md\/ro\/wp-json\/wp\/v2\/types\/product"}],"wp:featuredmedia":[{"embeddable":true,"href":"https:\/\/proterm.md\/ro\/wp-json\/wp\/v2\/media\/15221"}],"wp:attachment":[{"href":"https:\/\/proterm.md\/ro\/wp-json\/wp\/v2\/media?parent=16914"}],"wp:term":[{"taxonomy":"product_brand","embeddable":true,"href":"https:\/\/proterm.md\/ro\/wp-json\/wp\/v2\/product_brand?post=16914"},{"taxonomy":"product_cat","embeddable":true,"href":"https:\/\/proterm.md\/ro\/wp-json\/wp\/v2\/product_cat?post=16914"},{"taxonomy":"product_tag","embeddable":true,"href":"https:\/\/proterm.md\/ro\/wp-json\/wp\/v2\/product_tag?post=16914"}],"curies":[{"name":"wp","href":"https:\/\/api.w.org\/{rel}","templated":true}]}}