{"id":16924,"date":"2025-07-04T12:02:15","date_gmt":"2025-07-04T10:02:15","guid":{"rendered":"https:\/\/proterm.md\/?post_type=product&#038;p=16924"},"modified":"2025-07-04T12:29:12","modified_gmt":"2025-07-04T10:29:12","slug":"filtru-sisteme-de-ventilare-g4-fzs","status":"publish","type":"product","link":"https:\/\/proterm.md\/ro\/product\/filtru-sisteme-de-ventilare-g4-fzs\/","title":{"rendered":"Filtru pentru sisteme de ventilare G4 FZS 495x495x47 mm"},"content":{"rendered":"<p><strong>Filtrul G4 FZS<\/strong> este un element esen\u021bial \u00een sistemele de ventila\u021bie \u0219i HVAC, proiectat pentru re\u021binerea particulelor grosiere de praf, polen, puf, scame textile \u0219i alte impurit\u0103\u021bi din aer.<\/p>\n<p>Filtrele absolute, denumite de foarte multe ori generic filtre HEPA, dar care sunt formate tehnic din trei grupe filtrante ,respectiv filtre EPA, filtre HEPA \u0219i filtre ULPA, sunt capabile s\u0103 ofere medii de aer curat de o calitate foarte \u00eenalt\u0103. Filtrele absolute sunt utilizate \u00een cazurile \u00een care nu numai praful \u0219i particulele grosiere trebuie eliminate din aer, ci \u0219i polenul \u0219i particulele fine.<br \/>\n&#8211; \u00cen func\u021bie de gradul filtrului, pot re\u021bine chiar bacteriile \u0219i microparticulele, \u0219i sunt s\u0103 fie utilizate \u00een condi\u021bii de siguran\u021b\u0103 \u00een sistemele de climatizare ale camerelor curate sterile. Filtrele absolute ,echipeaz\u0103 sistemele moderne de ventila\u021bie a aerului \u00een echipamentele HVAC.<br \/>\n&#8211; Majoritatea filtrelor absolute constau dintr-un mediu filtrant montat pe un cadru dintr-un material compozit sau metal.Filtrele absolute sunt echipate \u00een general cu urm\u0103toarele tipuri de rame: MDF, aluminiu, plastic,tabl\u0103 galvanizat\u0103. Mediul de filtrare este din micro fibr\u0103 de sticl\u0103 sau din combina\u021bii de micro fibr\u0103 de sticl\u0103 \u0219i alte medii de filtrare.<\/p>\n<p>Filtrele de tip G4 (conform standardului european EN 779) sunt \u00eencadrate \u00een categoria filtrelor grosiere \u0219i au o eficien\u021b\u0103 medie \u00een captarea particulelor de praf cu dimensiuni \u226510 microni.<\/p>\n<p>Praful grosier (praf vizibil, polen, puf, fibre textile) \u226510 microni 90%+<\/p>","protected":false},"excerpt":{"rendered":"<p>Dimensiuni filtru 495x495x47 \/ G4<br \/>\nClasa filtrului EN779 G4+G4<br \/>\nClasa ISO: (ISO 16890)<br \/>\nEficien\u021b\u0103 G4 \u226510 microni 90%+<br \/>\nTip filtru: caset\u0103<br \/>\nGrad de purificare purificare fin\u0103<br \/>\nNivel de siguran\u021b\u0103 Basic: particule mari, praf, scame.<br \/>\nRezisten\u021b\u0103 redus\u0103: durat\u0103 de via\u021b\u0103 mai lung\u0103, consum redus de energie<\/p>\n","protected":false},"featured_media":16925,"template":"","meta":{"_joinchat":[]},"product_brand":[],"product_cat":[112,123],"product_tag":[],"class_list":{"0":"post-16924","1":"product","2":"type-product","3":"status-publish","4":"has-post-thumbnail","6":"product_cat-colectoare-distribuitoare","7":"product_cat-piese_de_schimb_centrale_termice","8":"pa_brand-fiv-emmeti","10":"first","11":"instock","12":"shipping-taxable","13":"product-type-simple"},"_links":{"self":[{"href":"https:\/\/proterm.md\/ro\/wp-json\/wp\/v2\/product\/16924","targetHints":{"allow":["GET"]}}],"collection":[{"href":"https:\/\/proterm.md\/ro\/wp-json\/wp\/v2\/product"}],"about":[{"href":"https:\/\/proterm.md\/ro\/wp-json\/wp\/v2\/types\/product"}],"wp:featuredmedia":[{"embeddable":true,"href":"https:\/\/proterm.md\/ro\/wp-json\/wp\/v2\/media\/16925"}],"wp:attachment":[{"href":"https:\/\/proterm.md\/ro\/wp-json\/wp\/v2\/media?parent=16924"}],"wp:term":[{"taxonomy":"product_brand","embeddable":true,"href":"https:\/\/proterm.md\/ro\/wp-json\/wp\/v2\/product_brand?post=16924"},{"taxonomy":"product_cat","embeddable":true,"href":"https:\/\/proterm.md\/ro\/wp-json\/wp\/v2\/product_cat?post=16924"},{"taxonomy":"product_tag","embeddable":true,"href":"https:\/\/proterm.md\/ro\/wp-json\/wp\/v2\/product_tag?post=16924"}],"curies":[{"name":"wp","href":"https:\/\/api.w.org\/{rel}","templated":true}]}}