{"id":17028,"date":"2025-12-01T12:16:39","date_gmt":"2025-12-01T10:16:39","guid":{"rendered":"https:\/\/proterm.md\/?post_type=product&#038;p=17028"},"modified":"2026-01-01T10:07:45","modified_gmt":"2026-01-01T08:07:45","slug":"dulap-distribuitor-intern-fiv-1-20m","status":"publish","type":"product","link":"https:\/\/proterm.md\/ro\/product\/dulap-distribuitor-intern-fiv-1-20m\/","title":{"rendered":"Dulap distribuitor intern FIV (1200*600*120)"},"content":{"rendered":"<p>Cutie din tabl\u0103 galvanizat\u0103 cu ram\u0103 \u0219i u\u0219\u0103 plastificate, alb RAL 9010. Potrivit\u0103 pentru instalare \u00eencastrat\u0103 cu ad\u00e2ncime reglabil\u0103 pentru pere\u021bi desp\u0103r\u021bitori de 80 \u0219i 120 mm. Se livreaz\u0103 complet cu \u00eencuietoare tip \u0219urubelni\u021b\u0103, picioare reglabile pe \u00een\u0103l\u021bime (0 p\u00e2n\u0103 la 100 mm) \u0219i o protec\u021bie metalic\u0103 pentru construc\u021bie. Rama este la acela\u0219i nivel cu peretele \u0219i este realizat\u0103 din tabl\u0103 cu grosimea de 3 mm.<\/p>","protected":false},"excerpt":{"rendered":"<p>Clas\u0103 de protec\u021bie &#8211; IP54<br \/>\n\u00cen\u0103l\u021bime &#8211; 600 mm<br \/>\nL\u0103\u021bime &#8211; 1200 mm<br \/>\nAd\u00e2ncime &#8211; de la 80 mm +<br \/>\nCuloare &#8211; alb<br \/>\nKit de montare intern\u0103<\/p>\n<p>Material principal &#8211; O\u021bel galvanizat<br \/>\nMaterial suplimentar &#8211; Plastic<br \/>\nProiectat \u00een Italia<br \/>\nFabricat \u00een Italia<\/p>\n<p>&nbsp;<\/p>\n","protected":false},"featured_media":17029,"template":"","meta":{"_joinchat":[]},"product_brand":[],"product_cat":[509],"product_tag":[411],"class_list":{"0":"post-17028","1":"product","2":"type-product","3":"status-publish","4":"has-post-thumbnail","6":"product_cat-dulap_distributie","7":"product_tag-fiv","8":"pa_adancime-1525","9":"pa_adancime-1535","10":"pa_brand-fiv-emmeti","11":"pa_heated-towel-rail-height-1538","12":"pa_heated-towel-rail-width-2410","13":"pa_heating-type-for-underfloor-heating","14":"pa_intern-extern-intern","16":"first","17":"instock","18":"shipping-taxable","19":"product-type-simple"},"_links":{"self":[{"href":"https:\/\/proterm.md\/ro\/wp-json\/wp\/v2\/product\/17028","targetHints":{"allow":["GET"]}}],"collection":[{"href":"https:\/\/proterm.md\/ro\/wp-json\/wp\/v2\/product"}],"about":[{"href":"https:\/\/proterm.md\/ro\/wp-json\/wp\/v2\/types\/product"}],"wp:featuredmedia":[{"embeddable":true,"href":"https:\/\/proterm.md\/ro\/wp-json\/wp\/v2\/media\/17029"}],"wp:attachment":[{"href":"https:\/\/proterm.md\/ro\/wp-json\/wp\/v2\/media?parent=17028"}],"wp:term":[{"taxonomy":"product_brand","embeddable":true,"href":"https:\/\/proterm.md\/ro\/wp-json\/wp\/v2\/product_brand?post=17028"},{"taxonomy":"product_cat","embeddable":true,"href":"https:\/\/proterm.md\/ro\/wp-json\/wp\/v2\/product_cat?post=17028"},{"taxonomy":"product_tag","embeddable":true,"href":"https:\/\/proterm.md\/ro\/wp-json\/wp\/v2\/product_tag?post=17028"}],"curies":[{"name":"wp","href":"https:\/\/api.w.org\/{rel}","templated":true}]}}