{"id":17036,"date":"2025-08-27T11:04:03","date_gmt":"2025-08-27T09:04:03","guid":{"rendered":"https:\/\/proterm.md\/?post_type=product&#038;p=17036"},"modified":"2025-08-27T11:04:03","modified_gmt":"2025-08-27T09:04:03","slug":"teu-cu-filet-inox-o35x3-4f","status":"publish","type":"product","link":"https:\/\/proterm.md\/ro\/product\/teu-cu-filet-inox-o35x3-4f\/","title":{"rendered":"Teu cu filet inox  \u00d835&#215;3\/4&#8243;F"},"content":{"rendered":"<p>Fitingurile din o\u021bel inoxidabil AISI 304 asigur\u0103 racordarea \u021bevilor din o\u021bel inoxidabil, precum \u0219i racordarea la echipamente \u0219i dispozitive de \u00eenc\u0103lzire sau sanitare, \u00een limitele presiunilor \u0219i temperaturilor admise pentru func\u021bionare.<\/p>\n<p>CARACTERISTICI DE DESIGN:<\/p>\n<p>Corpul fitingurilor este realizat din o\u021bel inoxidabil sudat laminat la rece de calitate AISI 304 conform standardului EN10312;<br \/>\nMaterialul inelelor de etan\u0219are este elastomer EPDM;<br \/>\nP\u0103r\u021bile filetate ale fitingurilor sunt realizate \u00een conformitate cu GOST 6357 (clasa de precizie \u201eB\u201d);<br \/>\nSertizarea fitingurilor se realizeaz\u0103 folosind o unealt\u0103 cu duze de tip V.<br \/>\n<strong>Clien\u021bii no\u0219tri beneficiaz\u0103 gratuit de aparatul de pressare a fitingurilor si tevei de inox timp de 3 zile.<\/strong><\/p>","protected":false},"excerpt":{"rendered":"<p>Tip &#8211; teu cu filet<br \/>\nDiametru &#8211; \u00d835&#215;3\/4&#8243;F<br \/>\nCalitatea o\u021belului &#8211; AISI 304<br \/>\nPresiune maxim\u0103 de lucru 16 bar<br \/>\nTemperatura maximala de functionare +120\u00b0C<br \/>\nProducator &#8211; Tivoli<\/p>\n","protected":false},"featured_media":16319,"template":"","meta":{"_joinchat":[]},"product_brand":[],"product_cat":[2354],"product_tag":[2353],"class_list":{"0":"post-17036","1":"product","2":"type-product","3":"status-publish","4":"has-post-thumbnail","6":"product_cat-inox","7":"product_tag-tivoli","8":"pa_diametru-35x3-4","9":"pa_diametru-2360","10":"pa_fitting-polypropylene-tee","11":"pa_fitting-polypropylene-tee-reduced","12":"pa_thread-type-inside","14":"first","15":"instock","16":"shipping-taxable","17":"product-type-simple"},"_links":{"self":[{"href":"https:\/\/proterm.md\/ro\/wp-json\/wp\/v2\/product\/17036","targetHints":{"allow":["GET"]}}],"collection":[{"href":"https:\/\/proterm.md\/ro\/wp-json\/wp\/v2\/product"}],"about":[{"href":"https:\/\/proterm.md\/ro\/wp-json\/wp\/v2\/types\/product"}],"wp:featuredmedia":[{"embeddable":true,"href":"https:\/\/proterm.md\/ro\/wp-json\/wp\/v2\/media\/16319"}],"wp:attachment":[{"href":"https:\/\/proterm.md\/ro\/wp-json\/wp\/v2\/media?parent=17036"}],"wp:term":[{"taxonomy":"product_brand","embeddable":true,"href":"https:\/\/proterm.md\/ro\/wp-json\/wp\/v2\/product_brand?post=17036"},{"taxonomy":"product_cat","embeddable":true,"href":"https:\/\/proterm.md\/ro\/wp-json\/wp\/v2\/product_cat?post=17036"},{"taxonomy":"product_tag","embeddable":true,"href":"https:\/\/proterm.md\/ro\/wp-json\/wp\/v2\/product_tag?post=17036"}],"curies":[{"name":"wp","href":"https:\/\/api.w.org\/{rel}","templated":true}]}}