{"id":17044,"date":"2025-08-27T11:22:39","date_gmt":"2025-08-27T09:22:39","guid":{"rendered":"https:\/\/proterm.md\/?post_type=product&#038;p=17044"},"modified":"2025-08-27T11:22:39","modified_gmt":"2025-08-27T09:22:39","slug":"dop-inox-o42","status":"publish","type":"product","link":"https:\/\/proterm.md\/ro\/product\/dop-inox-o42\/","title":{"rendered":"Dop inox \u00d842"},"content":{"rendered":"<p>Fitingul prin presare din o\u021bel inoxidabil este conceput pentru a fi utilizat ca capac de cap\u0103t pentru o \u021beav\u0103 de o\u021bel.<br \/>\nAplica\u021biile includ alimentarea cu ap\u0103, \u00eenc\u0103lzirea \u0219i alte instala\u021bii inginere\u0219ti \u0219i de proces cu temperaturi de func\u021bionare de p\u00e2n\u0103 la 120 \u00b0C \u0219i presiuni de p\u00e2n\u0103 la 16 bar.<br \/>\n<strong>Clien\u021bii no\u0219tri beneficiaz\u0103 gratuit de aparatul de pressare a fitingurilor si tevei de inox timp de 3 zile.<\/strong><\/p>","protected":false},"excerpt":{"rendered":"<p>Tip &#8211; Dop inox<br \/>\nDiametru &#8211; \u00d842<br \/>\nCalitatea o\u021belului &#8211; AISI 304<br \/>\nProducator &#8211; Tivoli<\/p>\n","protected":false},"featured_media":17041,"template":"","meta":{"_joinchat":[]},"product_brand":[],"product_cat":[2354],"product_tag":[2353],"class_list":{"0":"post-17044","1":"product","2":"type-product","3":"status-publish","4":"has-post-thumbnail","6":"product_cat-inox","7":"product_tag-tivoli","8":"pa_diametru-2361","9":"pa_fitting-polypropylene-add","11":"first","12":"instock","13":"shipping-taxable","14":"product-type-simple"},"_links":{"self":[{"href":"https:\/\/proterm.md\/ro\/wp-json\/wp\/v2\/product\/17044","targetHints":{"allow":["GET"]}}],"collection":[{"href":"https:\/\/proterm.md\/ro\/wp-json\/wp\/v2\/product"}],"about":[{"href":"https:\/\/proterm.md\/ro\/wp-json\/wp\/v2\/types\/product"}],"wp:featuredmedia":[{"embeddable":true,"href":"https:\/\/proterm.md\/ro\/wp-json\/wp\/v2\/media\/17041"}],"wp:attachment":[{"href":"https:\/\/proterm.md\/ro\/wp-json\/wp\/v2\/media?parent=17044"}],"wp:term":[{"taxonomy":"product_brand","embeddable":true,"href":"https:\/\/proterm.md\/ro\/wp-json\/wp\/v2\/product_brand?post=17044"},{"taxonomy":"product_cat","embeddable":true,"href":"https:\/\/proterm.md\/ro\/wp-json\/wp\/v2\/product_cat?post=17044"},{"taxonomy":"product_tag","embeddable":true,"href":"https:\/\/proterm.md\/ro\/wp-json\/wp\/v2\/product_tag?post=17044"}],"curies":[{"name":"wp","href":"https:\/\/api.w.org\/{rel}","templated":true}]}}