{"id":17056,"date":"2025-08-28T10:29:12","date_gmt":"2025-08-28T08:29:12","guid":{"rendered":"https:\/\/proterm.md\/?post_type=product&#038;p=17056"},"modified":"2025-08-28T10:42:47","modified_gmt":"2025-08-28T08:42:47","slug":"debitmetru-1-2x3-4-hc2090c","status":"publish","type":"product","link":"https:\/\/proterm.md\/ro\/product\/debitmetru-1-2x3-4-hc2090c\/","title":{"rendered":"Debitmetru 1\/2&#215;3\/4&#8243; HC2090C"},"content":{"rendered":"<p>Debitmetrul 1\/2&#215;3\/4&#8243; HC2090C este un accesoriu utilizat pentru m\u0103surarea \u0219i controlul debitului de ap\u0103 \u00een instala\u021bii sanitare \u0219i sisteme de \u00eenc\u0103lzire. Asigur\u0103 o citire precis\u0103 a cantit\u0103\u021bii de ap\u0103 care trece prin conduct\u0103, fiind esen\u021bial pentru reglajul corect al circuitelor. Fabricat din materiale rezistente la coroziune, debitmetrul garanteaz\u0103 fiabilitate \u0219i durat\u0103 lung\u0103 de via\u021b\u0103. Se instaleaz\u0103 u\u0219or \u0219i este compatibil cu racorduri de 1\/2\u201d \u0219i 3\/4\u201d, fiind ideal pentru sisteme reziden\u021biale \u0219i comerciale.<\/p>","protected":false},"excerpt":{"rendered":"<p>Debitmetru pentru colectoare TIVOLI  D 1\/2&#8243;x3\/4&#8243;  0.5-5Litri\/min<\/p>\n","protected":false},"featured_media":17058,"template":"","meta":{"_joinchat":[]},"product_brand":[],"product_cat":[112,72],"product_tag":[2353],"class_list":{"0":"post-17056","1":"product","2":"type-product","3":"status-publish","4":"has-post-thumbnail","6":"product_cat-colectoare-distribuitoare","7":"product_cat-robineti_radiatoare","8":"product_tag-tivoli","9":"pa_brand-tivoli","10":"pa_diametru-3-4x1-2","11":"pa_heating-type-heating","12":"pa_heating-type-for-underfloor-heating","14":"first","15":"instock","16":"shipping-taxable","17":"product-type-simple"},"_links":{"self":[{"href":"https:\/\/proterm.md\/ro\/wp-json\/wp\/v2\/product\/17056","targetHints":{"allow":["GET"]}}],"collection":[{"href":"https:\/\/proterm.md\/ro\/wp-json\/wp\/v2\/product"}],"about":[{"href":"https:\/\/proterm.md\/ro\/wp-json\/wp\/v2\/types\/product"}],"wp:featuredmedia":[{"embeddable":true,"href":"https:\/\/proterm.md\/ro\/wp-json\/wp\/v2\/media\/17058"}],"wp:attachment":[{"href":"https:\/\/proterm.md\/ro\/wp-json\/wp\/v2\/media?parent=17056"}],"wp:term":[{"taxonomy":"product_brand","embeddable":true,"href":"https:\/\/proterm.md\/ro\/wp-json\/wp\/v2\/product_brand?post=17056"},{"taxonomy":"product_cat","embeddable":true,"href":"https:\/\/proterm.md\/ro\/wp-json\/wp\/v2\/product_cat?post=17056"},{"taxonomy":"product_tag","embeddable":true,"href":"https:\/\/proterm.md\/ro\/wp-json\/wp\/v2\/product_tag?post=17056"}],"curies":[{"name":"wp","href":"https:\/\/api.w.org\/{rel}","templated":true}]}}