{"id":17059,"date":"2026-04-01T13:30:16","date_gmt":"2026-04-01T11:30:16","guid":{"rendered":"https:\/\/proterm.md\/?post_type=product&#038;p=17059"},"modified":"2026-04-01T13:30:16","modified_gmt":"2026-04-01T11:30:16","slug":"reductor-de-presiune-hc5052-3-4m","status":"publish","type":"product","link":"https:\/\/proterm.md\/ro\/product\/reductor-de-presiune-hc5052-3-4m\/","title":{"rendered":"Reductor de presiune HC5052 3\/4&#8243;M"},"content":{"rendered":"<p>Fabricat din alam\u0103 durabil\u0103, rezistent\u0103 la coroziune \u0219i rugin\u0103, ceea ce asigur\u0103 o durat\u0103 lung\u0103 de via\u021b\u0103. Filtrul \u00eencorporat din o\u021bel inoxidabil purific\u0103 eficient debitul de ap\u0103 (vitez\u0103 1-6 m\u00b3\/h). Dispozitivul este u\u0219or de instalat \u0219i este potrivit pentru ap\u0103 curat\u0103.<\/p>\n<p><strong>Domeniu de aplicare:<\/strong><br \/>\nRecomandat pentru presiune instabil\u0103 a apei, debite puternice, sisteme de purificare a apei, instala\u021bii solare, \u00eenc\u0103lzitoare de ap\u0103 instantanee pe gaz. Utilizat pe scar\u0103 larg\u0103 \u00een via\u021ba de zi cu zi, \u00een cl\u0103diri \u0219i \u00een produc\u021bie. Poate fi instalat \u00een fa\u021ba robinetului pentru protec\u021bie suplimentar\u0103.<\/p>\n<h3 data-start=\"231\" data-end=\"273\">Ce cur\u0103\u021b\u0103 un filtru de 90\u2013120 microni:<\/h3>\n<p>&nbsp;<\/p>\n<ul data-start=\"274\" data-end=\"486\">\n<li data-start=\"274\" data-end=\"335\">\n<p data-start=\"276\" data-end=\"335\"><strong data-start=\"276\" data-end=\"285\">Nisip<\/strong>\u00a0\u0219i particule mari din ap\u0103 (de la re\u021bea sau pu\u021b)<\/p>\n<\/li>\n<li data-start=\"336\" data-end=\"375\">\n<p data-start=\"338\" data-end=\"375\"><strong data-start=\"338\" data-end=\"348\">Rugin\u0103<\/strong>\u00a0desprins\u0103 din \u021bevi vechi<\/p>\n<\/li>\n<li data-start=\"376\" data-end=\"451\">\n<p data-start=\"378\" data-end=\"451\"><strong data-start=\"378\" data-end=\"398\">Resturi mecanice<\/strong>\u00a0(praf, buc\u0103\u021bele de metal, calcar cristalizat mare)<\/p>\n<\/li>\n<li data-start=\"452\" data-end=\"486\">\n<p data-start=\"454\" data-end=\"486\"><strong data-start=\"454\" data-end=\"484\">Noroi \u0219i n\u0103mol mai gros<\/strong><\/p>\n<\/li>\n<\/ul>\n<hr data-start=\"488\" data-end=\"491\" \/>\n<h3 data-start=\"493\" data-end=\"513\">Unde se folosesc<\/h3>\n<p>&nbsp;<\/p>\n<ul data-start=\"514\" data-end=\"844\">\n<li data-start=\"514\" data-end=\"613\">\n<p data-start=\"516\" data-end=\"613\">Ca\u00a0<strong data-start=\"519\" data-end=\"536\">filtru primar<\/strong>\u00a0(prefiltru) \u00eenaintea filtrelor fine (5\u201320 microni) sau a dedurizatoarelor.<\/p>\n<\/li>\n<li data-start=\"614\" data-end=\"666\">\n<p data-start=\"616\" data-end=\"666\">La\u00a0<strong data-start=\"619\" data-end=\"631\">iriga\u021bii<\/strong>\u00a0\u2013 protejeaz\u0103 duzele de picurare.<\/p>\n<\/li>\n<li data-start=\"667\" data-end=\"768\">\n<p data-start=\"669\" data-end=\"768\">\u00cen\u00a0<strong data-start=\"672\" data-end=\"702\">instala\u021bii de ap\u0103 potabil\u0103<\/strong>\u00a0\u2013 montat pe conducta principal\u0103 pentru a opri particulele mari.<\/p>\n<\/li>\n<li data-start=\"769\" data-end=\"844\">\n<p data-start=\"771\" data-end=\"844\">\u00cen\u00a0<strong data-start=\"774\" data-end=\"804\">centrale termice \/ boilere<\/strong>\u00a0\u2013 ca protec\u021bie \u00eempotriva depunerilor.<\/p>\n<\/li>\n<\/ul>\n<p><\/p>","protected":false},"excerpt":{"rendered":"<p>Presiune maxim\u0103 de intrare &#8211; 10 bar \/ 140 psi.<br \/>\nInterval de reglare &#8211; 0,5 \u00f7 6 bar.<br \/>\nDebit de ap\u0103 1-6 m\u00b3\/h<br \/>\nPrecizie de filtrare 90 p\u00e2n\u0103 la 120 microni<br \/>\nTemperatur\u0103 maxim\u0103 &#8211; 1 &#8211; 40 \u00b0C.<br \/>\nDimensiune: 3\/4&#8243;M<br \/>\nCu membrana<br \/>\nProduc\u0103tor: Tivoli.<\/p>\n<p><a href=\"https:\/\/proterm.md\/wp-content\/uploads\/2025\/08\/Reductor-presiune-Tivoli.pdf\" target=\"_blank\" rel=\"noopener\"><img decoding=\"async\" class=\"alignnone wp-image-7559\" src=\"https:\/\/proterm.md\/wp-content\/uploads\/2021\/12\/icopdf-min-250x250.png\" alt=\"\" width=\"33\" height=\"33\" srcset=\"https:\/\/proterm.md\/wp-content\/uploads\/2021\/12\/icopdf-min-250x250.png 250w, https:\/\/proterm.md\/wp-content\/uploads\/2021\/12\/icopdf-min-150x150.png 150w, https:\/\/proterm.md\/wp-content\/uploads\/2021\/12\/icopdf-min-450x450.png 450w, https:\/\/proterm.md\/wp-content\/uploads\/2021\/12\/icopdf-min-300x300.png 300w, https:\/\/proterm.md\/wp-content\/uploads\/2021\/12\/icopdf-min-500x500.png 500w, https:\/\/proterm.md\/wp-content\/uploads\/2021\/12\/icopdf-min-100x100.png 100w, https:\/\/proterm.md\/wp-content\/uploads\/2021\/12\/icopdf-min.png 512w\" sizes=\"(max-width: 33px) 100vw, 33px\" \/>Date tehnice<\/a><\/p>\n","protected":false},"featured_media":17060,"template":"","meta":{"_joinchat":[]},"product_brand":[],"product_cat":[115,71],"product_tag":[2353],"class_list":{"0":"post-17059","1":"product","2":"type-product","3":"status-publish","4":"has-post-thumbnail","6":"product_cat-reductor_presiune","7":"product_cat-robineti_racorduri","8":"product_tag-tivoli","9":"pa_brand-tivoli","10":"pa_filet-3-4","11":"pa_thread-type-outside","13":"first","14":"instock","15":"shipping-taxable","16":"product-type-simple"},"_links":{"self":[{"href":"https:\/\/proterm.md\/ro\/wp-json\/wp\/v2\/product\/17059","targetHints":{"allow":["GET"]}}],"collection":[{"href":"https:\/\/proterm.md\/ro\/wp-json\/wp\/v2\/product"}],"about":[{"href":"https:\/\/proterm.md\/ro\/wp-json\/wp\/v2\/types\/product"}],"wp:featuredmedia":[{"embeddable":true,"href":"https:\/\/proterm.md\/ro\/wp-json\/wp\/v2\/media\/17060"}],"wp:attachment":[{"href":"https:\/\/proterm.md\/ro\/wp-json\/wp\/v2\/media?parent=17059"}],"wp:term":[{"taxonomy":"product_brand","embeddable":true,"href":"https:\/\/proterm.md\/ro\/wp-json\/wp\/v2\/product_brand?post=17059"},{"taxonomy":"product_cat","embeddable":true,"href":"https:\/\/proterm.md\/ro\/wp-json\/wp\/v2\/product_cat?post=17059"},{"taxonomy":"product_tag","embeddable":true,"href":"https:\/\/proterm.md\/ro\/wp-json\/wp\/v2\/product_tag?post=17059"}],"curies":[{"name":"wp","href":"https:\/\/api.w.org\/{rel}","templated":true}]}}