{"id":17063,"date":"2025-09-12T14:54:31","date_gmt":"2025-09-12T12:54:31","guid":{"rendered":"https:\/\/proterm.md\/?post_type=product&#038;p=17063"},"modified":"2025-09-12T14:54:31","modified_gmt":"2025-09-12T12:54:31","slug":"grup-de-pompare-hc3032","status":"publish","type":"product","link":"https:\/\/proterm.md\/ro\/product\/grup-de-pompare-hc3032\/","title":{"rendered":"Grup de pompare HC3032"},"content":{"rendered":"<div class=\"wpb-content-wrapper\"><p>[vc_row][vc_column][vc_column_text text_larger=&#8221;no&#8221;]<\/p>\n<p data-start=\"256\" data-end=\"641\">Grupa de pompare prezentat\u0103 este un ansamblu complet pentru distribu\u021bia \u0219i reglarea agentului termic \u00een instala\u021biile de \u00eenc\u0103lzire. Este compus\u0103 din 5 module cu sau fara pompe de circula\u021bie, fiecare echipat cu termometre, robine\u021bi de \u00eenchidere \u0219i vane de reglaj. Ansamblul include separator hidraulic (ghdrostrelca) cu deaerator automat, manometre, termometre \u0219i colector de n\u0103mol, pentru protec\u021bia \u00eentregului sistem.<\/p>\n<p data-start=\"643\" data-end=\"852\">Aceast\u0103 solu\u021bie compact\u0103 permite conectarea mai multor circuite (de ex. \u00eenc\u0103lzire prin radiatoare, \u00eenc\u0103lzire \u00een pardoseal\u0103, boiler de ap\u0103 cald\u0103 etc.), asigur\u00e2nd control optim al temperaturii \u0219i al debitului.<\/p>\n<p data-start=\"1164\" data-end=\"1408\">&#8211;&#8211;&#8211;<\/p>\n<p data-start=\"1164\" data-end=\"1408\">Separatorul hidraulic este utilizat pentru separarea circuitului cazanului de circuitul consumatorilor \u00een instala\u021biile de \u00eenc\u0103lzire. Este un dispozitiv combinat, care \u00eenglobeaz\u0103 func\u021bia de aerisire automat\u0103 \u0219i un colector de n\u0103mol \u00eencorporat.<\/p>\n<p data-start=\"1410\" data-end=\"1737\">Principiul de func\u021bionare se bazeaz\u0103 pe reducerea vitezei agentului termic \u00een corpul l\u0103rgit al separatorului. Astfel, aerul \u0219i gazele sunt eliminate automat prin aerisitor, iar impurit\u0103\u021bile grosiere se depun \u00een colectorul de n\u0103mol, de unde pot fi \u00eendep\u0103rtate u\u0219or prin robinetul de golire \u00een timpul lucr\u0103rilor de \u00eentre\u021binere.<\/p>\n<p data-start=\"1739\" data-end=\"1776\">Avantajele separatorului hidraulic:<\/p>\n<ul data-start=\"1777\" data-end=\"1960\">\n<li data-start=\"1777\" data-end=\"1843\">\n<p data-start=\"1779\" data-end=\"1843\">separarea eficient\u0103 a circuitelor cazanului \u0219i consumatorilor;<\/p>\n<\/li>\n<li data-start=\"1844\" data-end=\"1889\">\n<p data-start=\"1846\" data-end=\"1889\">eliminarea automat\u0103 a aerului \u0219i gazelor;<\/p>\n<\/li>\n<li data-start=\"1890\" data-end=\"1960\">\n<p data-start=\"1892\" data-end=\"1960\">protec\u021bia instala\u021biei prin colectarea \u0219i eliminarea impurit\u0103\u021bilor.<\/p>\n<\/li>\n<\/ul>\n<p data-start=\"1962\" data-end=\"2064\">Se utilizeaz\u0103 \u00een sisteme de \u00eenc\u0103lzire cu agent termic lichid, at\u00e2t reziden\u021biale, c\u00e2t \u0219i industriale.<\/p>\n<p>[\/vc_column_text][\/vc_column][\/vc_row]<\/p>\n<\/div>","protected":false},"excerpt":{"rendered":"<ul>\n<li data-start=\"166\" data-end=\"284\">\n<p data-start=\"216\" data-end=\"542\"><strong data-start=\"216\" data-end=\"277\">Sistemul de modul de distribu\u021bie a echilibrului hidraulic<\/strong> este utilizat \u00een principal \u00een instala\u021biile de r\u0103cire \u0219i \u00eenc\u0103lzire cu presiune par\u021bial\u0103 stratificat\u0103 pe suprafe\u021be mari. Acesta simplific\u0103 elementele complexe din sistem (debit, temperatur\u0103 \u0219i siguran\u021b\u0103), permi\u021b\u00e2nd atingerea celor mai bune condi\u021bii de func\u021bionare.<\/p>\n<p data-start=\"544\" data-end=\"804\">Starea de echilibru asigur\u0103 func\u021bionarea sigur\u0103 \u0219i stabil\u0103 a sistemului. \u00cen acela\u0219i timp, modulul faciliteaz\u0103 gestionarea \u0219i controlul centralizat, cresc\u00e2nd eficien\u021ba managementului energetic \u0219i contribuind la protec\u021bia mediului prin economisirea resurselor.<\/p>\n<p data-start=\"806\" data-end=\"938\">Este un produs modern, ecologic, dedicat economisirii energiei \u0219i optimiz\u0103rii performan\u021bei sistemelor de climatizare \u0219i \u00eenc\u0103lzire.<\/p>\n<\/li>\n<li data-start=\"166\" data-end=\"284\">\n<p data-start=\"168\" data-end=\"284\">Sistem modular de \u00eenc\u0103lzire \u0219i distribu\u021bie a c\u0103ldurii, conceput special pentru case unifamiliale \u0219i townhouse-uri.<\/p>\n<\/li>\n<li data-start=\"285\" data-end=\"423\">\n<p data-start=\"287\" data-end=\"423\">Reduce semnificativ timpul \u0219i costurile de instalare datorit\u0103 pre-asambl\u0103rii \u0219i etan\u0219\u0103rii tuturor modulelor direct \u00een fabrica noastr\u0103.<\/p>\n<\/li>\n<li data-start=\"424\" data-end=\"478\">\n<p data-start=\"426\" data-end=\"478\">Montaj rapid pe \u0219antier, f\u0103r\u0103 lucr\u0103ri voluminoase.<\/p>\n<\/li>\n<li data-start=\"479\" data-end=\"602\">\n<p data-start=\"481\" data-end=\"602\">Construc\u021bie compact\u0103 cu izola\u021bie EPP de \u00eenalt\u0103 calitate, ce minimizeaz\u0103 pierderile de c\u0103ldur\u0103 \u0219i simplific\u0103 instalarea.<\/p>\n<\/li>\n<li data-start=\"603\" data-end=\"646\">\n<p data-start=\"605\" data-end=\"646\">Design modern \u0219i aspect estetic pl\u0103cut.<\/p>\n<\/li>\n<li data-start=\"647\" data-end=\"759\">\n<p data-start=\"649\" data-end=\"759\">Posibilit\u0103\u021bi extinse de aplicare prin conectarea blocurilor modulare \u0219i configurarea flexibil\u0103 a sistemului.<\/p>\n<\/li>\n<li data-start=\"760\" data-end=\"946\">\n<p data-start=\"762\" data-end=\"946\">Potrivit pentru sisteme de \u00eenc\u0103lzire de putere medie \u0219i redus\u0103: \u00eenc\u0103lzire prin radiatoare, \u00eenc\u0103lzire cu suprafa\u021b\u0103 la temperatur\u0103 joas\u0103, solu\u021bii anti-condens \u0219i separarea circuitelor.<\/p>\n<\/li>\n<li data-start=\"947\" data-end=\"1035\">\n<p data-start=\"949\" data-end=\"1035\">Proiectat conform conceptelor germane avansate de design al sistemelor de \u00eenc\u0103lzire.<\/p>\n<\/li>\n<li data-start=\"1036\" data-end=\"1171\">\n<p data-start=\"1038\" data-end=\"1171\">Asigur\u0103 o distribu\u021bie mai uniform\u0103 a c\u0103ldurii, stratificare \u0219i zonare u\u0219oar\u0103, \u00een special pentru sistemele de \u00eenc\u0103lzire ale vilelor.<\/p>\n<\/li>\n<li data-start=\"1172\" data-end=\"1224\">\n<p data-start=\"1174\" data-end=\"1224\">Economie de energie \u0219i \u00eentre\u021binere simplificat\u0103.<\/p>\n<\/li>\n<\/ul>\n","protected":false},"featured_media":17176,"template":"","meta":{"_joinchat":[]},"product_brand":[],"product_cat":[2319],"product_tag":[2353],"class_list":{"0":"post-17063","1":"product","2":"type-product","3":"status-publish","4":"has-post-thumbnail","6":"product_cat-cazangerii","7":"product_tag-tivoli","8":"pa_brand-tivoli","10":"first","11":"instock","12":"shipping-taxable","13":"product-type-simple"},"_links":{"self":[{"href":"https:\/\/proterm.md\/ro\/wp-json\/wp\/v2\/product\/17063","targetHints":{"allow":["GET"]}}],"collection":[{"href":"https:\/\/proterm.md\/ro\/wp-json\/wp\/v2\/product"}],"about":[{"href":"https:\/\/proterm.md\/ro\/wp-json\/wp\/v2\/types\/product"}],"wp:featuredmedia":[{"embeddable":true,"href":"https:\/\/proterm.md\/ro\/wp-json\/wp\/v2\/media\/17176"}],"wp:attachment":[{"href":"https:\/\/proterm.md\/ro\/wp-json\/wp\/v2\/media?parent=17063"}],"wp:term":[{"taxonomy":"product_brand","embeddable":true,"href":"https:\/\/proterm.md\/ro\/wp-json\/wp\/v2\/product_brand?post=17063"},{"taxonomy":"product_cat","embeddable":true,"href":"https:\/\/proterm.md\/ro\/wp-json\/wp\/v2\/product_cat?post=17063"},{"taxonomy":"product_tag","embeddable":true,"href":"https:\/\/proterm.md\/ro\/wp-json\/wp\/v2\/product_tag?post=17063"}],"curies":[{"name":"wp","href":"https:\/\/api.w.org\/{rel}","templated":true}]}}