{"id":17072,"date":"2025-12-01T10:58:02","date_gmt":"2025-12-01T08:58:02","guid":{"rendered":"https:\/\/proterm.md\/?post_type=product&#038;p=17072"},"modified":"2026-01-01T10:07:44","modified_gmt":"2026-01-01T08:07:44","slug":"vana-termostatica-1m-hc-5061","status":"publish","type":"product","link":"https:\/\/proterm.md\/ro\/product\/vana-termostatica-1m-hc-5061\/","title":{"rendered":"Vana termostatica HC-5061"},"content":{"rendered":"<p><\/p>\n<p data-start=\"149\" data-end=\"431\"><strong data-start=\"149\" data-end=\"171\">Valva termostatic\u0103<\/strong> este un element esen\u021bial \u00een instala\u021biile de \u00eenc\u0103lzire, utilizat\u0103 pentru reglarea automat\u0103 a debitului de agent termic \u00een func\u021bie de temperatura setat\u0103. Prin ajustarea precis\u0103 a fluxului de ap\u0103 cald\u0103, asigur\u0103 un confort termic optim \u0219i economisirea energiei.<\/p>\n<p data-start=\"433\" data-end=\"451\"><strong data-start=\"436\" data-end=\"449\">Avantaje:<\/strong><\/p>\n<ul data-start=\"452\" data-end=\"688\">\n<li data-start=\"452\" data-end=\"526\">\n<p data-start=\"454\" data-end=\"526\">men\u021bine temperatura constant\u0103 \u00een radiatoare sau circuite de \u00eenc\u0103lzire;<\/p>\n<\/li>\n<li data-start=\"527\" data-end=\"558\">\n<p data-start=\"529\" data-end=\"558\">reduce consumul de energie;<\/p>\n<\/li>\n<li data-start=\"559\" data-end=\"611\">\n<p data-start=\"561\" data-end=\"611\">protejeaz\u0103 instala\u021bia \u00eempotriva supra\u00eenc\u0103lzirii;<\/p>\n<\/li>\n<li data-start=\"612\" data-end=\"688\">\n<p data-start=\"614\" data-end=\"688\">compatibil\u0103 cu majoritatea corpurilor de \u00eenc\u0103lzire \u0219i distribuitoarelor.<\/p>\n<\/li>\n<\/ul>\n<p><\/p>","protected":false},"excerpt":{"rendered":"<p>Diametru &#8211; 1&#8243; masculin<br \/>\nRegim de reglare\u00a0 35 &#8211; 60\u00b0C<br \/>\nKVS &#8211; 2.5m\u00b3\/h<\/p>\n","protected":false},"featured_media":17073,"template":"","meta":{"_joinchat":[]},"product_brand":[],"product_cat":[42],"product_tag":[2353],"class_list":{"0":"post-17072","1":"product","2":"type-product","3":"status-publish","4":"has-post-thumbnail","6":"product_cat-automatizari_elemente_de_actionare","7":"product_tag-tivoli","8":"pa_brand-tivoli","10":"first","11":"instock","12":"shipping-taxable","13":"product-type-simple"},"_links":{"self":[{"href":"https:\/\/proterm.md\/ro\/wp-json\/wp\/v2\/product\/17072","targetHints":{"allow":["GET"]}}],"collection":[{"href":"https:\/\/proterm.md\/ro\/wp-json\/wp\/v2\/product"}],"about":[{"href":"https:\/\/proterm.md\/ro\/wp-json\/wp\/v2\/types\/product"}],"wp:featuredmedia":[{"embeddable":true,"href":"https:\/\/proterm.md\/ro\/wp-json\/wp\/v2\/media\/17073"}],"wp:attachment":[{"href":"https:\/\/proterm.md\/ro\/wp-json\/wp\/v2\/media?parent=17072"}],"wp:term":[{"taxonomy":"product_brand","embeddable":true,"href":"https:\/\/proterm.md\/ro\/wp-json\/wp\/v2\/product_brand?post=17072"},{"taxonomy":"product_cat","embeddable":true,"href":"https:\/\/proterm.md\/ro\/wp-json\/wp\/v2\/product_cat?post=17072"},{"taxonomy":"product_tag","embeddable":true,"href":"https:\/\/proterm.md\/ro\/wp-json\/wp\/v2\/product_tag?post=17072"}],"curies":[{"name":"wp","href":"https:\/\/api.w.org\/{rel}","templated":true}]}}