{"id":17075,"date":"2025-08-29T07:55:51","date_gmt":"2025-08-29T05:55:51","guid":{"rendered":"https:\/\/proterm.md\/?post_type=product&#038;p=17075"},"modified":"2025-08-29T08:40:25","modified_gmt":"2025-08-29T06:40:25","slug":"colector-hidraulic-otel-hc-8020-2","status":"publish","type":"product","link":"https:\/\/proterm.md\/ro\/product\/colector-hidraulic-otel-hc-8020-2\/","title":{"rendered":"Colector hidraulic otel HC-8020-2"},"content":{"rendered":"<p>Avantaje:<br \/>\nDesign robust \u0219i durabil<br \/>\nDistribu\u021bie \u0219i echilibrare eficient\u0103 a agentului termic<br \/>\nEficien\u021b\u0103 energetic\u0103 maxim\u0103 datorit\u0103 izola\u021biei termice<br \/>\nDesign compact \u2013 instalare \u0219i \u00eentre\u021binere u\u0219oar\u0103<\/p>","protected":false},"excerpt":{"rendered":"<p>Conexiune \u2013 1\u20331\/2<br \/>\nIzola\u021bie \u2013 Da<br \/>\nTemperatura agentului termic: p\u00e2n\u0103 la 100\u2013110 \u00b0C<br \/>\nColector hidraulic (separator), o\u021bel, cu 8 ie\u0219iri<br \/>\nMaterial: o\u021bel (carbon \/ inoxidabil \/ vopsit)<br \/>\nNum\u0103r de circuite: 2<br \/>\nDistan\u021b\u0103 central\u0103: 125 mm<br \/>\nParametri de func\u021bionare:<br \/>\nPresiune: p\u00e2n\u0103 la 6 bar<br \/>\nModel \u2013 HC-8020-2<br \/>\nAvantaje:<br \/>\nDesign robust \u0219i durabil<br \/>\nDistribu\u021bie \u0219i echilibrare eficient\u0103 a agentului termic<br \/>\nEficien\u021b\u0103 energetic\u0103 maxim\u0103 datorit\u0103 izola\u021biei termice<br \/>\nDesign compact \u2013 instalare \u0219i \u00eentre\u021binere u\u0219oar\u0103<\/p>\n","protected":false},"featured_media":17077,"template":"","meta":{"_joinchat":[]},"product_brand":[],"product_cat":[2319],"product_tag":[2353],"class_list":{"0":"post-17075","1":"product","2":"type-product","3":"status-publish","4":"has-post-thumbnail","6":"product_cat-cazangerii","7":"product_tag-tivoli","8":"pa_brand-tivoli","9":"pa_filet-11-2","10":"pa_heating-type-for-water-supply","11":"pa_heating-type-for-pumping-groups","12":"pa_heating-type-heating","13":"pa_heating-type-for-underfloor-heating","15":"first","16":"instock","17":"shipping-taxable","18":"product-type-simple"},"_links":{"self":[{"href":"https:\/\/proterm.md\/ro\/wp-json\/wp\/v2\/product\/17075","targetHints":{"allow":["GET"]}}],"collection":[{"href":"https:\/\/proterm.md\/ro\/wp-json\/wp\/v2\/product"}],"about":[{"href":"https:\/\/proterm.md\/ro\/wp-json\/wp\/v2\/types\/product"}],"wp:featuredmedia":[{"embeddable":true,"href":"https:\/\/proterm.md\/ro\/wp-json\/wp\/v2\/media\/17077"}],"wp:attachment":[{"href":"https:\/\/proterm.md\/ro\/wp-json\/wp\/v2\/media?parent=17075"}],"wp:term":[{"taxonomy":"product_brand","embeddable":true,"href":"https:\/\/proterm.md\/ro\/wp-json\/wp\/v2\/product_brand?post=17075"},{"taxonomy":"product_cat","embeddable":true,"href":"https:\/\/proterm.md\/ro\/wp-json\/wp\/v2\/product_cat?post=17075"},{"taxonomy":"product_tag","embeddable":true,"href":"https:\/\/proterm.md\/ro\/wp-json\/wp\/v2\/product_tag?post=17075"}],"curies":[{"name":"wp","href":"https:\/\/api.w.org\/{rel}","templated":true}]}}